{"id":165021,"date":"2025-12-19T15:08:24","date_gmt":"2025-12-19T12:08:24","guid":{"rendered":"https:\/\/baldumarket.lt\/product\/novado-9-witryna-2-drzwiowa-biel-alpejska\/"},"modified":"2026-04-12T16:35:08","modified_gmt":"2026-04-12T13:35:08","slug":"novado-9-witryna-2-drzwiowa-biel-alpejska","status":"publish","type":"product","link":"https:\/\/baldumarket.lt\/lt\/product\/novado-9-witryna-2-drzwiowa-biel-alpejska\/","title":{"rendered":"NOVADO-9 \u2013 2 dur\u0173 vitrina, Alpi\u0173 balta"},"content":{"rendered":"<p>NOVADO-9 vitrina \u2013 tai unikalus baldas, savo elegancija ir moderniu dizainu suteikiantis gaivumo bet kokiam interjerui. Apdaila gra\u017eia Alpi\u0173 balta spalva yra ne tik estetinis papildymas, bet ir funkcionalus baldas, i\u0161ry\u0161kinsiantis brangiausius j\u016bs\u0173 turtus. \u0160varios linijos ir minimalistinis stilius daro spintel\u0119 puikiai tinkan\u010di\u0105 \u012fvairiems interjerams \u2013 nuo klasikinio iki modernaus.<\/p>\n<p>Spintel\u0117 su stikliniu priekiu ir keturiomis stiklin\u0117mis lentynomis suteikia lengvumo poj\u016bt\u012f ir galimyb\u0119 eksponuoti m\u0117gstamus dekoratyvinius daiktus, tokius kaip knygos, porceliano servizai ar unikal\u016bs suvenyrai. Kiekviena detal\u0117, pavyzd\u017eiui, u\u017eapvalinti kra\u0161tai ir stilingos metalin\u0117s rankenos, atspindi \u0161\u012f modern\u0173 po\u017ei\u016br\u012f \u012f dizain\u0105. J\u0173 d\u0117ka spintel\u0117 tampa ne tik baldu, bet ir meno k\u016briniu j\u016bs\u0173 namuose.<\/p>\n<p>Ovalios plienin\u0117s spintel\u0117s kojel\u0117s suteikia spintelei stabilumo ir i\u0161skirtin\u0117s i\u0161vaizdos, kartu suteikdamos baldui subtilumo. NOVADO-9 vitrina \u2013 puikus sprendimas ie\u0161kantiems ne tik prakti\u0161ko baldo, bet ir dekoratyvinio akcento, kuris pritraukt\u0173 d\u0117mes\u012f ir d\u017eiugint\u0173 ak\u012f. Ji puikiai tiks tiek \u012fmantriai suprojektuotoje svetain\u0117je, tiek eleganti\u0161kame valgomajame, sukurdama maloni\u0105 atmosfer\u0105 bet kuriame kambaryje.<\/p>\n<p>Tegul NOVADO-9 vitrina tampa j\u016bs\u0173 interjero \u0161irdimi, harmoningai derinan\u010dia funkcionalum\u0105 ir estetik\u0105. Klasikinis dizainas ir universali spalva puikiai dera prie bet kokio stiliaus ir kartu pabr\u0117\u017eia j\u016bs\u0173, kaip \u0161eimininko, asmenyb\u0119. Investuokite \u012f bald\u0105, kuris ne tik papuo\u0161, bet ir palengvins erdv\u0117s organizavim\u0105, paversdamas kiekvien\u0105 dien\u0105 estetiniu malonumu.<\/p>","protected":false},"excerpt":{"rendered":"<p>Plotis (cm): 98,3<br \/>\n\u016agis (cm): 155<br \/>\nGylis (cm): 54,5<\/p>","protected":false},"featured_media":165022,"comment_status":"open","ping_status":"open","template":"","meta":[],"product_brand":[],"product_cat":[9514,4108,2006],"product_tag":[],"class_list":{"0":"post-165021","1":"product","2":"type-product","3":"status-publish","4":"has-post-thumbnail","6":"product_cat-furniture-system-novado-jarstol-meble","7":"product_cat-jarstol","8":"product_cat-vitrines","10":"first","11":"instock","12":"purchasable","13":"product-type-simple"},"_links":{"self":[{"href":"https:\/\/baldumarket.lt\/lt\/wp-json\/wp\/v2\/product\/165021","targetHints":{"allow":["GET"]}}],"collection":[{"href":"https:\/\/baldumarket.lt\/lt\/wp-json\/wp\/v2\/product"}],"about":[{"href":"https:\/\/baldumarket.lt\/lt\/wp-json\/wp\/v2\/types\/product"}],"replies":[{"embeddable":true,"href":"https:\/\/baldumarket.lt\/lt\/wp-json\/wp\/v2\/comments?post=165021"}],"wp:featuredmedia":[{"embeddable":true,"href":"https:\/\/baldumarket.lt\/lt\/wp-json\/wp\/v2\/media\/165022"}],"wp:attachment":[{"href":"https:\/\/baldumarket.lt\/lt\/wp-json\/wp\/v2\/media?parent=165021"}],"wp:term":[{"taxonomy":"product_brand","embeddable":true,"href":"https:\/\/baldumarket.lt\/lt\/wp-json\/wp\/v2\/product_brand?post=165021"},{"taxonomy":"product_cat","embeddable":true,"href":"https:\/\/baldumarket.lt\/lt\/wp-json\/wp\/v2\/product_cat?post=165021"},{"taxonomy":"product_tag","embeddable":true,"href":"https:\/\/baldumarket.lt\/lt\/wp-json\/wp\/v2\/product_tag?post=165021"}],"curies":[{"name":"wp","href":"https:\/\/api.w.org\/{rel}","templated":true}]}}