{"id":165016,"date":"2025-12-19T15:08:15","date_gmt":"2025-12-19T12:08:15","guid":{"rendered":"https:\/\/baldumarket.lt\/product\/novado-10-lawa-stolik-kawowy-biel-alpejska\/"},"modified":"2026-04-12T16:35:08","modified_gmt":"2026-04-12T13:35:08","slug":"novado-10-lawa-stolik-kawowy-biel-alpejska","status":"publish","type":"product","link":"https:\/\/baldumarket.lt\/lt\/product\/novado-10-lawa-stolik-kawowy-biel-alpejska\/","title":{"rendered":"NOVADO-10 \u2013 Alpi\u0173 baltumo kavos staliukas"},"content":{"rendered":"<p>NOVADO-10 \u2013 tai ne tik kavos staliukas; tai tikras dizaino elementas, kuris j\u016bs\u0173 svetainei suteiks modernumo ir elegancijos. Pagamintas i\u0161 auk\u0161tos kokyb\u0117s laminuotos plok\u0161t\u0117s Alpi\u0173 baltumo spalvos, jis puikiai dera su \u0161iuolaikin\u0117mis tendencijomis. Minimalistinis dizainas su u\u017eapvalintais kra\u0161tais ir lieknomis, ovaliomis juodomis kojel\u0117mis suteikia lengvumo ir subtilumo. Tai pavers NOVADO-10 kavos staliuk\u0105 j\u016bs\u0173 interjero traukos centru, pritraukian\u010diu kiekvieno sve\u010dio d\u0117mes\u012f. Svajojate apie bald\u0105, kuris ne tik papuo\u0161t\u0173 j\u016bs\u0173 svetain\u0119, bet ir atlikt\u0173 daug praktini\u0173 funkcij\u0173? NOVADO-10 kavos staliukas buvo sukurtas atsi\u017evelgiant \u012f j\u016bs\u0173 poreikius. Dvi erdvios ni\u0161os, esan\u010dios prie\u0161ingose pus\u0117se, si\u016blo puiki\u0105 viet\u0105 smulkiems daiktams, pavyzd\u017eiui, nuotolinio valdymo pultams, knygoms ar laikra\u0161\u010diams, laikyti. Tai leis lengvai palaikyti tvark\u0105 j\u016bs\u0173 svetain\u0117je, m\u0117gaujantis baldo estetika ir funkcionalumu. Tams\u016bs akcentai kojeli\u0173 ir ranken\u0173 pavidalu kartu su baltu pavir\u0161iumi daro NOVADO-10 puikiai tinkant\u012f \u012fvairiems interjero stiliams. Nesvarbu, ar j\u016bs\u0173 interjeras skandinavi\u0161kas, modernus, ar minimalistinis, \u0161is staliukas bus puikus papildymas. Suteikite savo namams harmonijos ir elegancijos su gra\u017eiu ir prakti\u0161ku baldu.<\/p>","protected":false},"excerpt":{"rendered":"<p>Plotis (cm): 92<br \/>\n\u016agis (cm): 40<br \/>\nGylis (cm): 40,5<\/p>","protected":false},"featured_media":165017,"comment_status":"open","ping_status":"open","template":"","meta":[],"product_brand":[],"product_cat":[9514,866,4108],"product_tag":[],"class_list":{"0":"post-165016","1":"product","2":"type-product","3":"status-publish","4":"has-post-thumbnail","6":"product_cat-furniture-system-novado-jarstol-meble","7":"product_cat-coffee-tables","8":"product_cat-jarstol","10":"first","11":"instock","12":"purchasable","13":"product-type-simple"},"_links":{"self":[{"href":"https:\/\/baldumarket.lt\/lt\/wp-json\/wp\/v2\/product\/165016","targetHints":{"allow":["GET"]}}],"collection":[{"href":"https:\/\/baldumarket.lt\/lt\/wp-json\/wp\/v2\/product"}],"about":[{"href":"https:\/\/baldumarket.lt\/lt\/wp-json\/wp\/v2\/types\/product"}],"replies":[{"embeddable":true,"href":"https:\/\/baldumarket.lt\/lt\/wp-json\/wp\/v2\/comments?post=165016"}],"wp:featuredmedia":[{"embeddable":true,"href":"https:\/\/baldumarket.lt\/lt\/wp-json\/wp\/v2\/media\/165017"}],"wp:attachment":[{"href":"https:\/\/baldumarket.lt\/lt\/wp-json\/wp\/v2\/media?parent=165016"}],"wp:term":[{"taxonomy":"product_brand","embeddable":true,"href":"https:\/\/baldumarket.lt\/lt\/wp-json\/wp\/v2\/product_brand?post=165016"},{"taxonomy":"product_cat","embeddable":true,"href":"https:\/\/baldumarket.lt\/lt\/wp-json\/wp\/v2\/product_cat?post=165016"},{"taxonomy":"product_tag","embeddable":true,"href":"https:\/\/baldumarket.lt\/lt\/wp-json\/wp\/v2\/product_tag?post=165016"}],"curies":[{"name":"wp","href":"https:\/\/api.w.org\/{rel}","templated":true}]}}