{"id":165008,"date":"2025-12-19T15:07:57","date_gmt":"2025-12-19T12:07:57","guid":{"rendered":"https:\/\/baldumarket.lt\/product\/novado-1-komoda-2d3s-clay-gray\/"},"modified":"2026-04-12T16:35:08","modified_gmt":"2026-04-12T13:35:08","slug":"novado-1-komoda-2d3s-clay-gray","status":"publish","type":"product","link":"https:\/\/baldumarket.lt\/lt\/product\/novado-1-komoda-2d3s-clay-gray\/","title":{"rendered":"NOVADO-1 \u2013 2D3S pilkos spalvos komoda"},"content":{"rendered":"<p>Pilkos spalvos NOVADO-1 komoda \u2013 tai harmoningas modernumo ir klasikin\u0117s elegancijos derinys, papildantis bet kok\u012f interjer\u0105. Minimalistinis dizainas ir prislopintos spalvos puikiai tinka tiek svetainei, tiek miegamajam. Pagaminta i\u0161 auk\u0161tos kokyb\u0117s med\u017eiag\u0173, ji ne tik vizualiai stulbinanti, bet ir patvari, u\u017etikrinanti ilgaam\u017ei\u0161kum\u0105. I\u0161siskirianti simetri\u0161ku dizainu, komoda turi tris erdvius stal\u010dius centre ir dvi stilingas spinteles su lentynomis \u0161onuose, kuriose yra daug vietos visiems j\u016bs\u0173 daiktams susid\u0117ti. Ji idealiai tinka tiek dokumentams, tiek kasdieniams aksesuarams laikyti, o tai \u017eymiai pagerina nam\u0173 tvark\u0105. Komodos konstrukcija paremta tvirta laminuota plok\u0161te, u\u017etikrinan\u010dia stabilum\u0105 ir lengv\u0105 valym\u0105. Be to, \u0161velniai u\u017esidarantys vyriai ir rutuliniai guoliai u\u017etikrina komfort\u0105, pa\u0161alindami triuk\u0161m\u0105 u\u017edarant. \u0160is sprendimas pavers komodos naudojim\u0105 maloniu bet kuriuo metu.<\/p>","protected":false},"excerpt":{"rendered":"<p>Plotis (cm): 137,2<br \/>\n\u016agis (cm): 91<br \/>\nGylis (cm): 67<\/p>","protected":false},"featured_media":165009,"comment_status":"open","ping_status":"open","template":"","meta":[],"product_brand":[],"product_cat":[9514,1173,4108],"product_tag":[],"class_list":{"0":"post-165008","1":"product","2":"type-product","3":"status-publish","4":"has-post-thumbnail","6":"product_cat-furniture-system-novado-jarstol-meble","7":"product_cat-chests-of-drawers","8":"product_cat-jarstol","10":"first","11":"instock","12":"purchasable","13":"product-type-simple"},"_links":{"self":[{"href":"https:\/\/baldumarket.lt\/lt\/wp-json\/wp\/v2\/product\/165008","targetHints":{"allow":["GET"]}}],"collection":[{"href":"https:\/\/baldumarket.lt\/lt\/wp-json\/wp\/v2\/product"}],"about":[{"href":"https:\/\/baldumarket.lt\/lt\/wp-json\/wp\/v2\/types\/product"}],"replies":[{"embeddable":true,"href":"https:\/\/baldumarket.lt\/lt\/wp-json\/wp\/v2\/comments?post=165008"}],"wp:featuredmedia":[{"embeddable":true,"href":"https:\/\/baldumarket.lt\/lt\/wp-json\/wp\/v2\/media\/165009"}],"wp:attachment":[{"href":"https:\/\/baldumarket.lt\/lt\/wp-json\/wp\/v2\/media?parent=165008"}],"wp:term":[{"taxonomy":"product_brand","embeddable":true,"href":"https:\/\/baldumarket.lt\/lt\/wp-json\/wp\/v2\/product_brand?post=165008"},{"taxonomy":"product_cat","embeddable":true,"href":"https:\/\/baldumarket.lt\/lt\/wp-json\/wp\/v2\/product_cat?post=165008"},{"taxonomy":"product_tag","embeddable":true,"href":"https:\/\/baldumarket.lt\/lt\/wp-json\/wp\/v2\/product_tag?post=165008"}],"curies":[{"name":"wp","href":"https:\/\/api.w.org\/{rel}","templated":true}]}}