{"id":165003,"date":"2025-12-19T15:07:47","date_gmt":"2025-12-19T12:07:47","guid":{"rendered":"https:\/\/baldumarket.lt\/product\/novado-2-komoda-4-drzwiowa-biel-alpejska\/"},"modified":"2026-04-12T16:35:08","modified_gmt":"2026-04-12T13:35:08","slug":"novado-2-komoda-4-drzwiowa-biel-alpejska","status":"publish","type":"product","link":"https:\/\/baldumarket.lt\/lt\/product\/novado-2-komoda-4-drzwiowa-biel-alpejska\/","title":{"rendered":"NOVADO-2 \u2013 4 dur\u0173 komoda, Alpi\u0173 balta"},"content":{"rendered":"<p>Pristatome eleganti\u0161kos Alpi\u0173 baltos spalvos NOVADO-2 komod\u0105 \u2013 ji neabejotinai taps j\u016bs\u0173 interjero traukos centru. Jos modernus dizainas puikiai atitinka dabartines tendencijas, derindamas minimalistin\u0119 estetik\u0105 su maksimaliu funkcionalumu. Subtilios spalvos ir paprastos linijos suteikia j\u016bs\u0173 kambariui gaivumo ir erdvumo poj\u016bt\u012f, puikiai der\u0117damos prie \u012fvairi\u0173 interjero stili\u0173. Komodoje yra keturi erdv\u016bs stal\u010diai, puikiai tinkantys ne tik stalo \u012frankiams, bet ir drabu\u017eiams, tekstilei bei dokumentams laikyti. Suteikdama vietos viskam, ko jums reikia, ji leid\u017eia paprastai ir maloniai sutvarkyti erdv\u0119. Nesvarbu, ar pasirinksite j\u0105 svetain\u0117je, miegamajame, ar prie\u0161kambaryje, ji tikrai suteiks komforto ir supaprastins kasdienes u\u017eduotis. Kruop\u0161\u010diai parinktos detal\u0117s, tokios kaip juodos kojel\u0117s ir rankenos, suteikia visai konstrukcijai unikalaus charakterio ir elegancijos. Pagaminta i\u0161 auk\u0161tos kokyb\u0117s med\u017eiag\u0173, toki\u0173 kaip MDF ir laminuota plok\u0161t\u0117, komoda yra ne tik esteti\u0161kai patraukli, bet ir patvari bei lengvai pri\u017ei\u016brima. D\u0117l \u0161velniai u\u017esidaran\u010di\u0173 vyri\u0173, naudotis komoda kaskart yra vienas malonumas.<\/p>","protected":false},"excerpt":{"rendered":"<p>Plotis (cm): 176,5<br \/>\n\u016agis (cm): 91<br \/>\nGylis (cm): 40,5<\/p>","protected":false},"featured_media":165004,"comment_status":"open","ping_status":"open","template":"","meta":[],"product_brand":[],"product_cat":[9514,1173,4108],"product_tag":[],"class_list":{"0":"post-165003","1":"product","2":"type-product","3":"status-publish","4":"has-post-thumbnail","6":"product_cat-furniture-system-novado-jarstol-meble","7":"product_cat-chests-of-drawers","8":"product_cat-jarstol","10":"first","11":"instock","12":"purchasable","13":"product-type-simple"},"_links":{"self":[{"href":"https:\/\/baldumarket.lt\/lt\/wp-json\/wp\/v2\/product\/165003","targetHints":{"allow":["GET"]}}],"collection":[{"href":"https:\/\/baldumarket.lt\/lt\/wp-json\/wp\/v2\/product"}],"about":[{"href":"https:\/\/baldumarket.lt\/lt\/wp-json\/wp\/v2\/types\/product"}],"replies":[{"embeddable":true,"href":"https:\/\/baldumarket.lt\/lt\/wp-json\/wp\/v2\/comments?post=165003"}],"wp:featuredmedia":[{"embeddable":true,"href":"https:\/\/baldumarket.lt\/lt\/wp-json\/wp\/v2\/media\/165004"}],"wp:attachment":[{"href":"https:\/\/baldumarket.lt\/lt\/wp-json\/wp\/v2\/media?parent=165003"}],"wp:term":[{"taxonomy":"product_brand","embeddable":true,"href":"https:\/\/baldumarket.lt\/lt\/wp-json\/wp\/v2\/product_brand?post=165003"},{"taxonomy":"product_cat","embeddable":true,"href":"https:\/\/baldumarket.lt\/lt\/wp-json\/wp\/v2\/product_cat?post=165003"},{"taxonomy":"product_tag","embeddable":true,"href":"https:\/\/baldumarket.lt\/lt\/wp-json\/wp\/v2\/product_tag?post=165003"}],"curies":[{"name":"wp","href":"https:\/\/api.w.org\/{rel}","templated":true}]}}