{"id":164999,"date":"2025-12-19T15:07:40","date_gmt":"2025-12-19T12:07:40","guid":{"rendered":"https:\/\/baldumarket.lt\/product\/novado-3-komoda-1d3s-biel-alpejska\/"},"modified":"2026-04-12T16:34:59","modified_gmt":"2026-04-12T13:34:59","slug":"novado-3-komoda-1d3s-biel-alpejska","status":"publish","type":"product","link":"https:\/\/baldumarket.lt\/lt\/product\/novado-3-komoda-1d3s-biel-alpejska\/","title":{"rendered":"NOVADO-3 \u2013 Komoda 1D3S Alpi\u0173 balta"},"content":{"rendered":"<p>Komoda NOVADO-3 \u2013 tai tobulas elegancijos ir funkcionalumo derinys, kuris pakeis j\u016bs\u0173 interjero dizain\u0105. Minimalistinis dizainas, pasi\u017eymintis nuostabiu Alpi\u0173 baltumo atspalviu, puikiai dera su \u0161iuolaikin\u0117mis tendencijomis, sukurdamas harmoning\u0105 erdv\u0119 svetain\u0117je, miegamajame ir prie\u0161kambaryje. Kompakti\u0161ki matmenys, siekiantys 111 cm plo\u010dio, leid\u017eia lengvai rasti viet\u0105 bet kuriame kambaryje.<\/p>\n<p>\u0160io baldo funkcionalumas yra negin\u010dijamas jo privalumas. Komoda turi tris erdvius stal\u010dius ir rakinam\u0105 spintel\u0119 su prakti\u0161ka lentyna, tod\u0117l gal\u0117site susitvarkyti visk\u0105, ko jums reikia. \u012evairi\u0173 daikt\u0173 laikymas dar niekada nebuvo toks paprastas ir stilingas. D\u0117l kruop\u0161\u010diai suplanuotos erdv\u0117s galite lengvai laikyti visk\u0105 \u2013 nuo dokument\u0173 iki kasdieni\u0173 daikt\u0173.<\/p>\n<p>NOVADO-3 \u2013 tai ne tik prakti\u0161kumas, bet ir estetika. Frezuoti fasadai i\u0161 auk\u0161tos kokyb\u0117s MDF, u\u017eapvalinti stalvir\u0161iai ir eleganti\u0161kos juodo metalo kojel\u0117s bei rankenos suteikia komodai unikal\u0173 charakter\u012f, kuris traukia ak\u012f ir papildo bet kok\u012f interjer\u0105. \u0160is baldas neabejotinai taps i\u0161skirtine j\u016bs\u0173 nam\u0173 puo\u0161mena.<\/p>\n<p>Papildomas \u0161ios komodos privalumas \u2013 \u0161velnaus u\u017edarymo sistema, leid\u017eianti patogiai naudotis komoda be jokio nemalonaus triuk\u0161mo. Tai rei\u0161kia, kad kiekvienas gali su malonumu atidaryti arba u\u017edaryti stal\u010di\u0173, taip padidindamas kasdienio gyvenimo komfort\u0105. Rinkit\u0117s NOVADO-3 ir m\u0117gaukit\u0117s baldu, kuris ne tik atlieka savo paskirt\u012f, bet ir suteikia j\u016bs\u0173 namams modernumo.<\/p>\n<p>Leiskite NOVADO-3 komodai tapti j\u016bs\u0173 erdv\u0117s dalimi, derinan\u010dia stili\u0173 ir prakti\u0161kum\u0105. Atraskite, kaip lengvai galite pakeisti savo interjer\u0105, pasirinkdami baldus, kurie pabr\u0117\u017eia j\u016bs\u0173 unikal\u0173 skon\u012f ir \u012fne\u0161a harmonijos \u012f kasdienyb\u0119.<\/p>","protected":false},"excerpt":{"rendered":"<p>Plotis (cm): 111<br \/>\n\u016agis (cm): 91<br \/>\nGylis (cm): 40,5<\/p>","protected":false},"featured_media":165000,"comment_status":"open","ping_status":"open","template":"","meta":[],"product_brand":[],"product_cat":[9514,1173,4108],"product_tag":[],"class_list":{"0":"post-164999","1":"product","2":"type-product","3":"status-publish","4":"has-post-thumbnail","6":"product_cat-furniture-system-novado-jarstol-meble","7":"product_cat-chests-of-drawers","8":"product_cat-jarstol","10":"first","11":"instock","12":"purchasable","13":"product-type-simple"},"_links":{"self":[{"href":"https:\/\/baldumarket.lt\/lt\/wp-json\/wp\/v2\/product\/164999","targetHints":{"allow":["GET"]}}],"collection":[{"href":"https:\/\/baldumarket.lt\/lt\/wp-json\/wp\/v2\/product"}],"about":[{"href":"https:\/\/baldumarket.lt\/lt\/wp-json\/wp\/v2\/types\/product"}],"replies":[{"embeddable":true,"href":"https:\/\/baldumarket.lt\/lt\/wp-json\/wp\/v2\/comments?post=164999"}],"wp:featuredmedia":[{"embeddable":true,"href":"https:\/\/baldumarket.lt\/lt\/wp-json\/wp\/v2\/media\/165000"}],"wp:attachment":[{"href":"https:\/\/baldumarket.lt\/lt\/wp-json\/wp\/v2\/media?parent=164999"}],"wp:term":[{"taxonomy":"product_brand","embeddable":true,"href":"https:\/\/baldumarket.lt\/lt\/wp-json\/wp\/v2\/product_brand?post=164999"},{"taxonomy":"product_cat","embeddable":true,"href":"https:\/\/baldumarket.lt\/lt\/wp-json\/wp\/v2\/product_cat?post=164999"},{"taxonomy":"product_tag","embeddable":true,"href":"https:\/\/baldumarket.lt\/lt\/wp-json\/wp\/v2\/product_tag?post=164999"}],"curies":[{"name":"wp","href":"https:\/\/api.w.org\/{rel}","templated":true}]}}