{"id":164991,"date":"2025-12-19T15:07:25","date_gmt":"2025-12-19T12:07:25","guid":{"rendered":"https:\/\/baldumarket.lt\/product\/novado-4-witryna-1-drzwiowa-clay-gray\/"},"modified":"2026-04-12T16:34:59","modified_gmt":"2026-04-12T13:34:59","slug":"novado-4-witryna-1-drzwiowa-clay-gray","status":"publish","type":"product","link":"https:\/\/baldumarket.lt\/lt\/product\/novado-4-witryna-1-drzwiowa-clay-gray\/","title":{"rendered":"NOVADO-4 \u2013 1 dur\u0173 vitrina, pilkos spalvos"},"content":{"rendered":"<p>\u201eJarstol\u201c NOVADO-4 vitrina \u2013 stiliaus ir prakti\u0161kumo \u012fsik\u016bnijimas, puikiai tinkantis moderniam interjerui, kuriame trok\u0161tama harmoningo estetikos ir funkcionalumo derinio. Eleganti\u0161ka molio pilkumo spalva suteikia erdvei unikal\u0173 charakter\u012f, \u012fne\u0161dama elegancijos ir modernumo prisilietim\u0105. \u0160i vitrina bet kokiam interjerui suteiks klas\u0117s ir subtilumo, tod\u0117l puikiai tiks tiek svetainei, tiek valgomajam. NOVADO-4 vitrina ne tik pasi\u017eymi nuostabia i\u0161vaizda, bet ir sukurta atsi\u017evelgiant \u012f kasdien\u012f naudojim\u0105. Trys stiklin\u0117s lentynos viduje leid\u017eia efektyviai eksponuoti m\u0117gstamas dekoracijas, knygas ar suvenyrus. Tai paver\u010dia vitrin\u0105 ne tik baldu, bet ir nuostabiu dizaino elementu, suteikian\u010diu visam kambariui stiliaus ir individualumo. Tokios detal\u0117s kaip u\u017eapvalinti kra\u0161tai ir metaliniai elementai suteikia NOVADO-4 vitrinai modernumo. Vis\u0173 \u0161i\u0173 element\u0173 derinys leis kiekvienam j\u016bs\u0173 nam\u0173 lankytojui pasijusti laukiamu ir su\u017eav\u0117tam erdv\u0117s estetika. Be to, dviej\u0173 spalv\u0173 \u2013 molio pilkumo ir baltos \u2013 pasirinkimas leid\u017eia lengvai pritaikyti j\u0105 prie \u012fvairi\u0173 interjero dizaino stili\u0173 \u2013 nuo minimalistinio iki eklekti\u0161kesnio.<\/p>","protected":false},"excerpt":{"rendered":"<p>Plotis (cm): 65,3<br \/>\n\u016agis (cm): 200<br \/>\nGylis (cm): 40,5<\/p>","protected":false},"featured_media":164992,"comment_status":"open","ping_status":"open","template":"","meta":[],"product_brand":[],"product_cat":[9514,4108,2006],"product_tag":[],"class_list":{"0":"post-164991","1":"product","2":"type-product","3":"status-publish","4":"has-post-thumbnail","6":"product_cat-furniture-system-novado-jarstol-meble","7":"product_cat-jarstol","8":"product_cat-vitrines","10":"first","11":"instock","12":"purchasable","13":"product-type-simple"},"_links":{"self":[{"href":"https:\/\/baldumarket.lt\/lt\/wp-json\/wp\/v2\/product\/164991","targetHints":{"allow":["GET"]}}],"collection":[{"href":"https:\/\/baldumarket.lt\/lt\/wp-json\/wp\/v2\/product"}],"about":[{"href":"https:\/\/baldumarket.lt\/lt\/wp-json\/wp\/v2\/types\/product"}],"replies":[{"embeddable":true,"href":"https:\/\/baldumarket.lt\/lt\/wp-json\/wp\/v2\/comments?post=164991"}],"wp:featuredmedia":[{"embeddable":true,"href":"https:\/\/baldumarket.lt\/lt\/wp-json\/wp\/v2\/media\/164992"}],"wp:attachment":[{"href":"https:\/\/baldumarket.lt\/lt\/wp-json\/wp\/v2\/media?parent=164991"}],"wp:term":[{"taxonomy":"product_brand","embeddable":true,"href":"https:\/\/baldumarket.lt\/lt\/wp-json\/wp\/v2\/product_brand?post=164991"},{"taxonomy":"product_cat","embeddable":true,"href":"https:\/\/baldumarket.lt\/lt\/wp-json\/wp\/v2\/product_cat?post=164991"},{"taxonomy":"product_tag","embeddable":true,"href":"https:\/\/baldumarket.lt\/lt\/wp-json\/wp\/v2\/product_tag?post=164991"}],"curies":[{"name":"wp","href":"https:\/\/api.w.org\/{rel}","templated":true}]}}