{"id":164983,"date":"2025-12-19T15:07:09","date_gmt":"2025-12-19T12:07:09","guid":{"rendered":"https:\/\/baldumarket.lt\/product\/novado-5-komoda-rtv-2d1s-clay-gray\/"},"modified":"2026-04-12T16:34:59","modified_gmt":"2026-04-12T13:34:59","slug":"novado-5-komoda-rtv-2d1s-clay-gray","status":"publish","type":"product","link":"https:\/\/baldumarket.lt\/lt\/product\/novado-5-komoda-rtv-2d1s-clay-gray\/","title":{"rendered":"NOVADO-5 \u2013 TV komoda 2D1S molio pilkumo"},"content":{"rendered":"<p>NOVADO-5 televizoriaus staliukas \u2013 i\u0161skirtinis baldas, kuriame dera modernumas ir funkcionalumas. Eleganti\u0161ka molio pilkumo apdaila suteikia interjerui modernaus minimalizmo. Dideli matmenys \u2013 196 cm plo\u010dio, 57 cm auk\u0161\u010dio ir 40,5 cm gylio \u2013 puikiai tinka modernioms svetain\u0117ms ir yra stilingas pagrindas bet kokiam televizoriui. NOVADO-5 televizoriaus staliuko funkcionalumas yra toks pat \u012fsp\u016bdingas kaip ir jo i\u0161vaizda. Erdvios lentynos leid\u017eia lengvai susitvarkyti savo medijos failus, o apgalvotas dizainas suteikia lengv\u0105 prieig\u0105 prie vis\u0173 j\u016bs\u0173 \u012frengini\u0173. Be to, tyl\u016bs vyriai ir \u0161velniai u\u017esidarantys rutuliniai guoliai paver\u010dia \u0161\u012f stov\u0105 tikru malonumu. \u0160\u012f stov\u0105 i\u0161skirtiniu daro ne tik i\u0161vaizda ir funkcionalumas, bet ir auk\u0161ta meistri\u0161kumo kokyb\u0117. Vietoj tradicini\u0173 med\u017eiag\u0173 buvo naudojama itin atspari pa\u017eeidimams laminuota plok\u0161t\u0117, o fasadai pagaminti i\u0161 eleganti\u0161kos MDF plok\u0161t\u0117s. \u0160ios detal\u0117s rodo gamintojo, garsaus prek\u0117s \u017eenklo \u201eJarstol\u201c, r\u016bpestingum\u0105.<\/p>","protected":false},"excerpt":{"rendered":"<p>Plotis (cm): 196<br \/>\n\u016agis (cm): 57<br \/>\nGylis (cm): 40,5<\/p>","protected":false},"featured_media":164984,"comment_status":"open","ping_status":"open","template":"","meta":[],"product_brand":[],"product_cat":[9514,4108,1175],"product_tag":[],"class_list":{"0":"post-164983","1":"product","2":"type-product","3":"status-publish","4":"has-post-thumbnail","6":"product_cat-furniture-system-novado-jarstol-meble","7":"product_cat-jarstol","8":"product_cat-tv-stands","10":"first","11":"instock","12":"purchasable","13":"product-type-simple"},"_links":{"self":[{"href":"https:\/\/baldumarket.lt\/lt\/wp-json\/wp\/v2\/product\/164983","targetHints":{"allow":["GET"]}}],"collection":[{"href":"https:\/\/baldumarket.lt\/lt\/wp-json\/wp\/v2\/product"}],"about":[{"href":"https:\/\/baldumarket.lt\/lt\/wp-json\/wp\/v2\/types\/product"}],"replies":[{"embeddable":true,"href":"https:\/\/baldumarket.lt\/lt\/wp-json\/wp\/v2\/comments?post=164983"}],"wp:featuredmedia":[{"embeddable":true,"href":"https:\/\/baldumarket.lt\/lt\/wp-json\/wp\/v2\/media\/164984"}],"wp:attachment":[{"href":"https:\/\/baldumarket.lt\/lt\/wp-json\/wp\/v2\/media?parent=164983"}],"wp:term":[{"taxonomy":"product_brand","embeddable":true,"href":"https:\/\/baldumarket.lt\/lt\/wp-json\/wp\/v2\/product_brand?post=164983"},{"taxonomy":"product_cat","embeddable":true,"href":"https:\/\/baldumarket.lt\/lt\/wp-json\/wp\/v2\/product_cat?post=164983"},{"taxonomy":"product_tag","embeddable":true,"href":"https:\/\/baldumarket.lt\/lt\/wp-json\/wp\/v2\/product_tag?post=164983"}],"curies":[{"name":"wp","href":"https:\/\/api.w.org\/{rel}","templated":true}]}}