{"id":164975,"date":"2025-12-19T15:06:52","date_gmt":"2025-12-19T12:06:52","guid":{"rendered":"https:\/\/baldumarket.lt\/product\/novado-6-komoda-rtv-2-drzwiowa-clay-gray\/"},"modified":"2026-04-12T16:34:59","modified_gmt":"2026-04-12T13:34:59","slug":"novado-6-komoda-rtv-2-drzwiowa-clay-gray","status":"publish","type":"product","link":"https:\/\/baldumarket.lt\/lt\/product\/novado-6-komoda-rtv-2-drzwiowa-clay-gray\/","title":{"rendered":"NOVADO-6 \u2013 Molio pilkumo dviej\u0173 dur\u0173 spintel\u0117"},"content":{"rendered":"<p>Atraskite nauj\u0105 stiliaus dimensij\u0105 su NOVADO-6 televizoriaus spintele, kuri puikiai derina elegancij\u0105 ir funkcionalum\u0105. Madingu molio pilkumo atspalviu apdailinta \u0161i dvidur\u0117 televizoriaus spintel\u0117 ne tik atliks savo praktin\u0119 paskirt\u012f, bet ir taps nesenstan\u010diu j\u016bs\u0173 svetain\u0117s dekoro elementu. D\u0117l eleganti\u0161kos formos ir neutrali\u0173 spalv\u0173 ji puikiai tinka \u012fvairiems interjerams \u2013 nuo modernaus iki skandinavi\u0161ko. Spintel\u0117 buvo sukurta galvojant apie komfort\u0105. D\u0117l i\u0161manaus dizaino joje yra daug vietos visiems j\u016bs\u0173 reikalingiems daiktams, pavyzd\u017eiui, televizoriui, dekoderiui ar garso sistemai. Du erdv\u016bs skyriai u\u017e eleganti\u0161k\u0173 atvart\u0173 leid\u017eia lengvai laikyti visus j\u016bs\u0173 priedus, o \u0161velnaus u\u017edarymo mechanizmas u\u017etikrina komfort\u0105 ir tyl\u0173 veikim\u0105 kasdien naudojant. Unikalus dizainas pasi\u017eymi u\u017eapvalintu stalvir\u0161iu ir stilingomis metalin\u0117mis kojel\u0117mis, kurios suteikia modernumo. Subtili\u0173 form\u0173 NOVADO-6 televizoriaus spintel\u0117 yra ak\u012f traukianti ir suteikia bet kokiam interjerui unikalaus charakterio. Spalv\u0173 gama, derinant molio pilkum\u0105 su juodomis detal\u0117mis, sukuria harmoning\u0105 visum\u0105, puikiai tinkan\u010di\u0105 sukurti eleganti\u0161k\u0105 atmosfer\u0105 bet kurioje svetain\u0117je.<\/p>","protected":false},"excerpt":{"rendered":"<p>Plotis (cm): 137<br \/>\n\u016agis (cm): 57<br \/>\nGylis (cm): 40,5<\/p>","protected":false},"featured_media":164976,"comment_status":"open","ping_status":"open","template":"","meta":[],"product_brand":[],"product_cat":[9514,4108,1175],"product_tag":[],"class_list":{"0":"post-164975","1":"product","2":"type-product","3":"status-publish","4":"has-post-thumbnail","6":"product_cat-furniture-system-novado-jarstol-meble","7":"product_cat-jarstol","8":"product_cat-tv-stands","10":"first","11":"instock","12":"purchasable","13":"product-type-simple"},"_links":{"self":[{"href":"https:\/\/baldumarket.lt\/lt\/wp-json\/wp\/v2\/product\/164975","targetHints":{"allow":["GET"]}}],"collection":[{"href":"https:\/\/baldumarket.lt\/lt\/wp-json\/wp\/v2\/product"}],"about":[{"href":"https:\/\/baldumarket.lt\/lt\/wp-json\/wp\/v2\/types\/product"}],"replies":[{"embeddable":true,"href":"https:\/\/baldumarket.lt\/lt\/wp-json\/wp\/v2\/comments?post=164975"}],"wp:featuredmedia":[{"embeddable":true,"href":"https:\/\/baldumarket.lt\/lt\/wp-json\/wp\/v2\/media\/164976"}],"wp:attachment":[{"href":"https:\/\/baldumarket.lt\/lt\/wp-json\/wp\/v2\/media?parent=164975"}],"wp:term":[{"taxonomy":"product_brand","embeddable":true,"href":"https:\/\/baldumarket.lt\/lt\/wp-json\/wp\/v2\/product_brand?post=164975"},{"taxonomy":"product_cat","embeddable":true,"href":"https:\/\/baldumarket.lt\/lt\/wp-json\/wp\/v2\/product_cat?post=164975"},{"taxonomy":"product_tag","embeddable":true,"href":"https:\/\/baldumarket.lt\/lt\/wp-json\/wp\/v2\/product_tag?post=164975"}],"curies":[{"name":"wp","href":"https:\/\/api.w.org\/{rel}","templated":true}]}}