{"id":164968,"date":"2025-12-19T15:06:36","date_gmt":"2025-12-19T12:06:36","guid":{"rendered":"https:\/\/baldumarket.lt\/product\/novado-7-szafka-nocna-clay-gray\/"},"modified":"2026-04-12T16:34:59","modified_gmt":"2026-04-12T13:34:59","slug":"novado-7-szafka-nocna-clay-gray","status":"publish","type":"product","link":"https:\/\/baldumarket.lt\/lt\/product\/novado-7-szafka-nocna-clay-gray\/","title":{"rendered":"NOVADO-7 \u2013 Pilkos spalvos naktinis staliukas"},"content":{"rendered":"<p>Garsaus \u201eJarstol\u201c prek\u0117s \u017eenklo \u201eNOVADO-7\u201c naktinis staliukas \u2013 puikus pasirinkimas tiems, kurie miegamajame nori suderinti estetik\u0105 ir funkcionalum\u0105. Eleganti\u0161ko molio pilkumo atspalvio apdaila suteikia interjerui modernumo ir harmoningai dera prie \u012fvairi\u0173 interjero dizaino stili\u0173. Minimalistinis dizainas ir prislopintos spalvos paver\u010dia \u201eNOVADO-7\u201c ne tik baldu, bet ir reik\u0161mingu dekoratyviniu akcentu j\u016bs\u0173 erdv\u0117je. Vienas i\u0161 pagrindini\u0173 \u201eNOVADO-7\u201c naktinio staliuko privalum\u0173 \u2013 apgalvotas funkcionalumas. \u012emontuota ni\u0161a, idealiai tinkanti knygoms ar nieku\u010diams laikyti, ir prakti\u0161kas skyrius, pasl\u0117ptas u\u017e atvarto, suteiks visk\u0105, ko reikia patogiam poilsiui. Toks dizainas ne tik leid\u017eia lengvai pasiekti b\u016btiniausius daiktus, bet ir palaikyti tvark\u0105 miegamajame, o tai labai svarbu kasdieniame gyvenime. Verta atkreipti d\u0117mes\u012f \u012f detales, kurios pabr\u0117\u017eia \u0161io naktinio staliuko unikalum\u0105. Sodrios juodos spalvos kojel\u0117s ir esteti\u0161kos rankenos suteikia baldui charakterio ir vizualinio tvirtumo. Naudotos med\u017eiagos, tokios kaip laminuota plok\u0161t\u0117 ir MDF, u\u017etikrina patvarum\u0105 ir lengv\u0105 prie\u017ei\u016br\u0105, o tai yra svarbus privalumas kasdien naudojant baldus.<\/p>","protected":false},"excerpt":{"rendered":"<p>Plotis (cm): 58,6<br \/>\n\u016agis (cm): 57<br \/>\nGylis (cm): 40,5<\/p>","protected":false},"featured_media":164969,"comment_status":"open","ping_status":"open","template":"","meta":[],"product_brand":[],"product_cat":[9514,1176,4108],"product_tag":[],"class_list":{"0":"post-164968","1":"product","2":"type-product","3":"status-publish","4":"has-post-thumbnail","6":"product_cat-furniture-system-novado-jarstol-meble","7":"product_cat-bedside-tables","8":"product_cat-jarstol","10":"first","11":"instock","12":"purchasable","13":"product-type-simple"},"_links":{"self":[{"href":"https:\/\/baldumarket.lt\/lt\/wp-json\/wp\/v2\/product\/164968","targetHints":{"allow":["GET"]}}],"collection":[{"href":"https:\/\/baldumarket.lt\/lt\/wp-json\/wp\/v2\/product"}],"about":[{"href":"https:\/\/baldumarket.lt\/lt\/wp-json\/wp\/v2\/types\/product"}],"replies":[{"embeddable":true,"href":"https:\/\/baldumarket.lt\/lt\/wp-json\/wp\/v2\/comments?post=164968"}],"wp:featuredmedia":[{"embeddable":true,"href":"https:\/\/baldumarket.lt\/lt\/wp-json\/wp\/v2\/media\/164969"}],"wp:attachment":[{"href":"https:\/\/baldumarket.lt\/lt\/wp-json\/wp\/v2\/media?parent=164968"}],"wp:term":[{"taxonomy":"product_brand","embeddable":true,"href":"https:\/\/baldumarket.lt\/lt\/wp-json\/wp\/v2\/product_brand?post=164968"},{"taxonomy":"product_cat","embeddable":true,"href":"https:\/\/baldumarket.lt\/lt\/wp-json\/wp\/v2\/product_cat?post=164968"},{"taxonomy":"product_tag","embeddable":true,"href":"https:\/\/baldumarket.lt\/lt\/wp-json\/wp\/v2\/product_tag?post=164968"}],"curies":[{"name":"wp","href":"https:\/\/api.w.org\/{rel}","templated":true}]}}