{"id":164961,"date":"2025-12-19T15:06:21","date_gmt":"2025-12-19T12:06:21","guid":{"rendered":"https:\/\/baldumarket.lt\/product\/novado-8-szafa-2-drzwiowa-clay-gray\/"},"modified":"2026-04-12T16:34:59","modified_gmt":"2026-04-12T13:34:59","slug":"novado-8-szafa-2-drzwiowa-clay-gray","status":"publish","type":"product","link":"https:\/\/baldumarket.lt\/lt\/product\/novado-8-szafa-2-drzwiowa-clay-gray\/","title":{"rendered":"NOVADO-8 \u2013 Pilkos spalvos dviej\u0173 dur\u0173 spinta"},"content":{"rendered":"<p>\u201eJarstol\u201c gaminama NOVADO 2 dur\u0173 spinta pilkos molio spalvos \u2013 tai modernumo ir funkcionalumo derinys, kuris patenkins net ir i\u0161rankiausi\u0173 vartotoj\u0173 l\u016bkes\u010dius. Subtilus pilkos molio spalvos derinys suteikia interjerui ramyb\u0117s ir harmonijos, tod\u0117l idealiai tinka miegamiesiems ir persirengimo kambariams. D\u0117l eleganti\u0161kos i\u0161vaizdos spinta yra ne tik prakti\u0161kas sprendimas, bet ir stilingas akcentas, kuris sustiprins kambario charakter\u012f. Apgalvotas NOVADO spintos dizainas u\u017etikrina maksimal\u0173 funkcionalum\u0105 kasdieniam naudojimui. Atidarius duris, jus pasitinka gerai apgalvotas interjeras, kur\u012f sudaro keturios erdvios lentynos de\u0161in\u0117je pus\u0117je ir patogi lentyna su b\u0117geliu kair\u0117je, idealiai tinkanti pakabinamiems drabu\u017eiams laikyti. Toks i\u0161d\u0117stymas supaprastina erdv\u0117s organizavim\u0105, leid\u017eia lengvai rasti tai, ko jums reikia. Tai ne tik baldas, bet ir b\u016bdas palaikyti tvark\u0105 kasdieniame gyvenime. Estetin\u0117s detal\u0117s taip pat suteikia spintai unikalaus charakterio. Apval\u016bs kra\u0161tai ir eleganti\u0161ka metalin\u0117 rankena suteikia subtilumo ir rafinuotumo, tod\u0117l spinta puikiai tinka \u012fvairiems interjero stiliams. Be to, intriguojantis spalv\u0173 derinys \u2013 \u0161ilta molio pilka su juodomis kojel\u0117mis \u2013 sukuria ry\u0161k\u0173 kontrast\u0105, kuris tikrai pritrauks sve\u010di\u0173 ak\u012f.<\/p>","protected":false},"excerpt":{"rendered":"<p>Plotis (cm): 98<br \/>\n\u016agis (cm): 200<br \/>\nGylis (cm): 40,5<\/p>","protected":false},"featured_media":164962,"comment_status":"open","ping_status":"open","template":"","meta":[],"product_brand":[],"product_cat":[9514,4108,1177],"product_tag":[],"class_list":{"0":"post-164961","1":"product","2":"type-product","3":"status-publish","4":"has-post-thumbnail","6":"product_cat-furniture-system-novado-jarstol-meble","7":"product_cat-jarstol","8":"product_cat-wardrobes","10":"first","11":"instock","12":"purchasable","13":"product-type-simple"},"_links":{"self":[{"href":"https:\/\/baldumarket.lt\/lt\/wp-json\/wp\/v2\/product\/164961","targetHints":{"allow":["GET"]}}],"collection":[{"href":"https:\/\/baldumarket.lt\/lt\/wp-json\/wp\/v2\/product"}],"about":[{"href":"https:\/\/baldumarket.lt\/lt\/wp-json\/wp\/v2\/types\/product"}],"replies":[{"embeddable":true,"href":"https:\/\/baldumarket.lt\/lt\/wp-json\/wp\/v2\/comments?post=164961"}],"wp:featuredmedia":[{"embeddable":true,"href":"https:\/\/baldumarket.lt\/lt\/wp-json\/wp\/v2\/media\/164962"}],"wp:attachment":[{"href":"https:\/\/baldumarket.lt\/lt\/wp-json\/wp\/v2\/media?parent=164961"}],"wp:term":[{"taxonomy":"product_brand","embeddable":true,"href":"https:\/\/baldumarket.lt\/lt\/wp-json\/wp\/v2\/product_brand?post=164961"},{"taxonomy":"product_cat","embeddable":true,"href":"https:\/\/baldumarket.lt\/lt\/wp-json\/wp\/v2\/product_cat?post=164961"},{"taxonomy":"product_tag","embeddable":true,"href":"https:\/\/baldumarket.lt\/lt\/wp-json\/wp\/v2\/product_tag?post=164961"}],"curies":[{"name":"wp","href":"https:\/\/api.w.org\/{rel}","templated":true}]}}