{"id":164953,"date":"2025-12-19T15:06:05","date_gmt":"2025-12-19T12:06:05","guid":{"rendered":"https:\/\/baldumarket.lt\/product\/novado-9-witryna-2-drzwiowa-clay-gray\/"},"modified":"2026-04-12T16:34:59","modified_gmt":"2026-04-12T13:34:59","slug":"novado-9-witryna-2-drzwiowa-clay-gray","status":"publish","type":"product","link":"https:\/\/baldumarket.lt\/lt\/product\/novado-9-witryna-2-drzwiowa-clay-gray\/","title":{"rendered":"NOVADO-9 \u2013 Pilkos spalvos dviej\u0173 dur\u0173 vitrina"},"content":{"rendered":"<p>NOVADO-9 vitrina \u2013 tai tobulas elegancijos ir funkcionalumo derinys, suteiksiantis j\u016bs\u0173 svetainei naujo spindesio. Madinga molio pilkumo spalva apdailinta stiklin\u0117 vitrina traukia d\u0117mes\u012f savo modernia estetika. Auk\u0161tos, juodos kojel\u0117s ir metalin\u0117s rankenos suteikia spintelei subtil\u0173, industrin\u012f charakter\u012f, puikiai deran\u010di\u0105 su naujausiomis interjero dizaino tendencijomis. Vitrina yra ne tik prakti\u0161ka, bet ir stilinga. \u017davios stiklin\u0117s lentynos \u2013 puiki vieta eksponuoti m\u0117gstamas dekoracijas, knygas ar porcelian\u0105. Permatomos lentynos sukuria lengvumo poj\u016bt\u012f, tod\u0117l kambarys atrodo erdvesnis. Ji puikiai tiks svetain\u0117je, kur taps pagrindiniu i\u0161d\u0117stymo elementu, d\u017eiuginsian\u010diu j\u016bs\u0173 sve\u010dius. Be dizaino, labai svarbus ir NOVADO-9 vitrinos funkcionalumas. D\u0117l tyli\u0173 vyri\u0173 dureli\u0173 u\u017edarymas yra vienas malonumas, o apgalvotas surinkimas suteikia dar didesn\u012f naudojimo komfort\u0105. Vitrinos interjer\u0105 galite lengvai pritaikyti pagal savo poreikius, tod\u0117l tai idealus sprendimas \u012fvairiems interjero stiliams \u2013 nuo modernaus iki klasikinio.<\/p>","protected":false},"excerpt":{"rendered":"<p>Plotis (cm): 98,3<br \/>\n\u016agis (cm): 155<br \/>\nGylis (cm): 54,5<\/p>","protected":false},"featured_media":164954,"comment_status":"open","ping_status":"open","template":"","meta":[],"product_brand":[],"product_cat":[9514,4108,2006],"product_tag":[],"class_list":{"0":"post-164953","1":"product","2":"type-product","3":"status-publish","4":"has-post-thumbnail","6":"product_cat-furniture-system-novado-jarstol-meble","7":"product_cat-jarstol","8":"product_cat-vitrines","10":"first","11":"instock","12":"purchasable","13":"product-type-simple"},"_links":{"self":[{"href":"https:\/\/baldumarket.lt\/lt\/wp-json\/wp\/v2\/product\/164953","targetHints":{"allow":["GET"]}}],"collection":[{"href":"https:\/\/baldumarket.lt\/lt\/wp-json\/wp\/v2\/product"}],"about":[{"href":"https:\/\/baldumarket.lt\/lt\/wp-json\/wp\/v2\/types\/product"}],"replies":[{"embeddable":true,"href":"https:\/\/baldumarket.lt\/lt\/wp-json\/wp\/v2\/comments?post=164953"}],"wp:featuredmedia":[{"embeddable":true,"href":"https:\/\/baldumarket.lt\/lt\/wp-json\/wp\/v2\/media\/164954"}],"wp:attachment":[{"href":"https:\/\/baldumarket.lt\/lt\/wp-json\/wp\/v2\/media?parent=164953"}],"wp:term":[{"taxonomy":"product_brand","embeddable":true,"href":"https:\/\/baldumarket.lt\/lt\/wp-json\/wp\/v2\/product_brand?post=164953"},{"taxonomy":"product_cat","embeddable":true,"href":"https:\/\/baldumarket.lt\/lt\/wp-json\/wp\/v2\/product_cat?post=164953"},{"taxonomy":"product_tag","embeddable":true,"href":"https:\/\/baldumarket.lt\/lt\/wp-json\/wp\/v2\/product_tag?post=164953"}],"curies":[{"name":"wp","href":"https:\/\/api.w.org\/{rel}","templated":true}]}}