{"id":164939,"date":"2025-12-19T15:05:38","date_gmt":"2025-12-19T12:05:38","guid":{"rendered":"https:\/\/baldumarket.lt\/product\/windsor-14-biurko-1d3s-cashmere\/"},"modified":"2026-04-12T16:34:51","modified_gmt":"2026-04-12T13:34:51","slug":"windsor-14-biurko-1d3s-cashmere","status":"publish","type":"product","link":"https:\/\/baldumarket.lt\/lt\/product\/windsor-14-biurko-1d3s-cashmere\/","title":{"rendered":"WINDSOR-14 \u2013 Ra\u0161omasis stalas 1D3S ka\u0161myro spalvos"},"content":{"rendered":"<p>Pristatome \u201eWindsor\u201c ra\u0161om\u0105j\u012f stal\u0105 i\u0161 ka\u0161myro, kuris derina elegancij\u0105 ir kasdien\u012f funkcionalum\u0105. \u0160is unikalus \u201eJarstol\u201c baldas buvo sukurtas galvojant apie komfort\u0105 ir estetik\u0105 j\u016bs\u0173 nam\u0173 biurui. Klasikinis dizainas ir nesenstantis ka\u0161myro atspalvis skland\u017eiai dera prie \u012fvairi\u0173 interjero dizain\u0173, sukurdami jauki\u0105 atmosfer\u0105. \u201eWindsor\u201c ra\u0161omasis stalas i\u0161siskiria ne tik gra\u017eia i\u0161vaizda, bet ir apgalvotu funkcionalumu. Jis si\u016blo didel\u0119 darbo viet\u0105 ir tris erdvius stal\u010dius, leid\u017eian\u010dius lengvai susitvarkyti visus b\u016btiniausius daiktus. Be to, spintel\u0117je su durel\u0117mis galima laikyti dokumentus ir biuro reikmenis, padedant palaikyti tvark\u0105 j\u016bs\u0173 darbo vietoje. \u0160ios savyb\u0117s padarys kasdien\u012f darb\u0105 daug efektyvesn\u012f ir malonesn\u012f. Eleganti\u0161kos detal\u0117s, tokios kaip auksin\u0117s rankenos ir dekoratyviniai priekiniai r\u0117meliai, suteikia stalui unikalaus charakterio. Tvirtos medin\u0117s kojel\u0117s papildo bendr\u0105 dizain\u0105, u\u017etikrindamos stabilum\u0105 ir ilgaam\u017ei\u0161kum\u0105. \u0160is klasikos ir modernumo derinys paver\u010dia \u201eWindsor\u201c ra\u0161om\u0105j\u012f stal\u0105 puikiu pasirinkimu \u017emon\u0117ms, ie\u0161kantiems ka\u017eko unikalaus, kas juos lyd\u0117s daugel\u012f met\u0173.<\/p>","protected":false},"excerpt":{"rendered":"<p>Plotis (cm): 138<br \/>\nGylis (cm): 54,5<br \/>\nGylis (cm): 67<\/p>","protected":false},"featured_media":164940,"comment_status":"open","ping_status":"open","template":"","meta":[],"product_brand":[],"product_cat":[9517,1312,4108],"product_tag":[],"class_list":{"0":"post-164939","1":"product","2":"type-product","3":"status-publish","4":"has-post-thumbnail","6":"product_cat-furniture-system-windsor-jarstol-meble","7":"product_cat-desks","8":"product_cat-jarstol","10":"first","11":"instock","12":"purchasable","13":"product-type-simple"},"_links":{"self":[{"href":"https:\/\/baldumarket.lt\/lt\/wp-json\/wp\/v2\/product\/164939","targetHints":{"allow":["GET"]}}],"collection":[{"href":"https:\/\/baldumarket.lt\/lt\/wp-json\/wp\/v2\/product"}],"about":[{"href":"https:\/\/baldumarket.lt\/lt\/wp-json\/wp\/v2\/types\/product"}],"replies":[{"embeddable":true,"href":"https:\/\/baldumarket.lt\/lt\/wp-json\/wp\/v2\/comments?post=164939"}],"wp:featuredmedia":[{"embeddable":true,"href":"https:\/\/baldumarket.lt\/lt\/wp-json\/wp\/v2\/media\/164940"}],"wp:attachment":[{"href":"https:\/\/baldumarket.lt\/lt\/wp-json\/wp\/v2\/media?parent=164939"}],"wp:term":[{"taxonomy":"product_brand","embeddable":true,"href":"https:\/\/baldumarket.lt\/lt\/wp-json\/wp\/v2\/product_brand?post=164939"},{"taxonomy":"product_cat","embeddable":true,"href":"https:\/\/baldumarket.lt\/lt\/wp-json\/wp\/v2\/product_cat?post=164939"},{"taxonomy":"product_tag","embeddable":true,"href":"https:\/\/baldumarket.lt\/lt\/wp-json\/wp\/v2\/product_tag?post=164939"}],"curies":[{"name":"wp","href":"https:\/\/api.w.org\/{rel}","templated":true}]}}