{"id":164933,"date":"2025-12-19T15:05:25","date_gmt":"2025-12-19T12:05:25","guid":{"rendered":"https:\/\/baldumarket.lt\/product\/windsor-15-szafa-3d2s-z-lustrem-cashmere\/"},"modified":"2026-04-12T16:34:51","modified_gmt":"2026-04-12T13:34:51","slug":"windsor-15-szafa-3d2s-z-lustrem-cashmere","status":"publish","type":"product","link":"https:\/\/baldumarket.lt\/lt\/product\/windsor-15-szafa-3d2s-z-lustrem-cashmere\/","title":{"rendered":"WINDSOR-15 &#8211; 3D2S spinta su ka\u0161myro veidrod\u017eiu"},"content":{"rendered":"<p>Spinta su ka\u0161myro veidrod\u017eiu WINDSOR-15 \u2013 tai harmoningas elegancijos ir funkcionalumo derinys, puikiai papildantis tiek modern\u0173, tiek klasikin\u012f interjer\u0105. 135,5 cm plo\u010dio ir 193 cm auk\u0161\u010dio \u0161i spinta puikiai tinka bet kokiam miegamajam, nes si\u016blo daug vietos daiktams susid\u0117ti ir rafinuot\u0105 dizain\u0105. Subtilus ka\u0161myro atspalvis suteikia lengvumo poj\u016bt\u012f, o varin\u0117s rankenos \u2013 stiling\u0105 akcent\u0105, kuris patrauks kiekvieno sve\u010dio ak\u012f. Be estetinio patrauklumo, WINDSOR-15 spinta sukurta atsi\u017evelgiant \u012f kasdien\u012f naudojim\u0105. Trij\u0173 dur\u0173 konstrukcija leid\u017eia lengvai pasiekti drabu\u017eius, o centre esantis veidrodis leid\u017eia lengvai pasiruo\u0161ti. Spintos viduje yra penkios erdvios lentynos ir du b\u0117geliai drabu\u017eiams pakabinti, u\u017etikrinantys puik\u0173 spintos organizavim\u0105 ir patog\u0173 vis\u0173 b\u016btiniausi\u0173 daikt\u0173 laikym\u0105. Du prakti\u0161ki stal\u010diai spintos apa\u010dioje yra dar vienas privalumas, didinantis naudotojo komfort\u0105. Jie puikiai tinka apatiniams drabu\u017eiams, aksesuarams ar smulkiems daiktams laikyti, pad\u0117s palaikyti tvark\u0105 miegamajame ir supaprastinti kasdien\u0119 daikt\u0173 paie\u0161k\u0105. Be to, \u0161velnaus u\u017edarymo sistema ant dureli\u0173 ir stal\u010di\u0173 garantuoja, kad kiekvienas atidarymo ir u\u017edarymo momentas bus tylus, o tai \u012fvertins tiek nam\u0173 \u016bkio nariai, tiek kaimynai.<\/p>","protected":false},"excerpt":{"rendered":"<p>Plotis (cm): 135,5<br \/>\nGylis (cm): 54,5<br \/>\n\u016agis (cm): 78<\/p>","protected":false},"featured_media":164934,"comment_status":"open","ping_status":"open","template":"","meta":[],"product_brand":[],"product_cat":[9517,4108,1177],"product_tag":[],"class_list":{"0":"post-164933","1":"product","2":"type-product","3":"status-publish","4":"has-post-thumbnail","6":"product_cat-furniture-system-windsor-jarstol-meble","7":"product_cat-jarstol","8":"product_cat-wardrobes","10":"first","11":"instock","12":"purchasable","13":"product-type-simple"},"_links":{"self":[{"href":"https:\/\/baldumarket.lt\/lt\/wp-json\/wp\/v2\/product\/164933","targetHints":{"allow":["GET"]}}],"collection":[{"href":"https:\/\/baldumarket.lt\/lt\/wp-json\/wp\/v2\/product"}],"about":[{"href":"https:\/\/baldumarket.lt\/lt\/wp-json\/wp\/v2\/types\/product"}],"replies":[{"embeddable":true,"href":"https:\/\/baldumarket.lt\/lt\/wp-json\/wp\/v2\/comments?post=164933"}],"wp:featuredmedia":[{"embeddable":true,"href":"https:\/\/baldumarket.lt\/lt\/wp-json\/wp\/v2\/media\/164934"}],"wp:attachment":[{"href":"https:\/\/baldumarket.lt\/lt\/wp-json\/wp\/v2\/media?parent=164933"}],"wp:term":[{"taxonomy":"product_brand","embeddable":true,"href":"https:\/\/baldumarket.lt\/lt\/wp-json\/wp\/v2\/product_brand?post=164933"},{"taxonomy":"product_cat","embeddable":true,"href":"https:\/\/baldumarket.lt\/lt\/wp-json\/wp\/v2\/product_cat?post=164933"},{"taxonomy":"product_tag","embeddable":true,"href":"https:\/\/baldumarket.lt\/lt\/wp-json\/wp\/v2\/product_tag?post=164933"}],"curies":[{"name":"wp","href":"https:\/\/api.w.org\/{rel}","templated":true}]}}