{"id":164927,"date":"2025-12-19T15:05:12","date_gmt":"2025-12-19T12:05:12","guid":{"rendered":"https:\/\/baldumarket.lt\/product\/windsor-16-lozko-160x200-cm-ze-stelazem-i-pojemnikiem-cashmere\/"},"modified":"2026-04-12T16:34:51","modified_gmt":"2026-04-12T13:34:51","slug":"windsor-16-lozko-160x200-cm-ze-stelazem-i-pojemnikiem-cashmere","status":"publish","type":"product","link":"https:\/\/baldumarket.lt\/lt\/product\/windsor-16-lozko-160x200-cm-ze-stelazem-i-pojemnikiem-cashmere\/","title":{"rendered":"WINDSOR-16 \u2013 Lova 160\u00d7200 cm su r\u0117mu ir ka\u0161myro daiktad\u0117\u017ee"},"content":{"rendered":"<p>Atraskite unikali\u0105 eleganti\u0161kos ka\u0161myro spalvos WINDSOR 160\u00d7200 lov\u0105, kuri taps j\u016bs\u0173 miegamojo traukos centru. Klasikinis stilius, pary\u0161kintas frezuotomis panel\u0117mis ir tvirtomis medin\u0117mis kojel\u0117mis, u\u017etikrina ne tik estetin\u012f patrauklum\u0105, bet ir patvarum\u0105 bei stabilum\u0105. Tai tobulas elegancijos ir kasdienio funkcionalumo derinys \u2013 praleisite ant jos daug maloni\u0173 nakt\u0173, pabusdami pails\u0117j\u0119 ir pasiruo\u0161\u0119 naujiems i\u0161\u0161\u016bkiams. Stilinga WINDSOR 160\u00d7200 lova ne tik puikiai atrodo, bet ir si\u016blo prakti\u0161kus sprendimus. \u012emontuotas r\u0117mas ir patalyn\u0117s skyrius suteikia papildomos vietos daiktams susid\u0117ti, o tai labai svarbu \u0161iandieniniame pasaulyje, kur svarbus kiekvienas centimetras. Tai rei\u0161kia, kad jums niekada nebereik\u0117s r\u016bpintis netvarka miegamajame \u2013 viskas bus ranka pasiekiama, o kambarys taps tvarkingesnis ir jaukesnis. Madingos ka\u0161myro spalvos vonia puikiai atitinka dabartines interjero dizaino tendencijas, suteikdama \u0161ilumos ir jaukumo. Lengvos nat\u016bralaus \u0105\u017euolo kojel\u0117s ne tik suteikia visai konstrukcijai lengvumo, bet ir pabr\u0117\u017eia auk\u0161t\u0105 jos kokyb\u0119. Lova \u201eWINDSOR\u201c \u2013 puikus pasirinkimas ie\u0161kantiems bald\u0173, kurie b\u016bt\u0173 ne tik malon\u016bs akiai, bet ir prakti\u0161ki kasdieniam naudojimui.<\/p>","protected":false},"excerpt":{"rendered":"<p>Plotis (cm): 167,5<br \/>\nGylis (cm): 209,5<br \/>\n\u016agis (cm): 193<\/p>","protected":false},"featured_media":164928,"comment_status":"open","ping_status":"open","template":"","meta":[],"product_brand":[],"product_cat":[9517,505,1971,4108],"product_tag":[],"class_list":{"0":"post-164927","1":"product","2":"type-product","3":"status-publish","4":"has-post-thumbnail","6":"product_cat-furniture-system-windsor-jarstol-meble","7":"product_cat-bedroom-beds","8":"product_cat-beds-160x200","9":"product_cat-jarstol","11":"first","12":"instock","13":"purchasable","14":"product-type-simple"},"_links":{"self":[{"href":"https:\/\/baldumarket.lt\/lt\/wp-json\/wp\/v2\/product\/164927","targetHints":{"allow":["GET"]}}],"collection":[{"href":"https:\/\/baldumarket.lt\/lt\/wp-json\/wp\/v2\/product"}],"about":[{"href":"https:\/\/baldumarket.lt\/lt\/wp-json\/wp\/v2\/types\/product"}],"replies":[{"embeddable":true,"href":"https:\/\/baldumarket.lt\/lt\/wp-json\/wp\/v2\/comments?post=164927"}],"wp:featuredmedia":[{"embeddable":true,"href":"https:\/\/baldumarket.lt\/lt\/wp-json\/wp\/v2\/media\/164928"}],"wp:attachment":[{"href":"https:\/\/baldumarket.lt\/lt\/wp-json\/wp\/v2\/media?parent=164927"}],"wp:term":[{"taxonomy":"product_brand","embeddable":true,"href":"https:\/\/baldumarket.lt\/lt\/wp-json\/wp\/v2\/product_brand?post=164927"},{"taxonomy":"product_cat","embeddable":true,"href":"https:\/\/baldumarket.lt\/lt\/wp-json\/wp\/v2\/product_cat?post=164927"},{"taxonomy":"product_tag","embeddable":true,"href":"https:\/\/baldumarket.lt\/lt\/wp-json\/wp\/v2\/product_tag?post=164927"}],"curies":[{"name":"wp","href":"https:\/\/api.w.org\/{rel}","templated":true}]}}