{"id":164923,"date":"2025-12-19T15:05:05","date_gmt":"2025-12-19T12:05:05","guid":{"rendered":"https:\/\/baldumarket.lt\/product\/windsor-17-lozko-140x200-cm-ze-stelazem-i-pojemnikiem-cashmere\/"},"modified":"2026-04-12T16:34:51","modified_gmt":"2026-04-12T13:34:51","slug":"windsor-17-lozko-140x200-cm-ze-stelazem-i-pojemnikiem-cashmere","status":"publish","type":"product","link":"https:\/\/baldumarket.lt\/lt\/product\/windsor-17-lozko-140x200-cm-ze-stelazem-i-pojemnikiem-cashmere\/","title":{"rendered":"WINDSOR-17 &#8211; Lova 140&#215;200 cm su r\u0117mu ir ka\u0161myro daiktad\u0117\u017ee"},"content":{"rendered":"<p>Atraskite miego magij\u0105 su WINDSOR 140\u00d7200 lova, kuri suteiks j\u016bs\u0173 miegamajam elegancijos ir jaukumo. \u0160is \u017eavus ka\u0161myro spalvos modelis, pagamintas i\u0161 auk\u0161tos kokyb\u0117s MDF, traukia d\u0117mes\u012f subtiliais frezavimais galv\u016bgalyje ir koj\u016bgalyje, suteikdamas jam unikalaus charakterio. \u0160is baldas naudojamas ne tik miegui, bet ir tampa bet kokio interjero akcentu, suteikian\u010diu jaukumo ir klas\u0117s.<\/p>\n<p>Prakti\u0161kumas \u2013 dar vienas \u201eWINDSOR\u201c lovos privalumas. \u012erengtas patalyn\u0117s skyrius suteikia papildomos vietos daiktams susid\u0117ti, o tai ne\u012fkainojama, ypa\u010d ma\u017eesniuose miegamuosiuose. \u0160is sprendimas leid\u017eia visus b\u016btiniausius daiktus laikyti vienoje vietoje, o j\u016bs\u0173 interjeras visada bus tvarkingas ir tvarkingas. Tik \u012fsivaizduokite, kaip patogu b\u016bti be netvarkos!<\/p>\n<p>\u010ciu\u017einio r\u0117mas u\u017etikrina stabilum\u0105 ir patog\u0173 mieg\u0105, o tai rei\u0161kia geresn\u0119 savijaut\u0105 kiekvien\u0105 dien\u0105. I\u0161 \u0105\u017euolo masyvo pagamintos kojel\u0117s ne tik suteikia baldui eleganti\u0161k\u0105 i\u0161vaizd\u0105, bet ir garantuoja jo ilgaam\u017ei\u0161kum\u0105. Tai baldas, kuriuo gal\u0117site d\u017eiaugtis ilgus metus, nesijaudindami d\u0117l jo patvarumo ar kasdienio naudojimo.<\/p>\n<p>Modernaus klasikinio stiliaus WINDSOR 140\u00d7200 lova puikiai tiks \u012fvairiuose miegamuosiuose ir sukurs unikali\u0105 atpalaiduojan\u010di\u0105 atmosfer\u0105. Derinkite j\u0105 su kitais WINDSOR kolekcijos baldais ir sukurkite harmoning\u0105 erdv\u0119, kurioje kiekvienas rytas prasideda \u0161ypsena, o vakarai tampa pelnyto poilsio akimirkomis. Rinkit\u0117s WINDSOR ir atraskite, kaip lengvai galima suderinti estetik\u0105 ir funkcionalum\u0105!<\/p>","protected":false},"excerpt":{"rendered":"<p>Plotis (cm): 147,5<br \/>\nGylis (cm): 209,5<br \/>\n\u016agis (cm): 110<\/p>","protected":false},"featured_media":164924,"comment_status":"open","ping_status":"open","template":"","meta":[],"product_brand":[],"product_cat":[9517,505,1970,4108],"product_tag":[],"class_list":{"0":"post-164923","1":"product","2":"type-product","3":"status-publish","4":"has-post-thumbnail","6":"product_cat-furniture-system-windsor-jarstol-meble","7":"product_cat-bedroom-beds","8":"product_cat-beds-140x200","9":"product_cat-jarstol","11":"first","12":"instock","13":"purchasable","14":"product-type-simple"},"_links":{"self":[{"href":"https:\/\/baldumarket.lt\/lt\/wp-json\/wp\/v2\/product\/164923","targetHints":{"allow":["GET"]}}],"collection":[{"href":"https:\/\/baldumarket.lt\/lt\/wp-json\/wp\/v2\/product"}],"about":[{"href":"https:\/\/baldumarket.lt\/lt\/wp-json\/wp\/v2\/types\/product"}],"replies":[{"embeddable":true,"href":"https:\/\/baldumarket.lt\/lt\/wp-json\/wp\/v2\/comments?post=164923"}],"wp:featuredmedia":[{"embeddable":true,"href":"https:\/\/baldumarket.lt\/lt\/wp-json\/wp\/v2\/media\/164924"}],"wp:attachment":[{"href":"https:\/\/baldumarket.lt\/lt\/wp-json\/wp\/v2\/media?parent=164923"}],"wp:term":[{"taxonomy":"product_brand","embeddable":true,"href":"https:\/\/baldumarket.lt\/lt\/wp-json\/wp\/v2\/product_brand?post=164923"},{"taxonomy":"product_cat","embeddable":true,"href":"https:\/\/baldumarket.lt\/lt\/wp-json\/wp\/v2\/product_cat?post=164923"},{"taxonomy":"product_tag","embeddable":true,"href":"https:\/\/baldumarket.lt\/lt\/wp-json\/wp\/v2\/product_tag?post=164923"}],"curies":[{"name":"wp","href":"https:\/\/api.w.org\/{rel}","templated":true}]}}