{"id":164916,"date":"2025-12-19T15:04:50","date_gmt":"2025-12-19T12:04:50","guid":{"rendered":"https:\/\/baldumarket.lt\/product\/windsor-18-szafa-1d1s-z-lustrem-cashmere\/"},"modified":"2026-04-12T16:34:51","modified_gmt":"2026-04-12T13:34:51","slug":"windsor-18-szafa-1d1s-z-lustrem-cashmere","status":"publish","type":"product","link":"https:\/\/baldumarket.lt\/lt\/product\/windsor-18-szafa-1d1s-z-lustrem-cashmere\/","title":{"rendered":"WINDSOR-18 &#8211; 1D1S Spinta su veidrod\u017eiu, ka\u0161myras"},"content":{"rendered":"<p>Atraskite elegancij\u0105 ir funkcionalum\u0105 savo erdv\u0117je su garsaus \u201eJarstol\u201c prek\u0117s \u017eenklo \u201eWINDSOR W-18\u201c spinta. Pagaminta i\u0161 subtilios ka\u0161myro spalvos, \u0161i spinta yra puikus sprendimas tiems, kurie ie\u0161ko stiliaus ir prakti\u0161kumo viename. Jos plonas siluetas ir moderni apdaila harmoningai der\u0117s prie bet kurio prie\u0161kambario, sukurdami darni\u0105 ir jauki\u0105 atmosfer\u0105. Spintoje yra didelis veidrodis, kuris ne tik vizualiai padidina erdv\u0119, bet ir suteikia lengvumo bei funkcionalumo. Kiekvien\u0105 dien\u0105, naudodamiesi veidrod\u017eiu ruo\u0161damiesi, pajusite, kiek lengviau jis palengvina j\u016bs\u0173 rytinius ritualus. Be to, spintos vidin\u0117s detal\u0117s, tokios kaip erdvus stal\u010dius ir daugyb\u0117 lentyn\u0173, leid\u017eia puikiai sutvarkyti j\u016bs\u0173 m\u0117gstamiausius drabu\u017eius ir aksesuarus. MDF plok\u0161t\u0117s priekin\u0117se dalyse ir masyvios laminuotos plok\u0161t\u0117s korpuse derinys daro \u201eWINDSOR W-18\u201c spint\u0105 ne tik esteti\u0161kai patraukli\u0105, bet ir i\u0161skirtinai patvari\u0105. Atspari \u012fbr\u0117\u017eimams med\u017eiaga ir \u0161velnaus u\u017edarymo sistema garantuoja ilgalaik\u012f naudojim\u0105 ir padidina kasdienio naudojimo komfort\u0105. Masyvaus \u0105\u017euolo kojel\u0117s pabr\u0117\u017eia nat\u016bral\u0173 konstrukcijos charakter\u012f ir stabilum\u0105.<\/p>","protected":false},"excerpt":{"rendered":"<p>Plotis (cm): 55<br \/>\nGylis (cm): 35<br \/>\n\u016agis (cm): 110<\/p>","protected":false},"featured_media":164917,"comment_status":"open","ping_status":"open","template":"","meta":[],"product_brand":[],"product_cat":[9517,4108,2006],"product_tag":[],"class_list":{"0":"post-164916","1":"product","2":"type-product","3":"status-publish","4":"has-post-thumbnail","6":"product_cat-furniture-system-windsor-jarstol-meble","7":"product_cat-jarstol","8":"product_cat-vitrines","10":"first","11":"instock","12":"purchasable","13":"product-type-simple"},"_links":{"self":[{"href":"https:\/\/baldumarket.lt\/lt\/wp-json\/wp\/v2\/product\/164916","targetHints":{"allow":["GET"]}}],"collection":[{"href":"https:\/\/baldumarket.lt\/lt\/wp-json\/wp\/v2\/product"}],"about":[{"href":"https:\/\/baldumarket.lt\/lt\/wp-json\/wp\/v2\/types\/product"}],"replies":[{"embeddable":true,"href":"https:\/\/baldumarket.lt\/lt\/wp-json\/wp\/v2\/comments?post=164916"}],"wp:featuredmedia":[{"embeddable":true,"href":"https:\/\/baldumarket.lt\/lt\/wp-json\/wp\/v2\/media\/164917"}],"wp:attachment":[{"href":"https:\/\/baldumarket.lt\/lt\/wp-json\/wp\/v2\/media?parent=164916"}],"wp:term":[{"taxonomy":"product_brand","embeddable":true,"href":"https:\/\/baldumarket.lt\/lt\/wp-json\/wp\/v2\/product_brand?post=164916"},{"taxonomy":"product_cat","embeddable":true,"href":"https:\/\/baldumarket.lt\/lt\/wp-json\/wp\/v2\/product_cat?post=164916"},{"taxonomy":"product_tag","embeddable":true,"href":"https:\/\/baldumarket.lt\/lt\/wp-json\/wp\/v2\/product_tag?post=164916"}],"curies":[{"name":"wp","href":"https:\/\/api.w.org\/{rel}","templated":true}]}}