{"id":164901,"date":"2025-12-19T15:04:17","date_gmt":"2025-12-19T12:04:17","guid":{"rendered":"https:\/\/baldumarket.lt\/product\/windsor-20-szafka-na-buty-2-drzwiowa-cashmere\/"},"modified":"2026-04-12T16:34:51","modified_gmt":"2026-04-12T13:34:51","slug":"windsor-20-szafka-na-buty-2-drzwiowa-cashmere","status":"publish","type":"product","link":"https:\/\/baldumarket.lt\/lt\/product\/windsor-20-szafka-na-buty-2-drzwiowa-cashmere\/","title":{"rendered":"WINDSOR-20 &#8211; Dviej\u0173 dur\u0173 ka\u0161myro bat\u0173 spintel\u0117"},"content":{"rendered":"<p>Elegancija ir funkcionalumas viename \u2013 WINDSOR W-20 bat\u0173 spintel\u0117 yra puikus pasirinkimas tiems, kurie vertina tvarking\u0105 prie\u0161kambar\u012f. Pagaminta i\u0161 auk\u0161tos kokyb\u0117s med\u017eiag\u0173, ji ne tik puikiai atrodo, bet ir ilgai tarnauja. Ka\u0161myro spalva suteikia interjerui subtilumo, o derinys su nat\u016braliu \u0105\u017euolu leid\u017eia baldui der\u0117ti prie \u012fvairi\u0173 interjer\u0173, sukuriant harmoning\u0105 visum\u0105. Vienas did\u017eiausi\u0173 WINDSOR W-20 spintel\u0117s privalum\u0173 \u2013 novatori\u0161ka \u0161velnaus u\u017edarymo sistema, leid\u017eianti patogiai naudotis spintele be erzinan\u010dio trankan\u010di\u0173 dur\u0173. Be to, vidus suprojektuotas taip, kad tilpt\u0173 visi j\u016bs\u0173 m\u0117gstamiausi batai, taip pat b\u016btini aksesuarai, tokie kaip raktai ir dokumentai. Netvarka prie\u0161kambaryje liks praeitimi! Be to, spintel\u0119 galima naudoti kaip s\u0117dyn\u0119, o tai tikrai \u012fvertins tie, kurie da\u017enai skuba apsiauti batus. Papildomai pasirenkama apmu\u0161ta s\u0117dyn\u0117 padidina kasdienio naudojimo komfort\u0105 ir leid\u017eia pritaikyti spintel\u0117s i\u0161vaizd\u0105 pagal individualius pageidavimus. Vos keliais paprastais \u017eingsniais galite paversti savo spintel\u0119 patogia vieta poilsiui apsiaunant batus.<\/p>","protected":false},"excerpt":{"rendered":"<p>Plotis (cm): 92<br \/>\nGylis (cm): 35<br \/>\n\u016agis (cm): 100<\/p>","protected":false},"featured_media":164902,"comment_status":"open","ping_status":"open","template":"","meta":[],"product_brand":[],"product_cat":[9517,4108,1997],"product_tag":[],"class_list":{"0":"post-164901","1":"product","2":"type-product","3":"status-publish","4":"has-post-thumbnail","6":"product_cat-furniture-system-windsor-jarstol-meble","7":"product_cat-jarstol","8":"product_cat-shoe-cabinets","10":"first","11":"instock","12":"purchasable","13":"product-type-simple"},"_links":{"self":[{"href":"https:\/\/baldumarket.lt\/lt\/wp-json\/wp\/v2\/product\/164901","targetHints":{"allow":["GET"]}}],"collection":[{"href":"https:\/\/baldumarket.lt\/lt\/wp-json\/wp\/v2\/product"}],"about":[{"href":"https:\/\/baldumarket.lt\/lt\/wp-json\/wp\/v2\/types\/product"}],"replies":[{"embeddable":true,"href":"https:\/\/baldumarket.lt\/lt\/wp-json\/wp\/v2\/comments?post=164901"}],"wp:featuredmedia":[{"embeddable":true,"href":"https:\/\/baldumarket.lt\/lt\/wp-json\/wp\/v2\/media\/164902"}],"wp:attachment":[{"href":"https:\/\/baldumarket.lt\/lt\/wp-json\/wp\/v2\/media?parent=164901"}],"wp:term":[{"taxonomy":"product_brand","embeddable":true,"href":"https:\/\/baldumarket.lt\/lt\/wp-json\/wp\/v2\/product_brand?post=164901"},{"taxonomy":"product_cat","embeddable":true,"href":"https:\/\/baldumarket.lt\/lt\/wp-json\/wp\/v2\/product_cat?post=164901"},{"taxonomy":"product_tag","embeddable":true,"href":"https:\/\/baldumarket.lt\/lt\/wp-json\/wp\/v2\/product_tag?post=164901"}],"curies":[{"name":"wp","href":"https:\/\/api.w.org\/{rel}","templated":true}]}}