{"id":164896,"date":"2025-12-19T15:04:07","date_gmt":"2025-12-19T12:04:07","guid":{"rendered":"https:\/\/baldumarket.lt\/product\/windsor-21-lustro-wiszace-cashmere\/"},"modified":"2026-04-12T16:34:51","modified_gmt":"2026-04-12T13:34:51","slug":"windsor-21-lustro-wiszace-cashmere","status":"publish","type":"product","link":"https:\/\/baldumarket.lt\/lt\/product\/windsor-21-lustro-wiszace-cashmere\/","title":{"rendered":"WINDSOR-21 &#8211; Ka\u0161myro pakabinamas veidrodis"},"content":{"rendered":"<p>\u201eWINDSOR W-21\u201c veidrodis yra b\u016btinas bet kurios modernios erdv\u0117s atributas. Eleganti\u0161kas, dekoratyvus ka\u0161myro r\u0117melis ne tik traukia ak\u012f, bet ir suteikia interjerui klas\u0117s bei stiliaus. \u0160io veidrod\u017eio unikalumas slypi harmoningame estetikos ir funkcionalumo derinyje, tod\u0117l jis tampa unikaliu bet kurio prie\u0161kambario, persirengimo kambario ar net miegamojo akcentu. Pagamintas i\u0161 patvarios MDF plok\u0161t\u0117s, veidrodis ne tik \u017eavi savo i\u0161vaizda, bet ir yra patvarus bei atsparus kasdieniam naudojimui. Subtili ka\u0161myro spalva puikiai atspindi dabartines tendencijas, ta\u010diau i\u0161lieka pakankamai universali, kad puikiai der\u0117t\u0173 su kitais baldais. D\u0117l kruop\u0161\u010diai sukurt\u0173 detali\u0173 \u201eWINDSOR W-21\u201c veidrodis spinduliuoja elegancija, kuri tikrai patiks visiems, vertinantiems rafinuot\u0105 interjer\u0105. Neabejotina, kad \u0161is veidrodis atlieka pagrindin\u012f vaidmen\u012f vizualiai ple\u010diant erdv\u0119. Jis puikiai atspindi \u0161vies\u0105, suteikdamas net ir ma\u017eesn\u0117ms patalpoms lengvumo ir jaukumo poj\u016bt\u012f. Nesvarbu, ar kuriate modern\u0173, ar klasikin\u012f interjer\u0105, \u201eW-21\u201c suteiks j\u016bs\u0173 interjerui ramyb\u0117s ir harmonijos, pabr\u0117\u017edamas jo savybes.<\/p>","protected":false},"excerpt":{"rendered":"<p>Plotis (cm): 92<br \/>\nGylis (cm): 2,5<br \/>\n\u016agis (cm): 52<\/p>","protected":false},"featured_media":164897,"comment_status":"open","ping_status":"open","template":"","meta":[],"product_brand":[],"product_cat":[9517,4108,1108],"product_tag":[],"class_list":{"0":"post-164896","1":"product","2":"type-product","3":"status-publish","4":"has-post-thumbnail","6":"product_cat-furniture-system-windsor-jarstol-meble","7":"product_cat-jarstol","8":"product_cat-mirrors","10":"first","11":"instock","12":"purchasable","13":"product-type-simple"},"_links":{"self":[{"href":"https:\/\/baldumarket.lt\/lt\/wp-json\/wp\/v2\/product\/164896","targetHints":{"allow":["GET"]}}],"collection":[{"href":"https:\/\/baldumarket.lt\/lt\/wp-json\/wp\/v2\/product"}],"about":[{"href":"https:\/\/baldumarket.lt\/lt\/wp-json\/wp\/v2\/types\/product"}],"replies":[{"embeddable":true,"href":"https:\/\/baldumarket.lt\/lt\/wp-json\/wp\/v2\/comments?post=164896"}],"wp:featuredmedia":[{"embeddable":true,"href":"https:\/\/baldumarket.lt\/lt\/wp-json\/wp\/v2\/media\/164897"}],"wp:attachment":[{"href":"https:\/\/baldumarket.lt\/lt\/wp-json\/wp\/v2\/media?parent=164896"}],"wp:term":[{"taxonomy":"product_brand","embeddable":true,"href":"https:\/\/baldumarket.lt\/lt\/wp-json\/wp\/v2\/product_brand?post=164896"},{"taxonomy":"product_cat","embeddable":true,"href":"https:\/\/baldumarket.lt\/lt\/wp-json\/wp\/v2\/product_cat?post=164896"},{"taxonomy":"product_tag","embeddable":true,"href":"https:\/\/baldumarket.lt\/lt\/wp-json\/wp\/v2\/product_tag?post=164896"}],"curies":[{"name":"wp","href":"https:\/\/api.w.org\/{rel}","templated":true}]}}