{"id":164891,"date":"2025-12-19T15:03:56","date_gmt":"2025-12-19T12:03:56","guid":{"rendered":"https:\/\/baldumarket.lt\/product\/windsor-22-wieszak-panel-cashmere\/"},"modified":"2026-04-12T16:34:42","modified_gmt":"2026-04-12T13:34:42","slug":"windsor-22-wieszak-panel-cashmere","status":"publish","type":"product","link":"https:\/\/baldumarket.lt\/lt\/product\/windsor-22-wieszak-panel-cashmere\/","title":{"rendered":"WINDSOR-22 \u2013 Ka\u0161myro plok\u0161\u010di\u0173 pakaba"},"content":{"rendered":"<p>WINDSOR W-22 pertvara \u2013 eleganti\u0161kas pasirinkimas, kuris suteiks j\u016bs\u0173 prie\u0161kambariui unikalumo, kartu u\u017etikrindamas tvark\u0105 ir harmonij\u0105. Subtilios ka\u0161myro spalvos apdaila puikiai dera prie modernaus interjero, d\u017eiugindama tiek estetika, tiek funkcionalumu. D\u0117l kruop\u0161\u010diai apgalvoto dizaino \u0161i pertvara taps ne tik prakti\u0161ku baldu, bet ir stilingu akcentu j\u016bs\u0173 namuose. Vienas svarbiausi\u0173 WINDSOR W-22 privalum\u0173 \u2013 gerai apgalvota forma. R\u0117melio nebuvimas suteikia pertvarai lengvumo ir erdvumo, tod\u0117l ji idealiai tinka net ir ma\u017eesniems prie\u0161kambariams. Vir\u0161utin\u0117 lentyna, pagaminta i\u0161 laminuotos plok\u0161t\u0117s, puikiai tinka smulkiems aksesuarams, pavyzd\u017eiui, kepur\u0117ms ar krep\u0161iams, o metalinis b\u0117gelis ir penki tvirti kabliukai leid\u017eia patogiai pakabinti drabu\u017eius ir kitus kasdienius daiktus. Dabar visi j\u016bs\u0173 daiktai visada bus ranka pasiekiami, i\u0161laikant i\u0161skirtin\u0119 tvark\u0105. Pertvara pagaminta i\u0161 auk\u0161tos kokyb\u0117s MDF plok\u0161t\u0117s, u\u017etikrinan\u010dios patvarum\u0105 ir eleganti\u0161k\u0105 i\u0161vaizd\u0105. Lygus ka\u0161myro spalvos pavir\u0161ius ne tik traukia d\u0117mes\u012f, bet ir leid\u017eia j\u012f lengvai valyti. Tai puikus sprendimas tiems, kurie vertina stili\u0173 ir patogum\u0105. D\u0117l savo nesenstan\u010dio dizaino WINDSOR W-22 harmoningai papildo kitus kolekcijos elementus, sukurdamas darn\u0173 ir eleganti\u0161k\u0105 interjer\u0105.<\/p>","protected":false},"excerpt":{"rendered":"<p>Plotis (cm): 92<br \/>\nGylis (cm): 25<br \/>\n\u016agis (cm): 80<\/p>","protected":false},"featured_media":164892,"comment_status":"open","ping_status":"open","template":"","meta":[],"product_brand":[],"product_cat":[9517,1931,4108],"product_tag":[],"class_list":{"0":"post-164891","1":"product","2":"type-product","3":"status-publish","4":"has-post-thumbnail","6":"product_cat-furniture-system-windsor-jarstol-meble","7":"product_cat-hangers","8":"product_cat-jarstol","10":"first","11":"instock","12":"purchasable","13":"product-type-simple"},"_links":{"self":[{"href":"https:\/\/baldumarket.lt\/lt\/wp-json\/wp\/v2\/product\/164891","targetHints":{"allow":["GET"]}}],"collection":[{"href":"https:\/\/baldumarket.lt\/lt\/wp-json\/wp\/v2\/product"}],"about":[{"href":"https:\/\/baldumarket.lt\/lt\/wp-json\/wp\/v2\/types\/product"}],"replies":[{"embeddable":true,"href":"https:\/\/baldumarket.lt\/lt\/wp-json\/wp\/v2\/comments?post=164891"}],"wp:featuredmedia":[{"embeddable":true,"href":"https:\/\/baldumarket.lt\/lt\/wp-json\/wp\/v2\/media\/164892"}],"wp:attachment":[{"href":"https:\/\/baldumarket.lt\/lt\/wp-json\/wp\/v2\/media?parent=164891"}],"wp:term":[{"taxonomy":"product_brand","embeddable":true,"href":"https:\/\/baldumarket.lt\/lt\/wp-json\/wp\/v2\/product_brand?post=164891"},{"taxonomy":"product_cat","embeddable":true,"href":"https:\/\/baldumarket.lt\/lt\/wp-json\/wp\/v2\/product_cat?post=164891"},{"taxonomy":"product_tag","embeddable":true,"href":"https:\/\/baldumarket.lt\/lt\/wp-json\/wp\/v2\/product_tag?post=164891"}],"curies":[{"name":"wp","href":"https:\/\/api.w.org\/{rel}","templated":true}]}}