{"id":164885,"date":"2025-12-19T15:03:43","date_gmt":"2025-12-19T12:03:43","guid":{"rendered":"https:\/\/baldumarket.lt\/product\/windsor-garderoba-1d1s-z-lustrem-cashmere\/"},"modified":"2026-04-12T16:34:42","modified_gmt":"2026-04-12T13:34:42","slug":"windsor-garderoba-1d1s-z-lustrem-cashmere","status":"publish","type":"product","link":"https:\/\/baldumarket.lt\/lt\/product\/windsor-garderoba-1d1s-z-lustrem-cashmere\/","title":{"rendered":"WINDSOR &#8211; 1D1S Spinta su ka\u0161myro veidrod\u017eiu"},"content":{"rendered":"<p>Ka\u0161myro spalvos \u201eWindsor\u201c spinta \u2013 tai baldas, kuris ne tik \u017eavi savo dizainu, bet ir suteikia harmonijos bei elegancijos bet kokiam interjerui. Moderni forma ir funkcionalumas daro j\u0105 idealiu sprendimu prie\u0161kambariui ar miegamajam. D\u0117l viso \u016bgio veidrod\u017eio spinta vizualiai i\u0161ple\u010dia erdv\u0119, o tai ypa\u010d vertinama ma\u017eesniuose kambariuose. Spintos vidus kruop\u0161\u010diai suplanuotas atsi\u017evelgiant \u012f komfort\u0105. Daugyb\u0117 pakab\u0173 ir lentyn\u0173 leid\u017eia pilnai i\u0161naudoti turim\u0105 erdv\u0119, u\u017etikrinant, kad j\u016bs\u0173 drabu\u017eiai ir aksesuarai i\u0161likt\u0173 tvarkingi. Eleganti\u0161kos vario spalvos rankenos suteikia rafinuotumo, o gerai organizuota erdv\u0117 u\u017etikrina, kad kiekvienas daiktas tur\u0117t\u0173 savo viet\u0105. Funkcionalumas kartu su estetika yra \u0161io dizaino s\u0117km\u0117s raktas. Ka\u0161myras \u2013 nesenstantis pasirinkimas, kuris i\u0161skirtinai lengvai dera su \u012fvairiais interjero dizaino stiliais. Nesvarbu, ar jums labiau patinka modernus, minimalistinis po\u017ei\u016bris, ar klasikin\u0117 elegancija, \u201eWindsor\u201c spinta puikiai papildys j\u016bs\u0173 interjer\u0105. Jos prislopintas atspalvis suteiks erdvei jaukumo ir \u0161ilumos.<\/p>","protected":false},"excerpt":{"rendered":"<p>Plotis (cm): 100<br \/>\nGylis (cm): 35<br \/>\n\u016agis (cm): 100<\/p>","protected":false},"featured_media":164886,"comment_status":"open","ping_status":"open","template":"","meta":[],"product_brand":[],"product_cat":[9517,4108,1177],"product_tag":[],"class_list":{"0":"post-164885","1":"product","2":"type-product","3":"status-publish","4":"has-post-thumbnail","6":"product_cat-furniture-system-windsor-jarstol-meble","7":"product_cat-jarstol","8":"product_cat-wardrobes","10":"first","11":"instock","12":"purchasable","13":"product-type-simple"},"_links":{"self":[{"href":"https:\/\/baldumarket.lt\/lt\/wp-json\/wp\/v2\/product\/164885","targetHints":{"allow":["GET"]}}],"collection":[{"href":"https:\/\/baldumarket.lt\/lt\/wp-json\/wp\/v2\/product"}],"about":[{"href":"https:\/\/baldumarket.lt\/lt\/wp-json\/wp\/v2\/types\/product"}],"replies":[{"embeddable":true,"href":"https:\/\/baldumarket.lt\/lt\/wp-json\/wp\/v2\/comments?post=164885"}],"wp:featuredmedia":[{"embeddable":true,"href":"https:\/\/baldumarket.lt\/lt\/wp-json\/wp\/v2\/media\/164886"}],"wp:attachment":[{"href":"https:\/\/baldumarket.lt\/lt\/wp-json\/wp\/v2\/media?parent=164885"}],"wp:term":[{"taxonomy":"product_brand","embeddable":true,"href":"https:\/\/baldumarket.lt\/lt\/wp-json\/wp\/v2\/product_brand?post=164885"},{"taxonomy":"product_cat","embeddable":true,"href":"https:\/\/baldumarket.lt\/lt\/wp-json\/wp\/v2\/product_cat?post=164885"},{"taxonomy":"product_tag","embeddable":true,"href":"https:\/\/baldumarket.lt\/lt\/wp-json\/wp\/v2\/product_tag?post=164885"}],"curies":[{"name":"wp","href":"https:\/\/api.w.org\/{rel}","templated":true}]}}