{"id":164877,"date":"2025-12-19T15:03:25","date_gmt":"2025-12-19T12:03:25","guid":{"rendered":"https:\/\/baldumarket.lt\/product\/grande-1-komoda-1d3s-dab-cremona\/"},"modified":"2026-04-12T16:34:42","modified_gmt":"2026-04-12T13:34:42","slug":"grande-1-komoda-1d3s-dab-cremona","status":"publish","type":"product","link":"https:\/\/baldumarket.lt\/lt\/product\/grande-1-komoda-1d3s-dab-cremona\/","title":{"rendered":"GRANDE-1 &#8211; Komoda 1D3S, Cremona \u0105\u017euolas"},"content":{"rendered":"<p>Atraskite GRANDE-1 komod\u0105, kurioje dera klasikinio stiliaus elegancija su moderniais sprendimais. Ar da\u017enai susim\u0105stote, kaip \u012fvesti tvark\u0105 \u012f savo interjer\u0105 neaukojant estetikos? \u0160i komoda \u2013 tai tobulas funkcionalumo ir dizaino derinys, atitinkantis naujausias tendencijas. Erdvi spintel\u0117 ir trys plat\u016bs stal\u010diai paver\u010dia GRANDE-1 puikia vieta laikyti kasdienius daiktus, su kuriais visi susiduriame kasdien. Ne tik prakti\u0161kumas, bet ir stilius paver\u010dia \u0161i\u0105 komod\u0105 nepakei\u010diamu elementu kiekvienuose namuose. \u0160ilta Kremonos \u0105\u017euolo spalva suteikia interjerui jaukumo, o subtili medienos tekst\u016bra \u2013 eleganti\u0161k\u0105, ta\u010diau nat\u016brali\u0105 i\u0161vaizd\u0105. Apval\u016bs kra\u0161tai \u2013 ma\u017ea, bet svarbi detal\u0117, pabr\u0117\u017eianti formos lengvum\u0105 ir naudojimo saugum\u0105 \u2013 idealiai tinka \u0161eimoms su vaikais. Subtilios, diskreti\u0161kos matin\u0117s juodos spalvos ranken\u0117l\u0117s puikiai dera su bendru dizainu, nebla\u0161kydamos d\u0117mesio nuo unikalaus nat\u016brali\u0173 med\u017eiag\u0173 gro\u017eio. GRANDE-1 komoda \u2013 tai daugiau nei baldas; tai dizaino elementas, kuris puikiai tiks tiek moderniame, tiek klasikiniame interjere. D\u0117l universalaus patrauklumo jis nat\u016braliai papildo svetain\u0119, miegam\u0105j\u012f, prie\u0161kambar\u012f ar nam\u0173 biur\u0105.<\/p>","protected":false},"excerpt":{"rendered":"<p>Plotis (cm): 118<br \/>\nGylis (cm): 40,5<br \/>\n\u016agis (cm): 193<\/p>","protected":false},"featured_media":164878,"comment_status":"open","ping_status":"open","template":"","meta":[],"product_brand":[],"product_cat":[9506,1173,4108],"product_tag":[],"class_list":{"0":"post-164877","1":"product","2":"type-product","3":"status-publish","4":"has-post-thumbnail","6":"product_cat-furniture-system-grande-jarstol-meble","7":"product_cat-chests-of-drawers","8":"product_cat-jarstol","10":"first","11":"instock","12":"purchasable","13":"product-type-simple"},"_links":{"self":[{"href":"https:\/\/baldumarket.lt\/lt\/wp-json\/wp\/v2\/product\/164877","targetHints":{"allow":["GET"]}}],"collection":[{"href":"https:\/\/baldumarket.lt\/lt\/wp-json\/wp\/v2\/product"}],"about":[{"href":"https:\/\/baldumarket.lt\/lt\/wp-json\/wp\/v2\/types\/product"}],"replies":[{"embeddable":true,"href":"https:\/\/baldumarket.lt\/lt\/wp-json\/wp\/v2\/comments?post=164877"}],"wp:featuredmedia":[{"embeddable":true,"href":"https:\/\/baldumarket.lt\/lt\/wp-json\/wp\/v2\/media\/164878"}],"wp:attachment":[{"href":"https:\/\/baldumarket.lt\/lt\/wp-json\/wp\/v2\/media?parent=164877"}],"wp:term":[{"taxonomy":"product_brand","embeddable":true,"href":"https:\/\/baldumarket.lt\/lt\/wp-json\/wp\/v2\/product_brand?post=164877"},{"taxonomy":"product_cat","embeddable":true,"href":"https:\/\/baldumarket.lt\/lt\/wp-json\/wp\/v2\/product_cat?post=164877"},{"taxonomy":"product_tag","embeddable":true,"href":"https:\/\/baldumarket.lt\/lt\/wp-json\/wp\/v2\/product_tag?post=164877"}],"curies":[{"name":"wp","href":"https:\/\/api.w.org\/{rel}","templated":true}]}}