{"id":164869,"date":"2025-12-19T15:03:08","date_gmt":"2025-12-19T12:03:08","guid":{"rendered":"https:\/\/baldumarket.lt\/product\/grande-2-komoda-2d3s-dab-cremona\/"},"modified":"2026-04-12T16:34:42","modified_gmt":"2026-04-12T13:34:42","slug":"grande-2-komoda-2d3s-dab-cremona","status":"publish","type":"product","link":"https:\/\/baldumarket.lt\/lt\/product\/grande-2-komoda-2d3s-dab-cremona\/","title":{"rendered":"GRANDE-2 \u2013 Komoda 2D3S Cremona \u0105\u017euolas"},"content":{"rendered":"<p>Jei ie\u0161kote baldo, kuris derint\u0173 funkcionalum\u0105 ir elegancij\u0105, komoda GRANDE-2 yra puikus pasirinkimas. Jos nesenstantis dizainas, \u0161iltas kremonos \u0105\u017euolo atspalvis, suteiks jauki\u0105 atmosfer\u0105 bet kokiam interjerui ir u\u017etikrins prakti\u0161kus daikt\u0173 laikymo sprendimus. D\u0117l 139 cm plo\u010dio ir kruop\u0161taus gamybos proceso i\u0161 laminuotos plok\u0161t\u0117s, komoda bus ne tik dekoratyvinis elementas, bet ir naudinga priemon\u0117 j\u016bs\u0173 erdvei organizuoti. Komodoje yra trys erdv\u016bs stal\u010diai, puikiai tinkantys smulkiems kasdieniams daiktams laikyti. Erdviose \u0161onin\u0117se spintel\u0117se su lentynomis tilps viskas \u2013 nuo knyg\u0173 iki tekstil\u0117s. D\u0117l to GRANDE-2 puikiai tinka bet kokiems namams, nesvarbu, ar tai svetain\u0117, miegamasis, ar valgomasis. Kiekvienas baldo elementas buvo kruop\u0161\u010diai apgalvotas, kad j\u016bs\u0173 namuose b\u016bt\u0173 tvarka ir tvarkingumas. I\u0161manios detal\u0117s, tokios kaip u\u017eapvalinti kra\u0161tai, ne tik suteikia elegancijos, bet ir u\u017etikrina saugum\u0105. Matin\u0117s juodos metalin\u0117s rankenos yra ne tik patvarios, bet ir suteikia elegancijos, puikiai papildan\u010dios \u0161iuolaikines tendencijas. Komoda GRANDE-2 \u2013 tai klasikos ir modernumo derinys, kuris tikrai patiks kiekvienam gra\u017eaus interjero m\u0117g\u0117jui.<\/p>","protected":false},"excerpt":{"rendered":"<p>Plotis (cm): 139<br \/>\nGylis (cm): 40,5<br \/>\n\u016agis (cm): 86<\/p>","protected":false},"featured_media":164870,"comment_status":"open","ping_status":"open","template":"","meta":[],"product_brand":[],"product_cat":[9506,1173,4108],"product_tag":[],"class_list":{"0":"post-164869","1":"product","2":"type-product","3":"status-publish","4":"has-post-thumbnail","6":"product_cat-furniture-system-grande-jarstol-meble","7":"product_cat-chests-of-drawers","8":"product_cat-jarstol","10":"first","11":"instock","12":"purchasable","13":"product-type-simple"},"_links":{"self":[{"href":"https:\/\/baldumarket.lt\/lt\/wp-json\/wp\/v2\/product\/164869","targetHints":{"allow":["GET"]}}],"collection":[{"href":"https:\/\/baldumarket.lt\/lt\/wp-json\/wp\/v2\/product"}],"about":[{"href":"https:\/\/baldumarket.lt\/lt\/wp-json\/wp\/v2\/types\/product"}],"replies":[{"embeddable":true,"href":"https:\/\/baldumarket.lt\/lt\/wp-json\/wp\/v2\/comments?post=164869"}],"wp:featuredmedia":[{"embeddable":true,"href":"https:\/\/baldumarket.lt\/lt\/wp-json\/wp\/v2\/media\/164870"}],"wp:attachment":[{"href":"https:\/\/baldumarket.lt\/lt\/wp-json\/wp\/v2\/media?parent=164869"}],"wp:term":[{"taxonomy":"product_brand","embeddable":true,"href":"https:\/\/baldumarket.lt\/lt\/wp-json\/wp\/v2\/product_brand?post=164869"},{"taxonomy":"product_cat","embeddable":true,"href":"https:\/\/baldumarket.lt\/lt\/wp-json\/wp\/v2\/product_cat?post=164869"},{"taxonomy":"product_tag","embeddable":true,"href":"https:\/\/baldumarket.lt\/lt\/wp-json\/wp\/v2\/product_tag?post=164869"}],"curies":[{"name":"wp","href":"https:\/\/api.w.org\/{rel}","templated":true}]}}