{"id":164861,"date":"2025-12-19T15:02:50","date_gmt":"2025-12-19T12:02:50","guid":{"rendered":"https:\/\/baldumarket.lt\/product\/grande-3-komoda-3d3s-dab-cremona\/"},"modified":"2026-04-12T16:34:42","modified_gmt":"2026-04-12T13:34:42","slug":"grande-3-komoda-3d3s-dab-cremona","status":"publish","type":"product","link":"https:\/\/baldumarket.lt\/lt\/product\/grande-3-komoda-3d3s-dab-cremona\/","title":{"rendered":"GRANDE-3 \u2013 Komoda 3D3S Cremona \u0105\u017euolas"},"content":{"rendered":"<p>GRANDE \u2013 3 komoda \u2013 tai tobulas elegancijos ir prakti\u0161kumo derinys, neabejotinai tapsiantis j\u016bs\u0173 interjero traukos centru. Pagaminta i\u0161 auk\u0161tos kokyb\u0117s laminuotos plok\u0161t\u0117s, \u0161ilto Kremonos \u0105\u017euolo atspalvio, ji ne tik traukia ak\u012f, bet ir sukuria jauki\u0105 atmosfer\u0105 bet kuriame kambaryje. Erdvumas daro j\u0105 puikiu baldu svetainei, valgomajam ar miegamajam, kur svarbiausia yra stilius ir komfortas. I\u0161skirtinai plati 190 cm, GRANDE \u2013 3 komoda yra did\u017eiausias kolekcijos modelis, suteikiantis daug vietos daiktams susid\u0117ti. Trys spintel\u0117s su lentynomis ir centriniais, funkcionaliais stal\u010diais leid\u017eia lengvai susitvarkyti m\u0117gstamus daiktus. Joje galite lengvai laikyti stalo \u012frankius, tekstil\u0119 ir dokumentus, tod\u0117l palaikyti tvark\u0105 ir organizuotum\u0105 namuose bus malonu. \u0160i komoda i\u0161 kit\u0173 bald\u0173 i\u0161siskiria ne tik prakti\u0161kumu. Klasikinis jos dizainas kupinas subtili\u0173 detali\u0173, kurios suteikia lengvumo ir elegancijos. D\u0117l u\u017eapvalint\u0173 kra\u0161t\u0173 ir matini\u0173 metalini\u0173 ranken\u0117li\u0173 naudotis \u0161iuo baldu bus tikras malonumas. Stal\u010dius ar dureles galite atidaryti bet kuriuo metu, \u017einodami, kad d\u0117l moderni\u0173, \u0161velniai u\u017esidaran\u010di\u0173 vyri\u0173 jie atsidarys tyliai ir patogiai.<\/p>","protected":false},"excerpt":{"rendered":"<p>Plotis (cm): 190<br \/>\nGylis (cm): 40,5<br \/>\n\u016agis (cm): 86<\/p>","protected":false},"featured_media":164862,"comment_status":"open","ping_status":"open","template":"","meta":[],"product_brand":[],"product_cat":[9506,1173,4108],"product_tag":[],"class_list":{"0":"post-164861","1":"product","2":"type-product","3":"status-publish","4":"has-post-thumbnail","6":"product_cat-furniture-system-grande-jarstol-meble","7":"product_cat-chests-of-drawers","8":"product_cat-jarstol","10":"first","11":"instock","12":"purchasable","13":"product-type-simple"},"_links":{"self":[{"href":"https:\/\/baldumarket.lt\/lt\/wp-json\/wp\/v2\/product\/164861","targetHints":{"allow":["GET"]}}],"collection":[{"href":"https:\/\/baldumarket.lt\/lt\/wp-json\/wp\/v2\/product"}],"about":[{"href":"https:\/\/baldumarket.lt\/lt\/wp-json\/wp\/v2\/types\/product"}],"replies":[{"embeddable":true,"href":"https:\/\/baldumarket.lt\/lt\/wp-json\/wp\/v2\/comments?post=164861"}],"wp:featuredmedia":[{"embeddable":true,"href":"https:\/\/baldumarket.lt\/lt\/wp-json\/wp\/v2\/media\/164862"}],"wp:attachment":[{"href":"https:\/\/baldumarket.lt\/lt\/wp-json\/wp\/v2\/media?parent=164861"}],"wp:term":[{"taxonomy":"product_brand","embeddable":true,"href":"https:\/\/baldumarket.lt\/lt\/wp-json\/wp\/v2\/product_brand?post=164861"},{"taxonomy":"product_cat","embeddable":true,"href":"https:\/\/baldumarket.lt\/lt\/wp-json\/wp\/v2\/product_cat?post=164861"},{"taxonomy":"product_tag","embeddable":true,"href":"https:\/\/baldumarket.lt\/lt\/wp-json\/wp\/v2\/product_tag?post=164861"}],"curies":[{"name":"wp","href":"https:\/\/api.w.org\/{rel}","templated":true}]}}