{"id":164853,"date":"2025-12-19T15:02:33","date_gmt":"2025-12-19T12:02:33","guid":{"rendered":"https:\/\/baldumarket.lt\/product\/grande-4-witryna-1-drzwiowa-dab-cremona\/"},"modified":"2026-04-12T16:34:42","modified_gmt":"2026-04-12T13:34:42","slug":"grande-4-witryna-1-drzwiowa-dab-cremona","status":"publish","type":"product","link":"https:\/\/baldumarket.lt\/lt\/product\/grande-4-witryna-1-drzwiowa-dab-cremona\/","title":{"rendered":"GRANDE-4 \u2013 Vien\u0173 dur\u0173 vitrina, Kremono \u0105\u017euolas"},"content":{"rendered":"<p>GRANDE \u2013 4 vitrina \u2013 puikus pasirinkimas ie\u0161kantiems harmoningo stiliaus ir funkcionalumo derinio. 200 cm auk\u0161\u010dio \u0161i spintel\u0117 ne tik si\u016blo daug vietos daiktams susid\u0117ti, bet ir tampa ry\u0161kiu dekoratyviniu elementu j\u016bs\u0173 interjere. Nesvarbu, ar eksponuojate brang\u0173 porcelian\u0105, puikius vynus, ar \u0161eimos relikvijas, ji tikrai pritrauks ak\u012f ir sustiprins j\u016bs\u0173 nam\u0173 charakter\u012f. Spintel\u0117je yra dvi stiklin\u0117s lentynos, kurios d\u0117l \u0161iek tiek d\u016bminio gr\u016bdinto stiklo suteikia spintelei lengvumo ir elegancijos. \u0160i subtili detal\u0117 ne tik pagerina estetin\u012f patrauklum\u0105, bet ir u\u017etikrina saugum\u0105, tod\u0117l galite b\u016bti tikri, kad j\u016bs\u0173 eksponuojami daiktai bus apsaugoti nuo pa\u017eeidim\u0173. D\u0117l stiklinio priekio spintel\u0117s turinys tampa gyva dekoracija, kuri kei\u010diasi pagal j\u016bs\u0173 poreikius ir skon\u012f. Kremonos \u0105\u017euolo spalva \u2013 tai pasirinkimas, kuris papildo bet kok\u012f interjer\u0105. \u0160iltas atspalvis su matoma medienos tekst\u016bra leid\u017eia jai puikiai der\u0117ti tiek klasikiniame, tiek moderniame interjere. GRANDE \u2013 4 vitrina puikiai dera su kitais dizaino elementais, o apvalios detal\u0117s suteikia subtilumo ir saugumo, o tai ypa\u010d svarbu namuose su vaikais ar augintiniais.<\/p>","protected":false},"excerpt":{"rendered":"<p>Plotis (cm): 68<br \/>\nGylis (cm): 40,5<br \/>\n\u016agis (cm): 86<\/p>","protected":false},"featured_media":164854,"comment_status":"open","ping_status":"open","template":"","meta":[],"product_brand":[],"product_cat":[9506,4108,2006],"product_tag":[],"class_list":{"0":"post-164853","1":"product","2":"type-product","3":"status-publish","4":"has-post-thumbnail","6":"product_cat-furniture-system-grande-jarstol-meble","7":"product_cat-jarstol","8":"product_cat-vitrines","10":"first","11":"instock","12":"purchasable","13":"product-type-simple"},"_links":{"self":[{"href":"https:\/\/baldumarket.lt\/lt\/wp-json\/wp\/v2\/product\/164853","targetHints":{"allow":["GET"]}}],"collection":[{"href":"https:\/\/baldumarket.lt\/lt\/wp-json\/wp\/v2\/product"}],"about":[{"href":"https:\/\/baldumarket.lt\/lt\/wp-json\/wp\/v2\/types\/product"}],"replies":[{"embeddable":true,"href":"https:\/\/baldumarket.lt\/lt\/wp-json\/wp\/v2\/comments?post=164853"}],"wp:featuredmedia":[{"embeddable":true,"href":"https:\/\/baldumarket.lt\/lt\/wp-json\/wp\/v2\/media\/164854"}],"wp:attachment":[{"href":"https:\/\/baldumarket.lt\/lt\/wp-json\/wp\/v2\/media?parent=164853"}],"wp:term":[{"taxonomy":"product_brand","embeddable":true,"href":"https:\/\/baldumarket.lt\/lt\/wp-json\/wp\/v2\/product_brand?post=164853"},{"taxonomy":"product_cat","embeddable":true,"href":"https:\/\/baldumarket.lt\/lt\/wp-json\/wp\/v2\/product_cat?post=164853"},{"taxonomy":"product_tag","embeddable":true,"href":"https:\/\/baldumarket.lt\/lt\/wp-json\/wp\/v2\/product_tag?post=164853"}],"curies":[{"name":"wp","href":"https:\/\/api.w.org\/{rel}","templated":true}]}}