{"id":164845,"date":"2025-12-19T15:02:16","date_gmt":"2025-12-19T12:02:16","guid":{"rendered":"https:\/\/baldumarket.lt\/product\/grande-5-komoda-rtv-3d1s-dab-cremona\/"},"modified":"2026-04-12T16:34:42","modified_gmt":"2026-04-12T13:34:42","slug":"grande-5-komoda-rtv-3d1s-dab-cremona","status":"publish","type":"product","link":"https:\/\/baldumarket.lt\/lt\/product\/grande-5-komoda-rtv-3d1s-dab-cremona\/","title":{"rendered":"GRANDE-5 \u2013 TV spintel\u0117 3D1S, Cremona \u0105\u017euolo spalvos"},"content":{"rendered":"<p>GRANDE-5 televizoriaus staliukas \u2013 eleganti\u0161kas baldas, kuris suteiks j\u016bs\u0173 svetainei unikalumo. 190 cm ilgio jis puikiai dera su didesniais televizoriais ir elektronika, sukurdamas j\u016bs\u0173 poilsio zonos traukos centr\u0105. \u0160iltas kremonos \u0105\u017euolo atspalvis suteikia interjerui nat\u016bralaus \u017eavesio, o i\u0161skirtinis ra\u0161tas traukia ak\u012f ir sukuria jaukumo poj\u016bt\u012f. GRANDE-5 i\u0161siskiria apgalvotu erdv\u0117s organizavimu. Jame yra trys rakinamos spintel\u0117s, kuriose prakti\u0161kai galima laikyti \u012fvairius priedus. Centrin\u0117 ni\u0161a puikiai tinka pried\u0117liui, garsiakalbiui ar \u017eaidim\u0173 konsolei, o stal\u010dius su \u0161velniu u\u017edarymu \u2013 puikus sprendimas tiems, kurie vertina komfort\u0105. D\u0117l \u0161velnaus u\u017edarymo sistemos galite pamir\u0161ti triuk\u0161m\u0105 u\u017edarant spintel\u0119, tod\u0117l naudotis ja bus maloniau. GRANDE-5 televizoriaus staliuk\u0105 i\u0161skirtiniu daro ne tik funkcionalumas. Klasikinis dizainas su \u0161velniai u\u017eapvalintais kra\u0161tais derina elegancij\u0105 ir saugum\u0105. \u0160ios estetin\u0117s detal\u0117s leid\u017eia \u0161iam baldui der\u0117ti prie \u012fvairi\u0173 interjero stili\u0173 \u2013 nuo klasikinio iki kaimi\u0161ko. Jis pasi\u017eymi puikiu stiliaus ir prakti\u0161kumo deriniu, tod\u0117l yra idealus pasirinkimas tiems, kurie m\u0117gsta harmoning\u0105 interjer\u0105.<\/p>","protected":false},"excerpt":{"rendered":"<p>Plotis (cm): 190<br \/>\nGylis (cm): 40,5<br \/>\n\u016agis (cm): 200<\/p>","protected":false},"featured_media":164846,"comment_status":"open","ping_status":"open","template":"","meta":[],"product_brand":[],"product_cat":[9506,4108,1175],"product_tag":[],"class_list":{"0":"post-164845","1":"product","2":"type-product","3":"status-publish","4":"has-post-thumbnail","6":"product_cat-furniture-system-grande-jarstol-meble","7":"product_cat-jarstol","8":"product_cat-tv-stands","10":"first","11":"instock","12":"purchasable","13":"product-type-simple"},"_links":{"self":[{"href":"https:\/\/baldumarket.lt\/lt\/wp-json\/wp\/v2\/product\/164845","targetHints":{"allow":["GET"]}}],"collection":[{"href":"https:\/\/baldumarket.lt\/lt\/wp-json\/wp\/v2\/product"}],"about":[{"href":"https:\/\/baldumarket.lt\/lt\/wp-json\/wp\/v2\/types\/product"}],"replies":[{"embeddable":true,"href":"https:\/\/baldumarket.lt\/lt\/wp-json\/wp\/v2\/comments?post=164845"}],"wp:featuredmedia":[{"embeddable":true,"href":"https:\/\/baldumarket.lt\/lt\/wp-json\/wp\/v2\/media\/164846"}],"wp:attachment":[{"href":"https:\/\/baldumarket.lt\/lt\/wp-json\/wp\/v2\/media?parent=164845"}],"wp:term":[{"taxonomy":"product_brand","embeddable":true,"href":"https:\/\/baldumarket.lt\/lt\/wp-json\/wp\/v2\/product_brand?post=164845"},{"taxonomy":"product_cat","embeddable":true,"href":"https:\/\/baldumarket.lt\/lt\/wp-json\/wp\/v2\/product_cat?post=164845"},{"taxonomy":"product_tag","embeddable":true,"href":"https:\/\/baldumarket.lt\/lt\/wp-json\/wp\/v2\/product_tag?post=164845"}],"curies":[{"name":"wp","href":"https:\/\/api.w.org\/{rel}","templated":true}]}}