{"id":164830,"date":"2025-12-19T15:01:42","date_gmt":"2025-12-19T12:01:42","guid":{"rendered":"https:\/\/baldumarket.lt\/product\/grande-7-szafka-nocna-1-drzwiowa-dab-cremona\/"},"modified":"2026-04-12T16:34:32","modified_gmt":"2026-04-12T13:34:32","slug":"grande-7-szafka-nocna-1-drzwiowa-dab-cremona","status":"publish","type":"product","link":"https:\/\/baldumarket.lt\/lt\/product\/grande-7-szafka-nocna-1-drzwiowa-dab-cremona\/","title":{"rendered":"GRANDE-7 \u2013 Vien\u0173 dur\u0173 naktinis staliukas, Cremona \u0105\u017euolas"},"content":{"rendered":"<p>Baldai, kuriuose dera gro\u017eis ir funkcionalumas, yra tikras lobis bet kuriame miegamajame. \u201eJarstol\u201c kremonos \u0105\u017euolo spalvos GRANDE-7 naktinis staliukas yra puikus pasirinkimas tiems, kurie nori \u012f savo interjer\u0105 \u012fne\u0161ti ne tik elegancijos, bet ir harmonijos bei tvarkos. Rakinama konstrukcija su prakti\u0161ka vidine lentyna u\u017etikrina, kad visi smulk\u016bs daiktai b\u016bt\u0173 esteti\u0161kai pasl\u0117pti ir lengvai pasiekiami. Tai kiekvien\u0105 vakar\u0105 paver\u010dia atsipalaidavimo akimirka tvarkingoje erdv\u0117je. Prakti\u0161kumas \u2013 ne vienintelis dalykas, d\u0117l kurio \u0161is naktinis staliukas yra unikalus. \u0160ilta kremonos \u0105\u017euolo spalva, \u012fkv\u0117pta nat\u016bralios medienos, suteikia miegamajam jaukumo ir komforto atmosfer\u0105. Subtil\u016bs linkiai ir subtilios matin\u0117s juodos ranken\u0117l\u0117s suteikia elegancijos, sukurdamos darni\u0105, esteti\u0161kai patraukli\u0105 i\u0161vaizd\u0105, kuri lengvai \u012fsilies tiek \u012f klasikin\u012f, tiek \u012f modern\u0173 interjero dizain\u0105. \u0160is baldas puikiai der\u0117s su kitais GRANDE kolekcijos elementais, leisdamas jums sukurti ne\u012ftik\u0117tinai stiling\u0105 erdv\u0119. Pasirinkdami GRANDE-7 naktin\u012f staliuk\u0105, investuojate \u012f bald\u0105, kuris pagerins j\u016bs\u0173 miegamojo charakter\u012f. D\u0117l \u0161velnaus u\u017edarymo mechanizmo kasdienis \u0161ios spintel\u0117s naudojimas yra ne tik patogus, bet ir tylus \u2013 puikiai tinka tiems, kurie vertina ramyb\u0119 ir harmonij\u0105 net ir smulkiausiose detal\u0117se. U\u017edara konstrukcija leid\u017eia palaikyti tvark\u0105, o tai ypa\u010d svarbu poilsio zonoje, kur bet koks chaosas gali sutrikdyti poils\u012f.<\/p>","protected":false},"excerpt":{"rendered":"<p>Plotis (cm): 47,5<br \/>\nGylis (cm): 40,5<br \/>\n\u016agis (cm): 52,5<\/p>","protected":false},"featured_media":164831,"comment_status":"open","ping_status":"open","template":"","meta":[],"product_brand":[],"product_cat":[9506,1176,4108],"product_tag":[],"class_list":{"0":"post-164830","1":"product","2":"type-product","3":"status-publish","4":"has-post-thumbnail","6":"product_cat-furniture-system-grande-jarstol-meble","7":"product_cat-bedside-tables","8":"product_cat-jarstol","10":"first","11":"instock","12":"purchasable","13":"product-type-simple"},"_links":{"self":[{"href":"https:\/\/baldumarket.lt\/lt\/wp-json\/wp\/v2\/product\/164830","targetHints":{"allow":["GET"]}}],"collection":[{"href":"https:\/\/baldumarket.lt\/lt\/wp-json\/wp\/v2\/product"}],"about":[{"href":"https:\/\/baldumarket.lt\/lt\/wp-json\/wp\/v2\/types\/product"}],"replies":[{"embeddable":true,"href":"https:\/\/baldumarket.lt\/lt\/wp-json\/wp\/v2\/comments?post=164830"}],"wp:featuredmedia":[{"embeddable":true,"href":"https:\/\/baldumarket.lt\/lt\/wp-json\/wp\/v2\/media\/164831"}],"wp:attachment":[{"href":"https:\/\/baldumarket.lt\/lt\/wp-json\/wp\/v2\/media?parent=164830"}],"wp:term":[{"taxonomy":"product_brand","embeddable":true,"href":"https:\/\/baldumarket.lt\/lt\/wp-json\/wp\/v2\/product_brand?post=164830"},{"taxonomy":"product_cat","embeddable":true,"href":"https:\/\/baldumarket.lt\/lt\/wp-json\/wp\/v2\/product_cat?post=164830"},{"taxonomy":"product_tag","embeddable":true,"href":"https:\/\/baldumarket.lt\/lt\/wp-json\/wp\/v2\/product_tag?post=164830"}],"curies":[{"name":"wp","href":"https:\/\/api.w.org\/{rel}","templated":true}]}}