{"id":164823,"date":"2025-12-19T15:01:28","date_gmt":"2025-12-19T12:01:28","guid":{"rendered":"https:\/\/baldumarket.lt\/product\/grande-8-szafa-2-drzwiowa-dab-cremona\/"},"modified":"2026-04-12T16:34:32","modified_gmt":"2026-04-12T13:34:32","slug":"grande-8-szafa-2-drzwiowa-dab-cremona","status":"publish","type":"product","link":"https:\/\/baldumarket.lt\/lt\/product\/grande-8-szafa-2-drzwiowa-dab-cremona\/","title":{"rendered":"GRANDE-8 \u2013 Dviej\u0173 dur\u0173 spinta, Cremona \u0105\u017euolo spalvos"},"content":{"rendered":"<p>Spinta GRANDE-8 \u2013 puikus sprendimas ie\u0161kantiems harmonijos ir tvarkos savo erdv\u0117je. Gerai apgalvotas dizainas ir klasikin\u0117 kremonos \u0105\u017euolo spalva paver\u010dia \u0161i\u0105 spint\u0105 ne tik prakti\u0161ku baldu, bet ir stilingu dekoratyviniu elementu. Ji leid\u017eia lengvai susitvarkyti drabu\u017eius ir aksesuarus, m\u0117gaujantis eleganti\u0161ka interjero i\u0161vaizda. Svajojate apie erdvi\u0105 spint\u0105, kurioje tilps visi j\u016bs\u0173 drabu\u017eiai? Spinta GRANDE-8 turi \u012fvairias lentynas ir pakabos b\u0117gel\u012f, leid\u017eiant\u012f lengvai r\u016b\u0161iuoti drabu\u017eius. Vienoje pus\u0117je rasite vir\u0161utin\u0119 lentyn\u0105 ir pakabos b\u0117gel\u012f, puikiai tinkan\u010dius mar\u0161kiniams ir striuk\u0117ms, o apa\u010dioje \u2013 dar vien\u0105 lentyn\u0105 ma\u017eesniems daiktams. Kitoje pus\u0117je keturios erdvios lentynos lengvai tilps megztinius, krep\u0161ius ir kitus aksesuarus, tod\u0117l maksimaliai i\u0161naudosite turim\u0105 erdv\u0119. \u0160iame balde svarb\u0173 vaidmen\u012f atlieka ne tik funkcionalumas, bet ir estetika. Spinta pagaminta i\u0161 auk\u0161tos kokyb\u0117s laminuotos plok\u0161t\u0117s, u\u017etikrinan\u010dios jos ilgaam\u017ei\u0161kum\u0105. Kremonos \u0105\u017euolo spalva suteikia jai nat\u016bralaus \u0161ilumos, o matin\u0117s juodos ranken\u0117l\u0117s ir subtilios, apvalios detal\u0117s \u2013 rafinuotumo. \u0160is baldas \u017eavi savo elegancija, nepriklausomai nuo interjero stiliaus.<\/p>","protected":false},"excerpt":{"rendered":"<p>Plotis (cm): 86,5<br \/>\nGylis (cm): 58,5<br \/>\n\u016agis (cm): 52,5<\/p>","protected":false},"featured_media":164824,"comment_status":"open","ping_status":"open","template":"","meta":[],"product_brand":[],"product_cat":[9506,4108,1177],"product_tag":[],"class_list":{"0":"post-164823","1":"product","2":"type-product","3":"status-publish","4":"has-post-thumbnail","6":"product_cat-furniture-system-grande-jarstol-meble","7":"product_cat-jarstol","8":"product_cat-wardrobes","10":"first","11":"instock","12":"purchasable","13":"product-type-simple"},"_links":{"self":[{"href":"https:\/\/baldumarket.lt\/lt\/wp-json\/wp\/v2\/product\/164823","targetHints":{"allow":["GET"]}}],"collection":[{"href":"https:\/\/baldumarket.lt\/lt\/wp-json\/wp\/v2\/product"}],"about":[{"href":"https:\/\/baldumarket.lt\/lt\/wp-json\/wp\/v2\/types\/product"}],"replies":[{"embeddable":true,"href":"https:\/\/baldumarket.lt\/lt\/wp-json\/wp\/v2\/comments?post=164823"}],"wp:featuredmedia":[{"embeddable":true,"href":"https:\/\/baldumarket.lt\/lt\/wp-json\/wp\/v2\/media\/164824"}],"wp:attachment":[{"href":"https:\/\/baldumarket.lt\/lt\/wp-json\/wp\/v2\/media?parent=164823"}],"wp:term":[{"taxonomy":"product_brand","embeddable":true,"href":"https:\/\/baldumarket.lt\/lt\/wp-json\/wp\/v2\/product_brand?post=164823"},{"taxonomy":"product_cat","embeddable":true,"href":"https:\/\/baldumarket.lt\/lt\/wp-json\/wp\/v2\/product_cat?post=164823"},{"taxonomy":"product_tag","embeddable":true,"href":"https:\/\/baldumarket.lt\/lt\/wp-json\/wp\/v2\/product_tag?post=164823"}],"curies":[{"name":"wp","href":"https:\/\/api.w.org\/{rel}","templated":true}]}}