{"id":164815,"date":"2025-12-19T15:01:12","date_gmt":"2025-12-19T12:01:12","guid":{"rendered":"https:\/\/baldumarket.lt\/product\/grande-9-witryna-3d2s-dab-cremona\/"},"modified":"2026-04-12T16:34:32","modified_gmt":"2026-04-12T13:34:32","slug":"grande-9-witryna-3d2s-dab-cremona","status":"publish","type":"product","link":"https:\/\/baldumarket.lt\/lt\/product\/grande-9-witryna-3d2s-dab-cremona\/","title":{"rendered":"GRANDE-9 \u2013 3D2S vitrina, Cremona \u0105\u017euolo spalvos"},"content":{"rendered":"<p>\u2019Jarstol GRANDE-9\u2019 vitrina \u2013 puikus pasirinkimas tiems, kurie savo interjere siekia suderinti elegancij\u0105 ir funkcionalum\u0105. \u0160iltas Kremonos \u0105\u017euolo atspalvis spinduliuoja jaukumu ir puikiai dera tiek su moderniu, tiek su klasikiniu interjeru. D\u0117l stilingo dizaino \u0161is baldas taps j\u016bs\u0173 svetain\u0117s, valgomojo ar prie\u0161kambario traukos centru, pritraukdamas lankytoj\u0173 d\u0117mes\u012f. Vienas i\u0161 pagrindini\u0173 GRANDE-9 privalum\u0173 \u2013 funkcionalumas. \u012estiklinta dalis su saugiu gr\u016bdintu stiklu eleganti\u0161kai eksponuoja j\u016bs\u0173 m\u0117gstamiausias dekoracijas, knygas ar puodeli\u0173 rinkinius. Sutvirtinta konstrukcija ir \u0161velniai u\u017esidaran\u010dios durel\u0117s leid\u017eia naudotis vitrina nepaprastai patogiai. Tur\u0117dami \u012fvairi\u0173 daikt\u0173 laikymo viet\u0173, \u012fskaitant u\u017edar\u0105 spintel\u0119 ir erdvius stal\u010dius, galite lengvai susitvarkyti visus savo nieku\u010dius ir naudingus priedus. GRANDE-9 universalumas rei\u0161kia, kad ji gali atlikti daugyb\u0119 vaidmen\u0173 j\u016bs\u0173 namuose. Ji puikiai tinka kaip svetain\u0117s dekoro elementas, bet taip pat ir kaip eleganti\u0161ka vitrina valgomajame. Klasikin\u0117s detal\u0117s, \u012fkv\u0117ptos pereinamojo stiliaus, suteiks bet kuriam kambariui unikal\u0173 charakter\u012f. Be to, unikalus spalv\u0173 ir med\u017eiag\u0173 derinys u\u017etikrins, kad vitrina skland\u017eiai der\u0117s prie kit\u0173 j\u016bs\u0173 interjero bald\u0173.<\/p>","protected":false},"excerpt":{"rendered":"<p>Plotis (cm): 116<br \/>\nGylis (cm): 40,5<br \/>\n\u016agis (cm): 200<\/p>","protected":false},"featured_media":164816,"comment_status":"open","ping_status":"open","template":"","meta":[],"product_brand":[],"product_cat":[9506,4108,2006],"product_tag":[],"class_list":{"0":"post-164815","1":"product","2":"type-product","3":"status-publish","4":"has-post-thumbnail","6":"product_cat-furniture-system-grande-jarstol-meble","7":"product_cat-jarstol","8":"product_cat-vitrines","10":"first","11":"instock","12":"purchasable","13":"product-type-simple"},"_links":{"self":[{"href":"https:\/\/baldumarket.lt\/lt\/wp-json\/wp\/v2\/product\/164815","targetHints":{"allow":["GET"]}}],"collection":[{"href":"https:\/\/baldumarket.lt\/lt\/wp-json\/wp\/v2\/product"}],"about":[{"href":"https:\/\/baldumarket.lt\/lt\/wp-json\/wp\/v2\/types\/product"}],"replies":[{"embeddable":true,"href":"https:\/\/baldumarket.lt\/lt\/wp-json\/wp\/v2\/comments?post=164815"}],"wp:featuredmedia":[{"embeddable":true,"href":"https:\/\/baldumarket.lt\/lt\/wp-json\/wp\/v2\/media\/164816"}],"wp:attachment":[{"href":"https:\/\/baldumarket.lt\/lt\/wp-json\/wp\/v2\/media?parent=164815"}],"wp:term":[{"taxonomy":"product_brand","embeddable":true,"href":"https:\/\/baldumarket.lt\/lt\/wp-json\/wp\/v2\/product_brand?post=164815"},{"taxonomy":"product_cat","embeddable":true,"href":"https:\/\/baldumarket.lt\/lt\/wp-json\/wp\/v2\/product_cat?post=164815"},{"taxonomy":"product_tag","embeddable":true,"href":"https:\/\/baldumarket.lt\/lt\/wp-json\/wp\/v2\/product_tag?post=164815"}],"curies":[{"name":"wp","href":"https:\/\/api.w.org\/{rel}","templated":true}]}}