{"id":164807,"date":"2025-12-19T15:00:55","date_gmt":"2025-12-19T12:00:55","guid":{"rendered":"https:\/\/baldumarket.lt\/product\/grande-10-lawa-stolik-kawowy-dab-cremona\/"},"modified":"2026-04-12T16:34:32","modified_gmt":"2026-04-12T13:34:32","slug":"grande-10-lawa-stolik-kawowy-dab-cremona","status":"publish","type":"product","link":"https:\/\/baldumarket.lt\/lt\/product\/grande-10-lawa-stolik-kawowy-dab-cremona\/","title":{"rendered":"GRANDE-10 \u2013 Kremonos \u0105\u017euolo kavos staliukas"},"content":{"rendered":"<p>GRANDE-10 kavos staliukas yra elegancijos ir funkcionalumo kvintesencija, suteikianti j\u016bs\u0173 svetainei nauj\u0105 dimensij\u0105. Jo apgalvotas dizainas ne tik suteikia stiling\u0105 bald\u0105, bet ir prakti\u0161k\u0105 daikt\u0173 laikymo viet\u0105. Stal\u010dius vienoje pus\u0117je ir atvira lentyna kitoje \u2013 puikus sprendimas, pad\u0117siantis suvaldyti kasdien\u012f chaos\u0105. Galite lengvai laikyti smulkius daiktus ir tuo pa\u010diu metu parodyti tai, kas jums svarbu. Kremonos \u0105\u017euolo spalva suteikia j\u016bs\u0173 interjerui \u0161ilumos ir nat\u016bralumo, suteikdama jaukumo. Rafinuota medienos tekst\u016bra kartu su subtiliais linkiais paver\u010dia GRANDE-10 kavos staliuk\u0105 ne tik baldu, bet ir gra\u017eiu dekoratyviniu elementu. Nesvarbu, ar rengiate susib\u016brim\u0105 su draugais, ar atsipalaiduojate su m\u0117gstama knyga, \u0161is kavos staliukas taps j\u016bs\u0173 patikimu kasdieniu palydovu. Pagamintas i\u0161 auk\u0161tos kokyb\u0117s laminuotos plok\u0161t\u0117s, kavos staliukas u\u017etikrina ne tik estetin\u012f patrauklum\u0105, bet ir ilgaam\u017ei\u0161kum\u0105. D\u0117l stabilios konstrukcijos jis yra baldas, kuris gali atlaikyti kasdien\u012f naudojim\u0105. D\u0117l kruop\u0161\u010diai paruo\u0161t\u0173 detali\u0173, toki\u0173 kaip matin\u0117s juodos rankenos, GRANDE-10 yra ak\u012f traukiantis ir pabr\u0117\u017eia j\u016bs\u0173 interjero charakter\u012f.<\/p>","protected":false},"excerpt":{"rendered":"<p>Plotis (cm): 90<br \/>\nGylis (cm): 58<br \/>\n\u016agis (cm): 168<\/p>","protected":false},"featured_media":164808,"comment_status":"open","ping_status":"open","template":"","meta":[],"product_brand":[],"product_cat":[9506,866,4108],"product_tag":[],"class_list":{"0":"post-164807","1":"product","2":"type-product","3":"status-publish","4":"has-post-thumbnail","6":"product_cat-furniture-system-grande-jarstol-meble","7":"product_cat-coffee-tables","8":"product_cat-jarstol","10":"first","11":"instock","12":"purchasable","13":"product-type-simple"},"_links":{"self":[{"href":"https:\/\/baldumarket.lt\/lt\/wp-json\/wp\/v2\/product\/164807","targetHints":{"allow":["GET"]}}],"collection":[{"href":"https:\/\/baldumarket.lt\/lt\/wp-json\/wp\/v2\/product"}],"about":[{"href":"https:\/\/baldumarket.lt\/lt\/wp-json\/wp\/v2\/types\/product"}],"replies":[{"embeddable":true,"href":"https:\/\/baldumarket.lt\/lt\/wp-json\/wp\/v2\/comments?post=164807"}],"wp:featuredmedia":[{"embeddable":true,"href":"https:\/\/baldumarket.lt\/lt\/wp-json\/wp\/v2\/media\/164808"}],"wp:attachment":[{"href":"https:\/\/baldumarket.lt\/lt\/wp-json\/wp\/v2\/media?parent=164807"}],"wp:term":[{"taxonomy":"product_brand","embeddable":true,"href":"https:\/\/baldumarket.lt\/lt\/wp-json\/wp\/v2\/product_brand?post=164807"},{"taxonomy":"product_cat","embeddable":true,"href":"https:\/\/baldumarket.lt\/lt\/wp-json\/wp\/v2\/product_cat?post=164807"},{"taxonomy":"product_tag","embeddable":true,"href":"https:\/\/baldumarket.lt\/lt\/wp-json\/wp\/v2\/product_tag?post=164807"}],"curies":[{"name":"wp","href":"https:\/\/api.w.org\/{rel}","templated":true}]}}