{"id":164791,"date":"2025-12-19T15:00:18","date_gmt":"2025-12-19T12:00:18","guid":{"rendered":"https:\/\/baldumarket.lt\/product\/tadeusz-7-szafa-2-drzwiowa-dab-lefkas-opcja-z-polkami\/"},"modified":"2026-04-12T16:34:32","modified_gmt":"2026-04-12T13:34:32","slug":"tadeusz-7-szafa-2-drzwiowa-dab-lefkas-opcja-z-polkami","status":"publish","type":"product","link":"https:\/\/baldumarket.lt\/lt\/product\/tadeusz-7-szafa-2-drzwiowa-dab-lefkas-opcja-z-polkami\/","title":{"rendered":"TADEUSZ-7 \u2013 Dviej\u0173 dur\u0173 spinta \u201eLefkas Oak\u201c su lentynomis"},"content":{"rendered":"<p>Spinta TADEUSZ-7 \u2013 tai tobulas modernumo ir funkcionalumo derinys, puikiai tinkantis bet kokiai erdvei. Pagaminta i\u0161 auk\u0161\u010diausios kokyb\u0117s med\u017eiag\u0173, Lefko \u0105\u017euolo mediena \u017eavi savo elegancija ir \u0161iluma, o auksin\u0117s rankenos suteikia prabangos. 190 cm auk\u0161\u010dio, 90 cm plo\u010dio ir 57 cm gylio spinta puikiai tinka tiek miegamajame, tiek prie\u0161kambaryje, \u012fne\u0161dama gaiv\u0173, modern\u0173 stili\u0173. Spinta TADEUSZ-7 si\u016blo daugyb\u0119 organizavimo galimybi\u0173. Lentyn\u0173 parinktis leid\u017eia tvarkingai susid\u0117ti drabu\u017eius. Gilus stal\u010dius apa\u010dioje idealiai tinka smulkiems aksesuarams ar apatiniams drabu\u017eiams, tod\u0117l \u0161i spinta yra ne tik esteti\u0161kai patraukli, bet ir labai prakti\u0161ka. Subtilios detal\u0117s apib\u016bdina \u0161\u012f model\u012f, suteikiant\u012f jam unikal\u0173 charakter\u012f. Gerai apgalvotas dizainas ir metalini\u0173 kreipian\u010di\u0173j\u0173 bei vyri\u0173 naudojimas u\u017etikrina ne tik patvarum\u0105, bet ir paprast\u0105 naudojim\u0105. TADEUSZ-7 \u2013 tai baldas, kuris \u017eavi savo paprastumu ir funkcionalumu, atitinkan\u010diu \u0161iuolaikines interjero dizaino tendencijas.<\/p>","protected":false},"excerpt":{"rendered":"<p>Plotis (cm): 90<br \/>\n\u016agis (cm): 190<br \/>\nGylis (cm): 57<\/p>","protected":false},"featured_media":164792,"comment_status":"open","ping_status":"open","template":"","meta":[],"product_brand":[],"product_cat":[9515,4108,1177],"product_tag":[],"class_list":{"0":"post-164791","1":"product","2":"type-product","3":"status-publish","4":"has-post-thumbnail","6":"product_cat-furniture-system-tadeusz-jarstol-meble","7":"product_cat-jarstol","8":"product_cat-wardrobes","10":"first","11":"instock","12":"purchasable","13":"product-type-simple"},"_links":{"self":[{"href":"https:\/\/baldumarket.lt\/lt\/wp-json\/wp\/v2\/product\/164791","targetHints":{"allow":["GET"]}}],"collection":[{"href":"https:\/\/baldumarket.lt\/lt\/wp-json\/wp\/v2\/product"}],"about":[{"href":"https:\/\/baldumarket.lt\/lt\/wp-json\/wp\/v2\/types\/product"}],"replies":[{"embeddable":true,"href":"https:\/\/baldumarket.lt\/lt\/wp-json\/wp\/v2\/comments?post=164791"}],"wp:featuredmedia":[{"embeddable":true,"href":"https:\/\/baldumarket.lt\/lt\/wp-json\/wp\/v2\/media\/164792"}],"wp:attachment":[{"href":"https:\/\/baldumarket.lt\/lt\/wp-json\/wp\/v2\/media?parent=164791"}],"wp:term":[{"taxonomy":"product_brand","embeddable":true,"href":"https:\/\/baldumarket.lt\/lt\/wp-json\/wp\/v2\/product_brand?post=164791"},{"taxonomy":"product_cat","embeddable":true,"href":"https:\/\/baldumarket.lt\/lt\/wp-json\/wp\/v2\/product_cat?post=164791"},{"taxonomy":"product_tag","embeddable":true,"href":"https:\/\/baldumarket.lt\/lt\/wp-json\/wp\/v2\/product_tag?post=164791"}],"curies":[{"name":"wp","href":"https:\/\/api.w.org\/{rel}","templated":true}]}}