{"id":164783,"date":"2025-12-19T14:59:58","date_gmt":"2025-12-19T11:59:58","guid":{"rendered":"https:\/\/baldumarket.lt\/product\/tadeusz-9-szafa-1d1s-dab-stuletni-opcja-z-polkami\/"},"modified":"2026-04-12T16:34:32","modified_gmt":"2026-04-12T13:34:32","slug":"tadeusz-9-szafa-1d1s-dab-stuletni-opcja-z-polkami","status":"publish","type":"product","link":"https:\/\/baldumarket.lt\/lt\/product\/tadeusz-9-szafa-1d1s-dab-stuletni-opcja-z-polkami\/","title":{"rendered":"TADEUSZ-9 \u2013 Drabu\u017ein\u0117 1D1S, \u0161imtame\u010dio \u0105\u017euolo spalvos, su lentynomis"},"content":{"rendered":"<p>Pristatome 1D1S TADEUSZ-9 spint\u0105 \u2013 eleganti\u0161k\u0105 bald\u0105, kuriame dera estetika ir funkcionalumas. Pagaminta i\u0161 auk\u0161tos kokyb\u0117s laminuotos plok\u0161t\u0117s, \u201eCentennial Oak\u201c atspalvio, spinta suteikia \u0161ilumos ir klasikinio stiliaus bet kokiam interjerui. D\u0117l siauro, bet gilaus dizaino ji idealiai tinka net ma\u017eesn\u0117ms erdv\u0117ms, neprarandant patogios daikt\u0173 laikymo vietos. Be estetinio patrauklumo, TADEUSZ-9 spinta pasi\u017eymi ir i\u0161skirtiniu prakti\u0161kumu. Viduje rasite lentynas, kuriose gal\u0117site lengvai susid\u0117ti m\u0117gstamiausius drabu\u017eius. Be to, spintos apa\u010dioje esantis stal\u010dius suteikia daug vietos apatiniams drabu\u017eiams ar smulkiems aksesuarams. Harmoningas spalv\u0173 ir tekst\u016br\u0173 derinys daro \u0161\u012f bald\u0105 tinkam\u0105 \u012fvairiems interjerams \u2013 nuo modernaus iki klasikinio. Auksin\u0117 rankena suteikia elegancijos ir prabangos, tod\u0117l spinta yra ne tik funkcionali, bet ir stilingas akcentas j\u016bs\u0173 namuose. Pasirinkdami TADEUSZ-9 spint\u0105, investuojate \u012f bald\u0105, kuris neabejotinai taps j\u016bs\u0173 kambario traukos centru.<\/p>","protected":false},"excerpt":{"rendered":"<p>Plotis (cm): 46<br \/>\n\u016agis (cm): 190<br \/>\nGylis (cm): 57<\/p>","protected":false},"featured_media":164784,"comment_status":"open","ping_status":"open","template":"","meta":[],"product_brand":[],"product_cat":[9515,4108,1987],"product_tag":[],"class_list":{"0":"post-164783","1":"product","2":"type-product","3":"status-publish","4":"has-post-thumbnail","6":"product_cat-furniture-system-tadeusz-jarstol-meble","7":"product_cat-jarstol","8":"product_cat-shelving-units","10":"first","11":"instock","12":"purchasable","13":"product-type-simple"},"_links":{"self":[{"href":"https:\/\/baldumarket.lt\/lt\/wp-json\/wp\/v2\/product\/164783","targetHints":{"allow":["GET"]}}],"collection":[{"href":"https:\/\/baldumarket.lt\/lt\/wp-json\/wp\/v2\/product"}],"about":[{"href":"https:\/\/baldumarket.lt\/lt\/wp-json\/wp\/v2\/types\/product"}],"replies":[{"embeddable":true,"href":"https:\/\/baldumarket.lt\/lt\/wp-json\/wp\/v2\/comments?post=164783"}],"wp:featuredmedia":[{"embeddable":true,"href":"https:\/\/baldumarket.lt\/lt\/wp-json\/wp\/v2\/media\/164784"}],"wp:attachment":[{"href":"https:\/\/baldumarket.lt\/lt\/wp-json\/wp\/v2\/media?parent=164783"}],"wp:term":[{"taxonomy":"product_brand","embeddable":true,"href":"https:\/\/baldumarket.lt\/lt\/wp-json\/wp\/v2\/product_brand?post=164783"},{"taxonomy":"product_cat","embeddable":true,"href":"https:\/\/baldumarket.lt\/lt\/wp-json\/wp\/v2\/product_cat?post=164783"},{"taxonomy":"product_tag","embeddable":true,"href":"https:\/\/baldumarket.lt\/lt\/wp-json\/wp\/v2\/product_tag?post=164783"}],"curies":[{"name":"wp","href":"https:\/\/api.w.org\/{rel}","templated":true}]}}