{"id":164768,"date":"2025-12-19T13:36:22","date_gmt":"2025-12-19T10:36:22","guid":{"rendered":"https:\/\/baldumarket.lt\/product\/norica-lazf03-komoda-rtv-2d1s-czarny-mat\/"},"modified":"2026-04-06T17:40:48","modified_gmt":"2026-04-06T14:40:48","slug":"norica-lazf03-komoda-rtv-2d1s-czarny-mat","status":"publish","type":"product","link":"https:\/\/baldumarket.lt\/lt\/product\/norica-lazf03-komoda-rtv-2d1s-czarny-mat\/","title":{"rendered":"Norica LAZF03 \u2013 TV spintel\u0117 2D1S matin\u0117 juoda"},"content":{"rendered":"<p>Matin\u0117s juodos spalvos \u201eNorica LAZF03\u201c televizoriaus staliukas \u2013 tai elegancijos ir modernaus dizaino \u012fsik\u016bnijimas, puikiai tinkantis erdviai, prabangiai svetainei. Juodos ir auksin\u0117s spalvos akcent\u0173 derinys sukuria unikal\u0173 vizualin\u012f efekt\u0105, kuris patraukia ak\u012f ir suteikia bet kokiam interjerui rafinuotumo. \u0160is spalv\u0173 derinys paver\u010dia staliuk\u0105 puikiu papildymu tiek klasikiniame, prabangiame interjere, tiek moderniame, lofto \u012fkv\u0117ptame dizaine.<\/p>\n<p>\u201eNorica\u201c stovo funkcionalum\u0105 papildo unikali i\u0161vaizda. Erdvios lentynos ir erdv\u016bs stal\u010diai leid\u017eia patogiai laikyti multimedijos \u012frang\u0105 ir priedus. Prakti\u0161kas lentyn\u0173 i\u0161d\u0117stymas u\u017e tvirt\u0173 dureli\u0173 suteikia lengv\u0105 prieig\u0105 prie reikiam\u0173 daikt\u0173, i\u0161laikant tvark\u0105. \u0160velniai u\u017esidarantys vyriai ir pilno i\u0161traukimo rutuliniai guoliai u\u017etikrina patog\u0173 naudojim\u0105 kiekvien\u0105 dien\u0105.<\/p>\n<p>Stilingos metalin\u0117s rankenos ir auk\u0161tos auksin\u0117s kojel\u0117s suteikia stovui lengvumo ir modernumo. Kartu su matine juoda apdaila \u0161is baldas tampa tikru svetain\u0117s akcentu ir kartu labai prakti\u0161ku baldu. TREND LED juostinis ap\u0161vietimas sustiprina prabangos ir modernumo poj\u016bt\u012f, sukurdamas jauki\u0105 atmosfer\u0105 bet kurioje aplinkoje.<\/p>\n<p>200,3 cm plo\u010dio ir 70 cm auk\u0161\u010dio \u201eNorica\u201c televizoriaus staliukas si\u016blo daug vietos daiktams susid\u0117ti neu\u017eimdamas erdv\u0117s. Jis idealiai tinka erdviems interjerams, kur gali tapti traukos centru. Jis gra\u017eiai dera su nat\u016braliomis med\u017eiagomis, tokiomis kaip mediena, akmuo ir stiklas, i\u0161ry\u0161kindamas j\u0173 nat\u016bral\u0173 gro\u017e\u012f ir suteikdamas erdvei unikal\u0173 charakter\u012f.<\/p>","protected":false},"excerpt":{"rendered":"<p>Plotis (cm): 200,3<br \/>\n\u016agis (cm): 70<br \/>\nGylis (cm): 40<\/p>","protected":false},"featured_media":164769,"comment_status":"open","ping_status":"open","template":"","meta":[],"product_brand":[],"product_cat":[9491,4107,1175],"product_tag":[],"class_list":{"0":"post-164768","1":"product","2":"type-product","3":"status-publish","4":"has-post-thumbnail","6":"product_cat-furniture-system-norica-wojcik-meble","7":"product_cat-meble-wojcik","8":"product_cat-tv-stands","10":"first","11":"instock","12":"purchasable","13":"product-type-simple"},"_links":{"self":[{"href":"https:\/\/baldumarket.lt\/lt\/wp-json\/wp\/v2\/product\/164768","targetHints":{"allow":["GET"]}}],"collection":[{"href":"https:\/\/baldumarket.lt\/lt\/wp-json\/wp\/v2\/product"}],"about":[{"href":"https:\/\/baldumarket.lt\/lt\/wp-json\/wp\/v2\/types\/product"}],"replies":[{"embeddable":true,"href":"https:\/\/baldumarket.lt\/lt\/wp-json\/wp\/v2\/comments?post=164768"}],"wp:featuredmedia":[{"embeddable":true,"href":"https:\/\/baldumarket.lt\/lt\/wp-json\/wp\/v2\/media\/164769"}],"wp:attachment":[{"href":"https:\/\/baldumarket.lt\/lt\/wp-json\/wp\/v2\/media?parent=164768"}],"wp:term":[{"taxonomy":"product_brand","embeddable":true,"href":"https:\/\/baldumarket.lt\/lt\/wp-json\/wp\/v2\/product_brand?post=164768"},{"taxonomy":"product_cat","embeddable":true,"href":"https:\/\/baldumarket.lt\/lt\/wp-json\/wp\/v2\/product_cat?post=164768"},{"taxonomy":"product_tag","embeddable":true,"href":"https:\/\/baldumarket.lt\/lt\/wp-json\/wp\/v2\/product_tag?post=164768"}],"curies":[{"name":"wp","href":"https:\/\/api.w.org\/{rel}","templated":true}]}}