{"id":164765,"date":"2025-12-19T13:36:17","date_gmt":"2025-12-19T10:36:17","guid":{"rendered":"https:\/\/baldumarket.lt\/product\/norica-lazf01-komoda-rtv-2d3s-czarny-mat-zloty\/"},"modified":"2026-04-06T17:40:48","modified_gmt":"2026-04-06T14:40:48","slug":"norica-lazf01-komoda-rtv-2d3s-czarny-mat-zloty","status":"publish","type":"product","link":"https:\/\/baldumarket.lt\/lt\/product\/norica-lazf01-komoda-rtv-2d3s-czarny-mat-zloty\/","title":{"rendered":"Norica LAZF01 \u2013 TV spintel\u0117 2D3S matin\u0117s juodos aukso spalvos"},"content":{"rendered":"<p>\u201eNorica LAZF01\u201c \u2013 tai televizoriaus staliukas, spinduliuojantis moderniu stiliumi ir elegancija. Kruop\u0161ti apdaila ir stilingos detal\u0117s paver\u010dia j\u012f nepakei\u010diamu prabangios svetain\u0117s akcentu. Matin\u0117s juodos spalvos su auksiniais akcentais ir subtilaus LED ap\u0161vietimo derinys sukuria unikal\u0173, nesenstant\u012f dizain\u0105, kuris d\u017eiugina ir \u012fkvepia.<\/p>\n<p>\u201eNorica\u201c televizoriaus staliukas pasi\u017eymi paprasta, ta\u010diau i\u0161skirtinai eleganti\u0161ka forma, tod\u0117l tai puikus pasirinkimas minimalizmo ir moderni\u0173 form\u0173 m\u0117g\u0117jams. Eleganti\u0161kos ranken\u0117l\u0117s ir kojel\u0117s, pagamintos i\u0161 aukso atspalvio metalo, suteikia i\u0161skirtinio \u017eavesio, sukurdamos harmoning\u0105 kompozicij\u0105 su bendra spalv\u0173 gama. Dizaine esanti TREND LED juosta pabr\u0117\u017eia stovo modernum\u0105 ir funkcionalum\u0105, sukurdama unikal\u0173 vizualin\u012f efekt\u0105.<\/p>\n<p>\u0160is unikalus televizoriaus staliukas ne tik atrodo gra\u017eiai, bet ir yra ne\u012ftik\u0117tinai prakti\u0161kas. Dvejos durys su \u0161velniai u\u017esidaran\u010diais vyriais ir trys erdv\u016bs stal\u010diai ant rutulini\u0173 guoli\u0173 b\u0117geli\u0173 suteikia vietos \u012fvairiems priedams ir buitinei technikai susid\u0117ti. Tai pad\u0117s j\u016bs\u0173 svetainei i\u0161likti tvarkingai ir esteti\u0161kai patraukliai, o visi reikalingi daiktai visada bus po ranka.<\/p>\n<p>\u201eNorica\u201c serija, kuriai priklauso ir televizoriaus staliukas, \u017eavi savo elegancija ir klasikiniu spalv\u0173 deriniu. Ji puikiai dera prie prabangaus, japoni\u0161ko, modernaus ar eklekti\u0161ko interjero, prapl\u0117sdama dekoravimo galimybes. \u201eNorica\u201c staliukas yra ne tik prakti\u0161kas baldas, bet ir unikalus elementas, leid\u017eiantis kurti \u012fsp\u016bdingas kompozicijas \u012fvairiais stiliais. Jis puikiai dera su marmuro, marokieti\u0161k\u0173 dobil\u0173, monsteros lap\u0173 ar abstrak\u010di\u0173 motyv\u0173 tapetais.<\/p>","protected":false},"excerpt":{"rendered":"<p>Plotis (cm): 155,3<br \/>\n\u016agis (cm): 70<br \/>\nGylis (cm): 40<\/p>","protected":false},"featured_media":164766,"comment_status":"open","ping_status":"open","template":"","meta":[],"product_brand":[],"product_cat":[9491,4107,1175],"product_tag":[],"class_list":{"0":"post-164765","1":"product","2":"type-product","3":"status-publish","4":"has-post-thumbnail","6":"product_cat-furniture-system-norica-wojcik-meble","7":"product_cat-meble-wojcik","8":"product_cat-tv-stands","10":"first","11":"instock","12":"purchasable","13":"product-type-simple"},"_links":{"self":[{"href":"https:\/\/baldumarket.lt\/lt\/wp-json\/wp\/v2\/product\/164765","targetHints":{"allow":["GET"]}}],"collection":[{"href":"https:\/\/baldumarket.lt\/lt\/wp-json\/wp\/v2\/product"}],"about":[{"href":"https:\/\/baldumarket.lt\/lt\/wp-json\/wp\/v2\/types\/product"}],"replies":[{"embeddable":true,"href":"https:\/\/baldumarket.lt\/lt\/wp-json\/wp\/v2\/comments?post=164765"}],"wp:featuredmedia":[{"embeddable":true,"href":"https:\/\/baldumarket.lt\/lt\/wp-json\/wp\/v2\/media\/164766"}],"wp:attachment":[{"href":"https:\/\/baldumarket.lt\/lt\/wp-json\/wp\/v2\/media?parent=164765"}],"wp:term":[{"taxonomy":"product_brand","embeddable":true,"href":"https:\/\/baldumarket.lt\/lt\/wp-json\/wp\/v2\/product_brand?post=164765"},{"taxonomy":"product_cat","embeddable":true,"href":"https:\/\/baldumarket.lt\/lt\/wp-json\/wp\/v2\/product_cat?post=164765"},{"taxonomy":"product_tag","embeddable":true,"href":"https:\/\/baldumarket.lt\/lt\/wp-json\/wp\/v2\/product_tag?post=164765"}],"curies":[{"name":"wp","href":"https:\/\/api.w.org\/{rel}","templated":true}]}}