{"id":164760,"date":"2025-12-19T13:36:06","date_gmt":"2025-12-19T10:36:06","guid":{"rendered":"https:\/\/baldumarket.lt\/product\/lazio-lazf03-komoda-rtv-2d1s-z-oswietleniem-led-bialy-alpejski-bialy-polysk-zloty\/"},"modified":"2026-04-06T17:40:48","modified_gmt":"2026-04-06T14:40:48","slug":"lazio-lazf03-komoda-rtv-2d1s-z-oswietleniem-led-bialy-alpejski-bialy-polysk-zloty","status":"publish","type":"product","link":"https:\/\/baldumarket.lt\/lt\/product\/lazio-lazf03-komoda-rtv-2d1s-z-oswietleniem-led-bialy-alpejski-bialy-polysk-zloty\/","title":{"rendered":"Lazio LAZF03 \u2013 2D1S TV spintel\u0117 su LED ap\u0161vietimu, Alpi\u0173 balta\/blizgi balta\/auksin\u0117"},"content":{"rendered":"<p>\u201eLazio LAZF03\u201c televizoriaus staliukas \u2013 unikalus j\u016bs\u0173 svetain\u0117s papildymas. Sukurtas galvojant apie modern\u0173 interjer\u0105, jis spinduliuoja prabanga d\u0117l eleganti\u0161ko Alpi\u0173 baltos, blizgios baltos ir aukso atspalvi\u0173 derinio. Paprasta forma ir neutrali spalv\u0173 gama puikiai papildys bet kok\u012f interjer\u0105, suteikdama jam elegancijos ir elegancijos. Pagamintas i\u0161 auk\u0161tos kokyb\u0117s med\u017eiag\u0173, toki\u0173 kaip MDF ir laminuotos med\u017eio dro\u017eli\u0173 plok\u0161t\u0117s, \u201eLazio\u201c bald\u0173 kolekcijos televizoriaus staliukas yra ne tik esteti\u0161kai patrauklus, bet ir funkcionalus. Jis pasi\u017eymi dekoratyvin\u0117mis ranken\u0117l\u0117mis ir auk\u0161tomis metalin\u0117mis kojel\u0117mis, kurios pabr\u0117\u017eia jo i\u0161skirtin\u012f charakter\u012f. Be to, TREND LED strukt\u016brinio ap\u0161vietimo juosta suteikia modernumo ir subtiliai ap\u0161vie\u010dia erdv\u0119 aplink staliuk\u0105, sukurdama jauki\u0105 atmosfer\u0105. \u201eLazio\u201c televizoriaus staliukas yra ne tik gra\u017eus, bet ir ne\u012ftik\u0117tinai prakti\u0161kas. Jame yra pla\u010dios lentynos, kurios pad\u0117s susitvarkyti visus j\u016bs\u0173 aksesuarus, o gilus stal\u010dius ant piln\u0173 rutulini\u0173 guoli\u0173 b\u0117geli\u0173 u\u017etikrina patog\u0173 ir tyl\u0173 naudojim\u0105. Atviros lentynos puikiai tinka multimedijos \u012frangai eksponuoti, o j\u016bs\u0173 svetain\u0117 i\u0161lieka tvarkinga ir esteti\u0161kai patraukli.<\/p>","protected":false},"excerpt":{"rendered":"<p>Plotis (cm): 200,3<br \/>\n\u016agis (cm): 70<br \/>\nGylis (cm): 40<\/p>","protected":false},"featured_media":164761,"comment_status":"open","ping_status":"open","template":"","meta":[],"product_brand":[],"product_cat":[9485,4107,1175],"product_tag":[],"class_list":{"0":"post-164760","1":"product","2":"type-product","3":"status-publish","4":"has-post-thumbnail","6":"product_cat-furniture-system-lazio-wojcik-meble","7":"product_cat-meble-wojcik","8":"product_cat-tv-stands","10":"first","11":"instock","12":"purchasable","13":"product-type-simple"},"_links":{"self":[{"href":"https:\/\/baldumarket.lt\/lt\/wp-json\/wp\/v2\/product\/164760","targetHints":{"allow":["GET"]}}],"collection":[{"href":"https:\/\/baldumarket.lt\/lt\/wp-json\/wp\/v2\/product"}],"about":[{"href":"https:\/\/baldumarket.lt\/lt\/wp-json\/wp\/v2\/types\/product"}],"replies":[{"embeddable":true,"href":"https:\/\/baldumarket.lt\/lt\/wp-json\/wp\/v2\/comments?post=164760"}],"wp:featuredmedia":[{"embeddable":true,"href":"https:\/\/baldumarket.lt\/lt\/wp-json\/wp\/v2\/media\/164761"}],"wp:attachment":[{"href":"https:\/\/baldumarket.lt\/lt\/wp-json\/wp\/v2\/media?parent=164760"}],"wp:term":[{"taxonomy":"product_brand","embeddable":true,"href":"https:\/\/baldumarket.lt\/lt\/wp-json\/wp\/v2\/product_brand?post=164760"},{"taxonomy":"product_cat","embeddable":true,"href":"https:\/\/baldumarket.lt\/lt\/wp-json\/wp\/v2\/product_cat?post=164760"},{"taxonomy":"product_tag","embeddable":true,"href":"https:\/\/baldumarket.lt\/lt\/wp-json\/wp\/v2\/product_tag?post=164760"}],"curies":[{"name":"wp","href":"https:\/\/api.w.org\/{rel}","templated":true}]}}