{"id":164756,"date":"2025-12-19T13:35:58","date_gmt":"2025-12-19T10:35:58","guid":{"rendered":"https:\/\/baldumarket.lt\/product\/lazio-lazf01-komoda-rtv-2d3s-z-oswietleniem-led-bialy-alpejski-bialy-polysk-zloty\/"},"modified":"2026-04-06T17:40:48","modified_gmt":"2026-04-06T14:40:48","slug":"lazio-lazf01-komoda-rtv-2d3s-z-oswietleniem-led-bialy-alpejski-bialy-polysk-zloty","status":"publish","type":"product","link":"https:\/\/baldumarket.lt\/lt\/product\/lazio-lazf01-komoda-rtv-2d3s-z-oswietleniem-led-bialy-alpejski-bialy-polysk-zloty\/","title":{"rendered":"Lazio LAZF01 \u2013 2D3S televizoriaus spintel\u0117 su LED ap\u0161vietimu, Alpi\u0173 balta\/blizgi balta\/auksin\u0117"},"content":{"rendered":"<p>Suteikite savo svetainei elegancijos ir modernumo su \u201eMeble W\u00f3jcik\u201c \u201eLazio LAZF01\u201c televizoriaus staliuku. Kruop\u0161\u010diai sukurtas taip, kad patraukt\u0173 ak\u012f, \u0161is baltas staliukas d\u017eiugina savo blizgia ir modernia Alpi\u0173 baltumo apdaila. Nesvarbu, ar j\u016bs\u0173 svetainei b\u016bdingas prabangus, modernus, ar klasikinis stilius, \u0161is baldas puikiai der\u0117s prie interjero, suteikdamas prabangos.<\/p>\n<p>Pagamintas i\u0161 auk\u0161\u010diausios kokyb\u0117s med\u017eiag\u0173 \u2013 laminuotos med\u017eio dro\u017eli\u0173 plok\u0161t\u0117s ir MDF \u2013 \u201eLazio\u201c stovas pasi\u017eymi patvarumu ir estetika, kurios ie\u0161kote svetain\u0117s balduose. Blizgi balta apdaila puikiai dera su aukso atspalvio detal\u0117mis, tokiomis kaip eleganti\u0161kos rankenos ir auk\u0161tos metalin\u0117s kojel\u0117s, kurios suteikia visam baldui nesenstan\u010dio elegancijos ir rafinuotumo.<\/p>\n<p>Stovo prakti\u0161kumas i\u0161ties \u012fsp\u016bdingas. Jame yra daug vietos daiktams susid\u0117ti d\u0117l trij\u0173 erdvi\u0173 stal\u010di\u0173 ir dviej\u0173 spinteli\u0173 su durel\u0117mis su \u0161velniai u\u017esidaran\u010diais vyriais. \u0160ie auk\u0161tos kokyb\u0117s mechanizmai u\u017etikrina skland\u0173 ir tyl\u0173 veikim\u0105, tuo pa\u010diu metu leid\u017eia tvarkingai laikyti visus priedus.<\/p>\n<p>Papildomas privalumas \u2013 modernus LED ap\u0161vietimas, kuris sukuria unikal\u0173 vizualin\u012f efekt\u0105 ir subtiliai ap\u0161vie\u010dia komodos vid\u0173. Baltos blizgios spalvos ir LED ap\u0161vietimo derinys sukuria moderni\u0105, prabangi\u0105 atmosfer\u0105, kuri prad\u017eiugins kiekvien\u0105. Komodos matmenys \u2013 155,3 cm plo\u010dio, 70 cm auk\u0161\u010dio ir 40 cm gylio \u2013 daro j\u0105 idealiu sprendimu erdvioms svetain\u0117ms, kartu si\u016blydama ir daug vietos daiktams susid\u0117ti.<\/p>\n<p>\u201eLazio LAZF01\u201c televizoriaus staliukas derina estetik\u0105 ir funkcionalum\u0105, sukurdamas gra\u017ei\u0105 ir prakti\u0161k\u0105 erdv\u0119 j\u016bs\u0173 namuose. Rinkit\u0117s blizgi\u0105 balt\u0105 spalv\u0105 su aukso akcentu ir m\u0117gaukit\u0117s eleganti\u0161ka, modernia svetaine, kuri taps \u0161eimos susib\u016brim\u0173 ir atsipalaidavimo akimirk\u0173 centru.<\/p>","protected":false},"excerpt":{"rendered":"<p>Plotis (cm): 155,3<br \/>\n\u016agis (cm): 70<br \/>\nGylis (cm): 40<\/p>","protected":false},"featured_media":164757,"comment_status":"open","ping_status":"open","template":"","meta":[],"product_brand":[],"product_cat":[9485,4107,1175],"product_tag":[],"class_list":{"0":"post-164756","1":"product","2":"type-product","3":"status-publish","4":"has-post-thumbnail","6":"product_cat-furniture-system-lazio-wojcik-meble","7":"product_cat-meble-wojcik","8":"product_cat-tv-stands","10":"first","11":"instock","12":"purchasable","13":"product-type-simple"},"_links":{"self":[{"href":"https:\/\/baldumarket.lt\/lt\/wp-json\/wp\/v2\/product\/164756","targetHints":{"allow":["GET"]}}],"collection":[{"href":"https:\/\/baldumarket.lt\/lt\/wp-json\/wp\/v2\/product"}],"about":[{"href":"https:\/\/baldumarket.lt\/lt\/wp-json\/wp\/v2\/types\/product"}],"replies":[{"embeddable":true,"href":"https:\/\/baldumarket.lt\/lt\/wp-json\/wp\/v2\/comments?post=164756"}],"wp:featuredmedia":[{"embeddable":true,"href":"https:\/\/baldumarket.lt\/lt\/wp-json\/wp\/v2\/media\/164757"}],"wp:attachment":[{"href":"https:\/\/baldumarket.lt\/lt\/wp-json\/wp\/v2\/media?parent=164756"}],"wp:term":[{"taxonomy":"product_brand","embeddable":true,"href":"https:\/\/baldumarket.lt\/lt\/wp-json\/wp\/v2\/product_brand?post=164756"},{"taxonomy":"product_cat","embeddable":true,"href":"https:\/\/baldumarket.lt\/lt\/wp-json\/wp\/v2\/product_cat?post=164756"},{"taxonomy":"product_tag","embeddable":true,"href":"https:\/\/baldumarket.lt\/lt\/wp-json\/wp\/v2\/product_tag?post=164756"}],"curies":[{"name":"wp","href":"https:\/\/api.w.org\/{rel}","templated":true}]}}