{"id":164750,"date":"2025-12-19T13:35:44","date_gmt":"2025-12-19T10:35:44","guid":{"rendered":"https:\/\/baldumarket.lt\/product\/shirley-shif101-komoda-rtv-2d2s-dab-coast-evoke-antracyt-nadruk\/"},"modified":"2026-04-06T17:40:48","modified_gmt":"2026-04-06T14:40:48","slug":"shirley-shif101-komoda-rtv-2d2s-dab-coast-evoke-antracyt-nadruk","status":"publish","type":"product","link":"https:\/\/baldumarket.lt\/lt\/product\/shirley-shif101-komoda-rtv-2d2s-dab-coast-evoke-antracyt-nadruk\/","title":{"rendered":"\u201eShirley SHIF101\u201c \u2013 TV spintel\u0117, 2D2S, \u201eCoast Oak Evoke\u201c \/ antracito \/ ra\u0161to spalvos"},"content":{"rendered":"<p>Atnaujinkite savo interjer\u0105 eleganti\u0161ka \u201eShirley SHIF101\u201c televizoriaus spintele, sukurta suteikti bet kuriam kambariui unikalumo. Pagaminta i\u0161 auk\u0161tos kokyb\u0117s med\u017eiag\u0173, \u0161i spintel\u0117 derina modernum\u0105 ir funkcionalum\u0105, sukurdama puiki\u0105 viet\u0105 multimedijos \u012frenginiams ir dekoracijoms laikyti. \u201eCoast Evoke Oak\u201c ir antracito spalv\u0173 derinys suteikia visam baldui stiling\u0105 ir rafinuot\u0105 i\u0161vaizd\u0105, kuri traukia d\u0117mes\u012f. \u201eShirley SHIF101\u201c yra ne tik esteti\u0161kai patraukli, bet ir prakti\u0161ka. D\u0117l apgalvoto dizaino ji si\u016blo daug vietos \u012fvairiems televizoriams ir priedams. Spintel\u0117 turi du erdvius stal\u010dius ir dvi u\u017erakinamas spinteles, kurios leid\u017eia patogiai laikyti daiktus ir palaikyti tvark\u0105. D\u0117l \u0161velnaus u\u017edarymo sistemos spintel\u0117mis naudotis yra itin patogu ir saugu. Spintel\u0117s korpusas pagamintas i\u0161 laminuotos plok\u0161t\u0117s, kuri yra labai atspari pa\u017eeidimams ir lengvai valoma. MDF fasadai papildomai dekoruoti spauda, suteikian\u010dia baldams unikal\u0173 charakter\u012f. Unikali apdaila paver\u010dia \u201eShirley SHIF101\u201c komod\u0105 bet kurio svetain\u0117s akcentu, suteikian\u010diu modernaus elegancijos prisilietim\u0105.<\/p>","protected":false},"excerpt":{"rendered":"<p>Plotis (cm): 158,2<br \/>\n\u016agis (cm): 65<br \/>\nGylis (cm): 40<\/p>","protected":false},"featured_media":164751,"comment_status":"open","ping_status":"open","template":"","meta":[],"product_brand":[],"product_cat":[9466,4107,1175],"product_tag":[],"class_list":{"0":"post-164750","1":"product","2":"type-product","3":"status-publish","4":"has-post-thumbnail","6":"product_cat-furniture-system-shirley-wojcik-meble","7":"product_cat-meble-wojcik","8":"product_cat-tv-stands","10":"first","11":"instock","12":"purchasable","13":"product-type-simple"},"_links":{"self":[{"href":"https:\/\/baldumarket.lt\/lt\/wp-json\/wp\/v2\/product\/164750","targetHints":{"allow":["GET"]}}],"collection":[{"href":"https:\/\/baldumarket.lt\/lt\/wp-json\/wp\/v2\/product"}],"about":[{"href":"https:\/\/baldumarket.lt\/lt\/wp-json\/wp\/v2\/types\/product"}],"replies":[{"embeddable":true,"href":"https:\/\/baldumarket.lt\/lt\/wp-json\/wp\/v2\/comments?post=164750"}],"wp:featuredmedia":[{"embeddable":true,"href":"https:\/\/baldumarket.lt\/lt\/wp-json\/wp\/v2\/media\/164751"}],"wp:attachment":[{"href":"https:\/\/baldumarket.lt\/lt\/wp-json\/wp\/v2\/media?parent=164750"}],"wp:term":[{"taxonomy":"product_brand","embeddable":true,"href":"https:\/\/baldumarket.lt\/lt\/wp-json\/wp\/v2\/product_brand?post=164750"},{"taxonomy":"product_cat","embeddable":true,"href":"https:\/\/baldumarket.lt\/lt\/wp-json\/wp\/v2\/product_cat?post=164750"},{"taxonomy":"product_tag","embeddable":true,"href":"https:\/\/baldumarket.lt\/lt\/wp-json\/wp\/v2\/product_tag?post=164750"}],"curies":[{"name":"wp","href":"https:\/\/api.w.org\/{rel}","templated":true}]}}