{"id":164744,"date":"2025-12-19T13:35:30","date_gmt":"2025-12-19T10:35:30","guid":{"rendered":"https:\/\/baldumarket.lt\/product\/shirley-shif102-komoda-rtv-2d2s-dab-coast-evoke-antracyt-nadruk\/"},"modified":"2026-04-06T17:40:48","modified_gmt":"2026-04-06T14:40:48","slug":"shirley-shif102-komoda-rtv-2d2s-dab-coast-evoke-antracyt-nadruk","status":"publish","type":"product","link":"https:\/\/baldumarket.lt\/lt\/product\/shirley-shif102-komoda-rtv-2d2s-dab-coast-evoke-antracyt-nadruk\/","title":{"rendered":"\u201eShirley SHIF102\u201c \u2013 TV spintel\u0117, 2D2S, \u201eCoast Oak Evoke\u201c \/ antracito \/ ra\u0161to spalvos"},"content":{"rendered":"<p>\u201eShirley SHIF102\u201c televizoriaus staliukas \u2013 modernaus stiliaus ir funkcionalumo \u012fsik\u016bnijimas, puikiai tinkantis bet kuriai svetainei. Unikalus spalv\u0173 derinys \u2013 \u201eCoast Evoke Oak\u201c su subtiliu ra\u0161tu priekyje ir kontrastinga antracito spalva \u2013 paver\u010dia \u0161\u012f bald\u0105 interjero traukos centru, pritraukian\u010diu d\u0117mes\u012f ir suteikian\u010diu erdvei unikal\u0173 charakter\u012f. \u201eShirley SHIF102\u201c buvo sukurtas galvojant apie kasdien\u012f naudojim\u0105. D\u0117l apgalvot\u0173 funkcij\u0173, toki\u0173 kaip \u0161velnaus u\u017edarymo sistema ir pilno i\u0161traukimo stal\u010diai, patirsite tikr\u0105 komfort\u0105 ir u\u017etikrintum\u0105, kad kiekviena detal\u0117 buvo kruop\u0161\u010diai apgalvota. Rankenos, pagamintos i\u0161 patvaraus plastiko, suteikia modernumo ir pabr\u0117\u017eia eleganti\u0161k\u0105 dizain\u0105. \u201eShirley SHIF102\u201c bus nepakei\u010diamas kasdieniame gyvenime. Erdvus interjeras su dviem spintel\u0117mis ir stal\u010diais leis lengvai sutvarkyti televizoriaus \u012frang\u0105 ir kitus b\u016btinus priedus, u\u017etikrins tvark\u0105 ir lengv\u0105 prieig\u0105 prie vis\u0173 daikt\u0173. Puikiai suderinti matmenys (173,2 cm plo\u010dio ir 65 cm auk\u0161\u010dio) leid\u017eia baldams tinka tiek ma\u017eesn\u0117ms, tiek didesn\u0117ms patalpoms.<\/p>","protected":false},"excerpt":{"rendered":"<p>Plotis (cm): 173,2<br \/>\n\u016agis (cm): 65<br \/>\nGylis (cm): 40<\/p>","protected":false},"featured_media":164745,"comment_status":"open","ping_status":"open","template":"","meta":[],"product_brand":[],"product_cat":[9466,4107,1175],"product_tag":[],"class_list":{"0":"post-164744","1":"product","2":"type-product","3":"status-publish","4":"has-post-thumbnail","6":"product_cat-furniture-system-shirley-wojcik-meble","7":"product_cat-meble-wojcik","8":"product_cat-tv-stands","10":"first","11":"instock","12":"purchasable","13":"product-type-simple"},"_links":{"self":[{"href":"https:\/\/baldumarket.lt\/lt\/wp-json\/wp\/v2\/product\/164744","targetHints":{"allow":["GET"]}}],"collection":[{"href":"https:\/\/baldumarket.lt\/lt\/wp-json\/wp\/v2\/product"}],"about":[{"href":"https:\/\/baldumarket.lt\/lt\/wp-json\/wp\/v2\/types\/product"}],"replies":[{"embeddable":true,"href":"https:\/\/baldumarket.lt\/lt\/wp-json\/wp\/v2\/comments?post=164744"}],"wp:featuredmedia":[{"embeddable":true,"href":"https:\/\/baldumarket.lt\/lt\/wp-json\/wp\/v2\/media\/164745"}],"wp:attachment":[{"href":"https:\/\/baldumarket.lt\/lt\/wp-json\/wp\/v2\/media?parent=164744"}],"wp:term":[{"taxonomy":"product_brand","embeddable":true,"href":"https:\/\/baldumarket.lt\/lt\/wp-json\/wp\/v2\/product_brand?post=164744"},{"taxonomy":"product_cat","embeddable":true,"href":"https:\/\/baldumarket.lt\/lt\/wp-json\/wp\/v2\/product_cat?post=164744"},{"taxonomy":"product_tag","embeddable":true,"href":"https:\/\/baldumarket.lt\/lt\/wp-json\/wp\/v2\/product_tag?post=164744"}],"curies":[{"name":"wp","href":"https:\/\/api.w.org\/{rel}","templated":true}]}}