{"id":164739,"date":"2025-12-19T13:35:18","date_gmt":"2025-12-19T10:35:18","guid":{"rendered":"https:\/\/baldumarket.lt\/product\/shirley-shif01-komoda-rtv-2d2s-szarozielony-antracyt-nadruk\/"},"modified":"2026-04-06T17:40:48","modified_gmt":"2026-04-06T14:40:48","slug":"shirley-shif01-komoda-rtv-2d2s-szarozielony-antracyt-nadruk","status":"publish","type":"product","link":"https:\/\/baldumarket.lt\/lt\/product\/shirley-shif01-komoda-rtv-2d2s-szarozielony-antracyt-nadruk\/","title":{"rendered":"Shirley SHIF01 \u2013 TV spintel\u0117 2D2S pilkai \u017ealia\/antracito\/ra\u0161tas"},"content":{"rendered":"<p>Su \u201eMeble W\u00f3jcik\u201c \u201eShirley SHIF01\u201c televizoriaus spintele suteikite savo interjerui modernumo. \u0160is unikalus baldas, apdailintas pilkai \u017ealia ir antracito spalvomis, puikiai atspindi naujausias interjero dizaino tendencijas. Papildomi spaudiniai priekin\u0117je pus\u0117je suteiks j\u016bs\u0173 namams unikalumo ir originalaus stiliaus. \u201eShirley SHIF01\u201c yra ne tik esteti\u0161kai patraukli, bet ir prakti\u0161ka kasdieniam naudojimui. Su dviem erdviais stal\u010diais ir dviem erdviomis lentynomis su durel\u0117mis spintel\u0117 suteikia daug vietos daiktams susid\u0117ti, tod\u0117l lengva susitvarkyti televizoriaus \u012frang\u0105, laidus ir kitus priedus. Apval\u016bs kra\u0161tai ir tvirtos metalin\u0117s kojel\u0117s suteikia patvarumo ir stabilumo, puikiai papildydamos modern\u0173 interjer\u0105. Pagaminta i\u0161 auk\u0161tos kokyb\u0117s laminuotos plok\u0161t\u0117s, \u0161i televizoriaus spintel\u0117 ne tik atrodo \u012fsp\u016bdingai, bet ir yra itin lengvai valoma. \u0160velniai u\u017esidarantys vyriai ir pilno i\u0161traukimo rutuliniai guoliai garantuoja komfort\u0105, leid\u017eiant stal\u010diams skland\u017eiai atsidaryti ir u\u017esidaryti. Be to, plastikin\u0117s rankenos yra patvarios ir ergonomi\u0161kos, tod\u0117l baldu lengviau naudotis kasdien.<\/p>","protected":false},"excerpt":{"rendered":"<p>Plotis (cm): 158,2<br \/>\n\u016agis (cm): 65<br \/>\nGylis (cm): 40<\/p>","protected":false},"featured_media":164740,"comment_status":"open","ping_status":"open","template":"","meta":[],"product_brand":[],"product_cat":[9466,4107,1175],"product_tag":[],"class_list":{"0":"post-164739","1":"product","2":"type-product","3":"status-publish","4":"has-post-thumbnail","6":"product_cat-furniture-system-shirley-wojcik-meble","7":"product_cat-meble-wojcik","8":"product_cat-tv-stands","10":"first","11":"instock","12":"purchasable","13":"product-type-simple"},"_links":{"self":[{"href":"https:\/\/baldumarket.lt\/lt\/wp-json\/wp\/v2\/product\/164739","targetHints":{"allow":["GET"]}}],"collection":[{"href":"https:\/\/baldumarket.lt\/lt\/wp-json\/wp\/v2\/product"}],"about":[{"href":"https:\/\/baldumarket.lt\/lt\/wp-json\/wp\/v2\/types\/product"}],"replies":[{"embeddable":true,"href":"https:\/\/baldumarket.lt\/lt\/wp-json\/wp\/v2\/comments?post=164739"}],"wp:featuredmedia":[{"embeddable":true,"href":"https:\/\/baldumarket.lt\/lt\/wp-json\/wp\/v2\/media\/164740"}],"wp:attachment":[{"href":"https:\/\/baldumarket.lt\/lt\/wp-json\/wp\/v2\/media?parent=164739"}],"wp:term":[{"taxonomy":"product_brand","embeddable":true,"href":"https:\/\/baldumarket.lt\/lt\/wp-json\/wp\/v2\/product_brand?post=164739"},{"taxonomy":"product_cat","embeddable":true,"href":"https:\/\/baldumarket.lt\/lt\/wp-json\/wp\/v2\/product_cat?post=164739"},{"taxonomy":"product_tag","embeddable":true,"href":"https:\/\/baldumarket.lt\/lt\/wp-json\/wp\/v2\/product_tag?post=164739"}],"curies":[{"name":"wp","href":"https:\/\/api.w.org\/{rel}","templated":true}]}}