{"id":164735,"date":"2025-12-19T13:35:10","date_gmt":"2025-12-19T10:35:10","guid":{"rendered":"https:\/\/baldumarket.lt\/product\/pozzi-pozf01-komoda-rtv-1-drzwiowa-szarozielony-dab-coast-evoke\/"},"modified":"2026-04-06T17:40:48","modified_gmt":"2026-04-06T14:40:48","slug":"pozzi-pozf01-komoda-rtv-1-drzwiowa-szarozielony-dab-coast-evoke","status":"publish","type":"product","link":"https:\/\/baldumarket.lt\/lt\/product\/pozzi-pozf01-komoda-rtv-1-drzwiowa-szarozielony-dab-coast-evoke\/","title":{"rendered":"Pozzi POZF01 \u2013 1 dur\u0173 televizoriaus spintel\u0117 pilkai \u017ealios \/ pakrant\u0117s \u0105\u017euolo spalvos"},"content":{"rendered":"<p>\u201eMeble W\u00f3jcik\u201c \u201ePozzi POZF01\u201c televizoriaus staliukas yra modernaus gro\u017eio ir funkcionalumo kvintesencija. D\u0117l unikalaus pilkai \u017ealios spalvos ir \u201eCoast Evoke\u201c \u0105\u017euolo derinio \u0161is eleganti\u0161kas staliukas taps stilingu akcentu bet kurioje svetain\u0117je. Prislopintos spalvos harmoningai papildys interjero dizain\u0105 ir pabr\u0117\u0161 individual\u0173 erdv\u0117s charakter\u012f.<\/p>\n<p>Modernios linijos ir minimalistinis dizainas leid\u017eia \u201ePozzi POZF01\u201c puikiai atitikti dabartines interjero dizaino tendencijas. Sistema be ranken\u0117li\u0173 ir stumdomos fasad\u0173 durys pabr\u0117\u017eia jo elegancij\u0105, tod\u0117l \u0161is baldas yra ne tik vizualiai patrauklus, bet ir itin prakti\u0161kas kasdieniam naudojimui. D\u0117l gerai apgalvoto dizaino galite b\u016bti tikri, kad visi reikalingi daiktai visada bus ranka pasiekiami ir tvarkingai sud\u0117ti.<\/p>\n<p>\u0160io stovo funkcionalumas neatsiejamas nuo estetikos. Tvirta laminuota plok\u0161t\u0117 ir MDF fasadai garantuoja patvarum\u0105 ir stabilum\u0105 ilgus metus. Papildomos metalin\u0117s kojel\u0117s ne tik palaiko vis\u0105 konstrukcij\u0105, bet ir suteikia lengvumo bei modernios elegancijos, puikiai papildydamos neapdorot\u0105, industrin\u012f interjero charakter\u012f.<\/p>\n<p>\u201ePozzi POZF01\u201c indauja lengvai surenkama ir gali b\u016bti pritaikyta pagal j\u016bs\u0173 pageidavimus ir poreikius. Tai daro j\u0105 dar patrauklesniu pasirinkimu tiems, kurie vertina interjero dizain\u0105. Padarykite \u012fsp\u016bd\u012f savo sve\u010diams ir suteikite savo kambariui elegancijos bei funkcionalumo su \u0161iuo unikaliu televizoriaus staliuku.<\/p>\n<p>Pasirinkdami \u201ePozzi POZF01\u201c indauja, investuojate \u012f bald\u0105, kuris derina gro\u017e\u012f ir prakti\u0161kum\u0105. Tai puikus pasirinkimas tiems, kurie ie\u0161ko bald\u0173, kurie suteiks unikalumo j\u0173 interjerui ir palengvins kasdien\u012f gyvenim\u0105. Palepinkite save prabangos ir komforto prisilietimu.<\/p>","protected":false},"excerpt":{"rendered":"<p>Plotis (cm): 180<br \/>\n\u016agis (cm): 73,2<br \/>\nGylis (cm): 40<\/p>","protected":false},"featured_media":164736,"comment_status":"open","ping_status":"open","template":"","meta":[],"product_brand":[],"product_cat":[9493,4107,1175],"product_tag":[],"class_list":{"0":"post-164735","1":"product","2":"type-product","3":"status-publish","4":"has-post-thumbnail","6":"product_cat-furniture-system-pozzi-wojcik-meble","7":"product_cat-meble-wojcik","8":"product_cat-tv-stands","10":"first","11":"instock","12":"purchasable","13":"product-type-simple"},"_links":{"self":[{"href":"https:\/\/baldumarket.lt\/lt\/wp-json\/wp\/v2\/product\/164735","targetHints":{"allow":["GET"]}}],"collection":[{"href":"https:\/\/baldumarket.lt\/lt\/wp-json\/wp\/v2\/product"}],"about":[{"href":"https:\/\/baldumarket.lt\/lt\/wp-json\/wp\/v2\/types\/product"}],"replies":[{"embeddable":true,"href":"https:\/\/baldumarket.lt\/lt\/wp-json\/wp\/v2\/comments?post=164735"}],"wp:featuredmedia":[{"embeddable":true,"href":"https:\/\/baldumarket.lt\/lt\/wp-json\/wp\/v2\/media\/164736"}],"wp:attachment":[{"href":"https:\/\/baldumarket.lt\/lt\/wp-json\/wp\/v2\/media?parent=164735"}],"wp:term":[{"taxonomy":"product_brand","embeddable":true,"href":"https:\/\/baldumarket.lt\/lt\/wp-json\/wp\/v2\/product_brand?post=164735"},{"taxonomy":"product_cat","embeddable":true,"href":"https:\/\/baldumarket.lt\/lt\/wp-json\/wp\/v2\/product_cat?post=164735"},{"taxonomy":"product_tag","embeddable":true,"href":"https:\/\/baldumarket.lt\/lt\/wp-json\/wp\/v2\/product_tag?post=164735"}],"curies":[{"name":"wp","href":"https:\/\/api.w.org\/{rel}","templated":true}]}}