{"id":164730,"date":"2025-12-19T13:34:59","date_gmt":"2025-12-19T10:34:59","guid":{"rendered":"https:\/\/baldumarket.lt\/product\/pozzi-pozf02-komoda-rtv-1-drzwiowa-szarozielony-dab-coast-evoke\/"},"modified":"2026-04-06T17:40:32","modified_gmt":"2026-04-06T14:40:32","slug":"pozzi-pozf02-komoda-rtv-1-drzwiowa-szarozielony-dab-coast-evoke","status":"publish","type":"product","link":"https:\/\/baldumarket.lt\/lt\/product\/pozzi-pozf02-komoda-rtv-1-drzwiowa-szarozielony-dab-coast-evoke\/","title":{"rendered":"Pozzi POZF02 \u2013 1 dur\u0173 televizoriaus spintel\u0117 pilkai \u017ealios \/ pakrant\u0117s \u0105\u017euolo spalvos"},"content":{"rendered":"<p>Atraskite nauj\u0105 elegancijos dimensij\u0105 su \u201eMeble W\u00f3jcik\u201c \u201ePozzi POZF02\u201c televizoriaus staliuku. \u0160is stilingas baldas derina modern\u0173 dizain\u0105 su prakti\u0161kais sprendimais, suteikdamas gaivumo bet kokiam interjerui. Pilkai \u017ealias korpusas sukuria subtil\u0173 kontrast\u0105 su i\u0161rai\u0161kingais \u201eCoast Evoke Oak\u201c fasadais, suteikdamas visam baldui unikalaus charakterio. \u201ePozzi POZF02\u201c indauja yra tikras svetain\u0117s puo\u0161muo, kuris prad\u017eiugins tiek minimalistus, tiek moderni\u0173 tendencij\u0173 entuziastus. D\u0117m\u0117ms atsparus laminuotas pavir\u0161ius garantuoja patvarum\u0105 ir lengv\u0105 valym\u0105. D\u0117l priekin\u0117s sistemos be ranken\u0117li\u0173, indauja atrodo esteti\u0161kai patraukliai ir harmoningai. \u0160io televizoriaus staliuko funkcionalumas per\u017eengia jo estetikos ribas. Stumdoma priekin\u0117 sistema leid\u017eia patogiai ir lengvai i\u0161naudoti daikt\u0173 laikymo viet\u0105, kuri yra ne\u012fkainojama kasdieniame naudojime. Metalin\u0117s kojel\u0117s suteikia konstrukcijai lengvumo ir stabilumo, pabr\u0117\u017eiant jos modern\u0173 charakter\u012f.<\/p>","protected":false},"excerpt":{"rendered":"<p>Plotis (cm): 180<br \/>\n\u016agis (cm): 50,8<br \/>\nGylis (cm): 40<\/p>","protected":false},"featured_media":164731,"comment_status":"open","ping_status":"open","template":"","meta":[],"product_brand":[],"product_cat":[9493,4107,1175],"product_tag":[],"class_list":{"0":"post-164730","1":"product","2":"type-product","3":"status-publish","4":"has-post-thumbnail","6":"product_cat-furniture-system-pozzi-wojcik-meble","7":"product_cat-meble-wojcik","8":"product_cat-tv-stands","10":"first","11":"instock","12":"purchasable","13":"product-type-simple"},"_links":{"self":[{"href":"https:\/\/baldumarket.lt\/lt\/wp-json\/wp\/v2\/product\/164730","targetHints":{"allow":["GET"]}}],"collection":[{"href":"https:\/\/baldumarket.lt\/lt\/wp-json\/wp\/v2\/product"}],"about":[{"href":"https:\/\/baldumarket.lt\/lt\/wp-json\/wp\/v2\/types\/product"}],"replies":[{"embeddable":true,"href":"https:\/\/baldumarket.lt\/lt\/wp-json\/wp\/v2\/comments?post=164730"}],"wp:featuredmedia":[{"embeddable":true,"href":"https:\/\/baldumarket.lt\/lt\/wp-json\/wp\/v2\/media\/164731"}],"wp:attachment":[{"href":"https:\/\/baldumarket.lt\/lt\/wp-json\/wp\/v2\/media?parent=164730"}],"wp:term":[{"taxonomy":"product_brand","embeddable":true,"href":"https:\/\/baldumarket.lt\/lt\/wp-json\/wp\/v2\/product_brand?post=164730"},{"taxonomy":"product_cat","embeddable":true,"href":"https:\/\/baldumarket.lt\/lt\/wp-json\/wp\/v2\/product_cat?post=164730"},{"taxonomy":"product_tag","embeddable":true,"href":"https:\/\/baldumarket.lt\/lt\/wp-json\/wp\/v2\/product_tag?post=164730"}],"curies":[{"name":"wp","href":"https:\/\/api.w.org\/{rel}","templated":true}]}}