{"id":164726,"date":"2025-12-19T13:34:50","date_gmt":"2025-12-19T10:34:50","guid":{"rendered":"https:\/\/baldumarket.lt\/product\/fano-fanf01-komoda-rtv-2-szuflady-kaszmir-dab-karmel\/"},"modified":"2026-04-06T17:40:32","modified_gmt":"2026-04-06T14:40:32","slug":"fano-fanf01-komoda-rtv-2-szuflady-kaszmir-dab-karmel","status":"publish","type":"product","link":"https:\/\/baldumarket.lt\/lt\/product\/fano-fanf01-komoda-rtv-2-szuflady-kaszmir-dab-karmel\/","title":{"rendered":"Fano FANF01 \u2013 2 stal\u010di\u0173 TV spintel\u0117, ka\u0161myro\/karamel\u0117s \u0105\u017euolo spalvos"},"content":{"rendered":"<p>Pristatome Jums eleganti\u0161k\u0105 \u201eFano FANF01\u201c televizoriaus staliuk\u0105, kuris \u012fk\u016bnija tobul\u0105 rafinuotos i\u0161vaizdos ir prakti\u0161kumo derin\u012f. Minimalistinis ka\u0161myro dizainas su \u0161iltu karamelinio \u0105\u017euolo akcentu tikrai pritrauks bet kurio modernaus interjero dizaino myl\u0117tojo d\u0117mes\u012f. Tai puikus sprendimas norint suteikti savo svetainei unikalaus stiliaus ir klas\u0117s akcent\u0105.<\/p>\n<p>\u201eFano FANF01\u201c televizoriaus staliukas sukurtas atsi\u017evelgiant \u012f kasdien\u012f naudojim\u0105. D\u0117l dviej\u0173 erdvi\u0173 stal\u010di\u0173 jis puikiai tinka laikyti \u012fvairius multimedijos priedus. Patogios pilno i\u0161traukimo rutulini\u0173 guoli\u0173 b\u0117gel\u0117s u\u017etikrina skland\u0173 ir tyl\u0173 atidarym\u0105, tod\u0117l jis dar funkcionalesnis ir patogesnis naudoti.<\/p>\n<p>Pagamintas i\u0161 auk\u0161\u010diausios kokyb\u0117s laminuotos plok\u0161t\u0117s, stovas pasi\u017eymi tvirtumu ir ilgaam\u017ei\u0161kumu, u\u017etikrinan\u010diu, kad tarnaus ilgus metus. Ka\u0161myro spalva priekin\u0117je dalyje kartu su karamelinio \u0105\u017euolo spalva korpuse sukuria ne\u012ftik\u0117tinai stiling\u0105 kontrast\u0105, kuris puikiai papildys bet kok\u012f modern\u0173 interjer\u0105. Plastikin\u0117s kojel\u0117s suteikia modernumo ir u\u017etikrina stabilum\u0105.<\/p>\n<p>Ne tik estetinis patrauklumas, bet ir paprastas surinkimas daro \u201eFano FANF01\u201c televizoriaus stov\u0105 puikiu pasirinkimu. \u0160is gaminys, sukurtas savaranki\u0161kam surinkimui, taupo laik\u0105 ir suteikia laisv\u0119 susikurti interjer\u0105 pagal savo skon\u012f. Tai puikus sprendimas visiems, kurie vertina komfort\u0105 ir estetik\u0105 viename.<\/p>\n<p>Pasirinkdami \u201eMeble W\u00f3jcik\u201c \u201eFano FANF01\u201c televizoriaus stov\u0105, investuojate \u012f auk\u0161\u010diausi\u0105 kokyb\u0119, stili\u0173 ir prakti\u0161kum\u0105, kurie patenkins net ir i\u0161rankiausi\u0173 klient\u0173 l\u016bkes\u010dius. Su \u0161iuo i\u0161skirtiniu stovu suteikite savo svetainei unikalaus \u017eavesio ir klas\u0117s.<\/p>","protected":false},"excerpt":{"rendered":"<p>Plotis (cm): 150<br \/>\n\u016agis (cm): 46,5<br \/>\nGylis (cm): 40<\/p>","protected":false},"featured_media":164727,"comment_status":"open","ping_status":"open","template":"","meta":[],"product_brand":[],"product_cat":[9479,4107,1175],"product_tag":[],"class_list":{"0":"post-164726","1":"product","2":"type-product","3":"status-publish","4":"has-post-thumbnail","6":"product_cat-furniture-system-fano-wojcik-meble","7":"product_cat-meble-wojcik","8":"product_cat-tv-stands","10":"first","11":"instock","12":"purchasable","13":"product-type-simple"},"_links":{"self":[{"href":"https:\/\/baldumarket.lt\/lt\/wp-json\/wp\/v2\/product\/164726","targetHints":{"allow":["GET"]}}],"collection":[{"href":"https:\/\/baldumarket.lt\/lt\/wp-json\/wp\/v2\/product"}],"about":[{"href":"https:\/\/baldumarket.lt\/lt\/wp-json\/wp\/v2\/types\/product"}],"replies":[{"embeddable":true,"href":"https:\/\/baldumarket.lt\/lt\/wp-json\/wp\/v2\/comments?post=164726"}],"wp:featuredmedia":[{"embeddable":true,"href":"https:\/\/baldumarket.lt\/lt\/wp-json\/wp\/v2\/media\/164727"}],"wp:attachment":[{"href":"https:\/\/baldumarket.lt\/lt\/wp-json\/wp\/v2\/media?parent=164726"}],"wp:term":[{"taxonomy":"product_brand","embeddable":true,"href":"https:\/\/baldumarket.lt\/lt\/wp-json\/wp\/v2\/product_brand?post=164726"},{"taxonomy":"product_cat","embeddable":true,"href":"https:\/\/baldumarket.lt\/lt\/wp-json\/wp\/v2\/product_cat?post=164726"},{"taxonomy":"product_tag","embeddable":true,"href":"https:\/\/baldumarket.lt\/lt\/wp-json\/wp\/v2\/product_tag?post=164726"}],"curies":[{"name":"wp","href":"https:\/\/api.w.org\/{rel}","templated":true}]}}