{"id":164722,"date":"2025-12-19T13:34:40","date_gmt":"2025-12-19T10:34:40","guid":{"rendered":"https:\/\/baldumarket.lt\/product\/grano-grnf02-komoda-rtv-2d1s-dab-viking-szary-kosmos\/"},"modified":"2026-04-06T17:40:32","modified_gmt":"2026-04-06T14:40:32","slug":"grano-grnf02-komoda-rtv-2d1s-dab-viking-szary-kosmos","status":"publish","type":"product","link":"https:\/\/baldumarket.lt\/lt\/product\/grano-grnf02-komoda-rtv-2d1s-dab-viking-szary-kosmos\/","title":{"rendered":"Grano GRNF02 \u2013 2D1S TV spintel\u0117, Viking \u0105\u017euolo\/pilkos spalvos"},"content":{"rendered":"<p>Stilingas \u201eMeble W\u00f3jcik\u201c \u201eGrano GRNF02\u201c televizoriaus staliukas \u2013 tai tobulas modernaus dizaino ir funkcionalumo derinys. Pagamintas i\u0161 eleganti\u0161ko viking\u0173 \u0105\u017euolo ir kosmin\u0117s pilkos spalvos derinio, \u0161is staliukas \u012fne\u0161 j\u016bs\u0173 interjerui gaivumo ir neprilygstamos elegancijos. Sodri MDF fasad\u0173 tekst\u016bra, deranti su laminuotu korpusu, paver\u010dia j\u012f i\u0161skirtinai esteti\u0161ku bet kurio svetain\u0117s akcentu.<\/p>\n<p>\u201eGrano GRNF02\u201c televizoriaus staliukas buvo sukurtas atsi\u017evelgiant \u012f funkcionalum\u0105 ir maksimal\u0173 naudojimo patogum\u0105. 185,3 cm plo\u010dio jis puikiai talpina net didelius televizorius, paliekant vietos kitai elektronikai. Prakti\u0161kos spintel\u0117s ir stal\u010dius suteikia daug vietos priedams, laidams ir smulkiems daiktams laikyti, tod\u0117l j\u016bs\u0173 svetain\u0117 bus tvarkinga.<\/p>\n<p>Unikali \u0161velnaus u\u017edarymo sistema ir pilno i\u0161traukimo stal\u010diai leid\u017eia naudoti \u201eGrano GRNF02\u201c i\u0161skirtinai patogiai ir tyliai. Auk\u0161tos kokyb\u0117s vyriai ir rutuliniai guoliai garantuoja patvarum\u0105 ir be r\u016bpes\u010di\u0173 naudojim\u0105 ilgus metus. Plastikin\u0117s kojel\u0117s ir rankenos yra ne tik patvarios, bet ir suteikia komodai moderni\u0105 i\u0161vaizd\u0105.<\/p>\n<p>Minimalistinis, ta\u010diau ak\u012f traukiantis \u201eGrano GRNF02\u201c dizainas puikiai tinka tiek moderniam, tiek klasikiniam interjerui. Eleganti\u0161ka i\u0161vaizda ir auk\u0161tos kokyb\u0117s med\u017eiagos puikiai dera prie bet kurio svetain\u0117s kambario, suteikdamos jam unikalaus \u017eavesio ir i\u0161skirtinio charakterio.<\/p>\n<p>\u201eGrano GRNF02\u201c indauja si\u016bloma savaranki\u0161kam surinkimui, tod\u0117l j\u0105 galima greitai ir lengvai surinkti namuose. D\u0117l kruop\u0161\u010diai paruo\u0161t\u0173 komponent\u0173 ir prid\u0117t\u0173 instrukcij\u0173 surinkimas yra paprastas ir intuityvus, o galutinis rezultatas tikrai jus prad\u017eiugins. Palepinkite save prabangos prisilietimu ir i\u0161sirinkite televizoriaus staliuk\u0105, kuris pakeis j\u016bs\u0173 svetain\u0117s i\u0161vaizd\u0105.<\/p>","protected":false},"excerpt":{"rendered":"<p>Plotis (cm): 185,3<br \/>\n\u016agis (cm): 55,8<br \/>\nGylis (cm): 40,9<\/p>","protected":false},"featured_media":164723,"comment_status":"open","ping_status":"open","template":"","meta":[],"product_brand":[],"product_cat":[9482,4107,1175],"product_tag":[],"class_list":{"0":"post-164722","1":"product","2":"type-product","3":"status-publish","4":"has-post-thumbnail","6":"product_cat-furniture-system-grano-wojcik-meble","7":"product_cat-meble-wojcik","8":"product_cat-tv-stands","10":"first","11":"instock","12":"purchasable","13":"product-type-simple"},"_links":{"self":[{"href":"https:\/\/baldumarket.lt\/lt\/wp-json\/wp\/v2\/product\/164722","targetHints":{"allow":["GET"]}}],"collection":[{"href":"https:\/\/baldumarket.lt\/lt\/wp-json\/wp\/v2\/product"}],"about":[{"href":"https:\/\/baldumarket.lt\/lt\/wp-json\/wp\/v2\/types\/product"}],"replies":[{"embeddable":true,"href":"https:\/\/baldumarket.lt\/lt\/wp-json\/wp\/v2\/comments?post=164722"}],"wp:featuredmedia":[{"embeddable":true,"href":"https:\/\/baldumarket.lt\/lt\/wp-json\/wp\/v2\/media\/164723"}],"wp:attachment":[{"href":"https:\/\/baldumarket.lt\/lt\/wp-json\/wp\/v2\/media?parent=164722"}],"wp:term":[{"taxonomy":"product_brand","embeddable":true,"href":"https:\/\/baldumarket.lt\/lt\/wp-json\/wp\/v2\/product_brand?post=164722"},{"taxonomy":"product_cat","embeddable":true,"href":"https:\/\/baldumarket.lt\/lt\/wp-json\/wp\/v2\/product_cat?post=164722"},{"taxonomy":"product_tag","embeddable":true,"href":"https:\/\/baldumarket.lt\/lt\/wp-json\/wp\/v2\/product_tag?post=164722"}],"curies":[{"name":"wp","href":"https:\/\/api.w.org\/{rel}","templated":true}]}}