{"id":164718,"date":"2025-12-19T13:34:32","date_gmt":"2025-12-19T10:34:32","guid":{"rendered":"https:\/\/baldumarket.lt\/product\/grano-grnf01-komoda-rtv-2d1s-dab-viking-szary-kosmos\/"},"modified":"2026-04-06T17:40:32","modified_gmt":"2026-04-06T14:40:32","slug":"grano-grnf01-komoda-rtv-2d1s-dab-viking-szary-kosmos","status":"publish","type":"product","link":"https:\/\/baldumarket.lt\/lt\/product\/grano-grnf01-komoda-rtv-2d1s-dab-viking-szary-kosmos\/","title":{"rendered":"Grano GRNF01 \u2013 2D1S TV spintel\u0117, Viking \u0105\u017euolo\/pilkos spalvos"},"content":{"rendered":"<p>Atraskite elegancij\u0105 ir modern\u0173 dizain\u0105 su \u201eGrano GRNF01\u201c televizoriaus staliuku, kuris j\u016bs\u0173 interjerui suteiks harmonijos ir stiliaus. \u0160is eleganti\u0161kas baldas i\u0161siskiria viking\u0173 \u0105\u017euolo ir kosmin\u0117s pilkos spalv\u0173 deriniu, suteikian\u010diu jam unikali\u0105 i\u0161vaizd\u0105. 157 cm plo\u010dio, 55,8 cm auk\u0161\u010dio ir 40,9 cm gylio staliukas puikiai dera prie \u012fvairi\u0173 interjer\u0173, tiek ma\u017eesniuose, tiek didesniuose kambariuose.<\/p>\n<p>\u201eGrano GRNF01\u201c stovas traukia ak\u012f eleganti\u0161kais MDF fasadais, kurie suteikia jam prabangos poj\u016bt\u012f. Laminuotos plok\u0161t\u0117s korpusas su nepriekai\u0161tinga viking\u0173 \u0105\u017euolo medienos tekst\u016bra suteikia jaukumo, tod\u0117l j\u016bs\u0173 svetain\u0117 tampa dar patrauklesn\u0117. Pilka priekin\u0117 dalis suteikia modernumo, pabr\u0117\u017eian\u010dio nesenstant\u012f \u0161io stovo \u017eaves\u012f.<\/p>\n<p>\u201eGrano GRNF01\u201c stovo funkcionalumas patenkins j\u016bs\u0173 kasdienius poreikius ir pasi\u016blys prakti\u0161kus bei esteti\u0161kai patrauklius sprendimus. Spintel\u0117 su durel\u0117mis ir stal\u010diumi leid\u017eia laikyti \u012fvairius daiktus \u2013 nuo elektronikos iki smulki\u0173 daikt\u0173, kuriuos norite visada tur\u0117ti po ranka. \u0160velniai u\u017esidarantys vyriai ir pilno i\u0161traukimo rutuliniai guoliai u\u017etikrina komfort\u0105 ir netrukdom\u0105 ramyb\u0119 j\u016bs\u0173 namuose.<\/p>\n<p>Pasirink\u0119 \u201eGrano GRNF01\u201c komod\u0105, \u012fsigysite bald\u0105, kuris ne tik puo\u0161ia, bet ir supaprastina kasdien\u012f gyvenim\u0105. J\u012f lengva surinkti patiems, o eleganti\u0161kos rankenos ir tvirtos plastikin\u0117s kojel\u0117s puikiai dera prie modernaus interjero. Pasiruo\u0161kite m\u0117gautis gra\u017eia ir funkcionalia daikt\u0173 laikymo erdve savo namuose.<\/p>","protected":false},"excerpt":{"rendered":"<p>Plotis (cm): 157<br \/>\n\u016agis (cm): 55,8<br \/>\nGylis (cm): 40,9<\/p>","protected":false},"featured_media":164719,"comment_status":"open","ping_status":"open","template":"","meta":[],"product_brand":[],"product_cat":[9482,4107,1175],"product_tag":[],"class_list":{"0":"post-164718","1":"product","2":"type-product","3":"status-publish","4":"has-post-thumbnail","6":"product_cat-furniture-system-grano-wojcik-meble","7":"product_cat-meble-wojcik","8":"product_cat-tv-stands","10":"first","11":"instock","12":"purchasable","13":"product-type-simple"},"_links":{"self":[{"href":"https:\/\/baldumarket.lt\/lt\/wp-json\/wp\/v2\/product\/164718","targetHints":{"allow":["GET"]}}],"collection":[{"href":"https:\/\/baldumarket.lt\/lt\/wp-json\/wp\/v2\/product"}],"about":[{"href":"https:\/\/baldumarket.lt\/lt\/wp-json\/wp\/v2\/types\/product"}],"replies":[{"embeddable":true,"href":"https:\/\/baldumarket.lt\/lt\/wp-json\/wp\/v2\/comments?post=164718"}],"wp:featuredmedia":[{"embeddable":true,"href":"https:\/\/baldumarket.lt\/lt\/wp-json\/wp\/v2\/media\/164719"}],"wp:attachment":[{"href":"https:\/\/baldumarket.lt\/lt\/wp-json\/wp\/v2\/media?parent=164718"}],"wp:term":[{"taxonomy":"product_brand","embeddable":true,"href":"https:\/\/baldumarket.lt\/lt\/wp-json\/wp\/v2\/product_brand?post=164718"},{"taxonomy":"product_cat","embeddable":true,"href":"https:\/\/baldumarket.lt\/lt\/wp-json\/wp\/v2\/product_cat?post=164718"},{"taxonomy":"product_tag","embeddable":true,"href":"https:\/\/baldumarket.lt\/lt\/wp-json\/wp\/v2\/product_tag?post=164718"}],"curies":[{"name":"wp","href":"https:\/\/api.w.org\/{rel}","templated":true}]}}