{"id":164712,"date":"2025-12-19T13:34:20","date_gmt":"2025-12-19T10:34:20","guid":{"rendered":"https:\/\/baldumarket.lt\/product\/venezia-venf01-komoda-rtv-2d2s-biala-dab-vicenza-czarna\/"},"modified":"2026-04-06T17:40:32","modified_gmt":"2026-04-06T14:40:32","slug":"venezia-venf01-komoda-rtv-2d2s-biala-dab-vicenza-czarna","status":"publish","type":"product","link":"https:\/\/baldumarket.lt\/lt\/product\/venezia-venf01-komoda-rtv-2d2s-biala-dab-vicenza-czarna\/","title":{"rendered":"Venezia VENF01 \u2013 TV spintel\u0117 2D2S balta\/Vicenza \u0105\u017euolo juoda"},"content":{"rendered":"<p>Pristatome eleganti\u0161k\u0105 \u201eVenezia\u201c televizoriaus staliuk\u0105 \u2013 VENF01. \u0160is baldas puikiai derina funkcionalum\u0105 ir modern\u0173 dizain\u0105, sukurdamas nam\u0173 pramog\u0173 \u0161ird\u012f. Sukurtas tiems, kurie vertina ir gro\u017e\u012f, ir prakti\u0161kum\u0105, \u201eVenezia VENF01\u201c papildys bet kur\u012f skoningai dekoruot\u0105 svetain\u0119. Pagamintas i\u0161 auk\u0161\u010diausios kokyb\u0117s med\u017eiag\u0173, toki\u0173 kaip laminuota plok\u0161t\u0117 ir MDF, staliukas pasi\u017eymi patvarumu ir atsparumu kasdieniam d\u0117v\u0117jimuisi. Spintel\u0117s korpusas pagamintas i\u0161 laminuotos med\u017eio dro\u017eli\u0173 plok\u0161t\u0117s, pabr\u0117\u017eian\u010dios konstrukcijos tvirtum\u0105, o PVC pl\u0117vele padengti MDF fasadai \u017eavi estetika ir meistri\u0161kumu, be to, juos lengva valyti. VENF01 si\u016blo puiki\u0105 daikt\u0173 laikymo viet\u0105 d\u0117l savo matmen\u0173: plotis 161,4 cm, auk\u0161tis 64,5 cm ir gylis 40 cm. Jame yra du erdv\u016bs stal\u010diai ir dvi durel\u0117ms su \u0161velnaus u\u017edarymo sistema, u\u017etikrinan\u010dia komfort\u0105 ir ramyb\u0119 naudojantis staliuku. Papildoma atvira lentyna puikiai tinka pried\u0117liui ar \u017eaidim\u0173 konsolei, o specialios laid\u0173 skyl\u0117s i\u0161sprend\u017eia susiv\u0117lusi\u0173 laid\u0173 problem\u0105, palaikydamos tvark\u0105 ir harmonij\u0105 erdv\u0117je.<\/p>","protected":false},"excerpt":{"rendered":"<p>Plotis (cm): 161,4<br \/>\n\u016agis (cm): 64,5<br \/>\nGylis (cm): 40<\/p>","protected":false},"featured_media":164713,"comment_status":"open","ping_status":"open","template":"","meta":[],"product_brand":[],"product_cat":[9501,4107,1175],"product_tag":[],"class_list":{"0":"post-164712","1":"product","2":"type-product","3":"status-publish","4":"has-post-thumbnail","6":"product_cat-furniture-system-venezia-wojcik-meble","7":"product_cat-meble-wojcik","8":"product_cat-tv-stands","10":"first","11":"instock","12":"purchasable","13":"product-type-simple"},"_links":{"self":[{"href":"https:\/\/baldumarket.lt\/lt\/wp-json\/wp\/v2\/product\/164712","targetHints":{"allow":["GET"]}}],"collection":[{"href":"https:\/\/baldumarket.lt\/lt\/wp-json\/wp\/v2\/product"}],"about":[{"href":"https:\/\/baldumarket.lt\/lt\/wp-json\/wp\/v2\/types\/product"}],"replies":[{"embeddable":true,"href":"https:\/\/baldumarket.lt\/lt\/wp-json\/wp\/v2\/comments?post=164712"}],"wp:featuredmedia":[{"embeddable":true,"href":"https:\/\/baldumarket.lt\/lt\/wp-json\/wp\/v2\/media\/164713"}],"wp:attachment":[{"href":"https:\/\/baldumarket.lt\/lt\/wp-json\/wp\/v2\/media?parent=164712"}],"wp:term":[{"taxonomy":"product_brand","embeddable":true,"href":"https:\/\/baldumarket.lt\/lt\/wp-json\/wp\/v2\/product_brand?post=164712"},{"taxonomy":"product_cat","embeddable":true,"href":"https:\/\/baldumarket.lt\/lt\/wp-json\/wp\/v2\/product_cat?post=164712"},{"taxonomy":"product_tag","embeddable":true,"href":"https:\/\/baldumarket.lt\/lt\/wp-json\/wp\/v2\/product_tag?post=164712"}],"curies":[{"name":"wp","href":"https:\/\/api.w.org\/{rel}","templated":true}]}}