{"id":164707,"date":"2025-12-19T13:34:09","date_gmt":"2025-12-19T10:34:09","guid":{"rendered":"https:\/\/baldumarket.lt\/product\/twenty-twef01-komoda-rtv-1d2s-dab-honey-castello-biala-szara\/"},"modified":"2026-04-06T16:40:55","modified_gmt":"2026-04-06T13:40:55","slug":"twenty-twef01-komoda-rtv-1d2s-dab-honey-castello-biala-szara","status":"publish","type":"product","link":"https:\/\/baldumarket.lt\/lt\/product\/twenty-twef01-komoda-rtv-1d2s-dab-honey-castello-biala-szara\/","title":{"rendered":"Twenty TWEF01 \u2013 TV spintel\u0117, 1D2S, medaus \u0105\u017euolo spalvos, Castello\/balta\/pilka"},"content":{"rendered":"<p>Kvie\u010diame atrasti \u201eTwenty TWEF01\u201c televizoriaus staliuk\u0105 \u2013 funkcionalumo, modernaus dizaino ir i\u0161skirtinai patvari\u0173 med\u017eiag\u0173 derin\u012f. \u0160is baldas, elegancijos ir prakti\u0161kumo kvintesencija, sukurs jauki\u0105 atmosfer\u0105, kuri skatins atsipalaidavim\u0105 ir suartins \u0161eim\u0105 kartu leid\u017eiant akimirkas prie televizoriaus. 150 cm plo\u010dio, 50,8 cm auk\u0161\u010dio ir 40 cm gylio stovas pagamintas i\u0161 auk\u0161\u010diausios kokyb\u0117s laminuotos plok\u0161t\u0117s, kuri yra labai atspari \u012fbr\u0117\u017eimams ir lengvai valoma. Patvarus korpusas ir priekin\u0117 dalis pagaminti i\u0161 laminuotos med\u017eio dro\u017eli\u0173 plok\u0161t\u0117s, u\u017etikrinan\u010dios ilgalaik\u012f patvarum\u0105. \u201eTwenty TWEF01\u201c si\u016blo puiki\u0105 daikt\u0173 laikymo erdv\u0119 d\u0117l dviej\u0173 stal\u010di\u0173 ir vien\u0173 dureli\u0173, kurios beveik tyliai u\u017esidaro d\u0117l \u0161velniai u\u017esidaran\u010di\u0173 vyri\u0173. Tai leid\u017eia lengvai susid\u0117ti b\u016btiniausius priedus ir palaikyti tvark\u0105 pramog\u0173 zonoje. Stal\u010di\u0173 b\u0117geliai leid\u017eia visi\u0161kai i\u0161traukti stal\u010di\u0173, palengvinant prieig\u0105 prie viso turinio ir u\u017etikrinant lengv\u0105 prieig\u0105 prie kiekvieno daikto. Patvarios plastikin\u0117s kojel\u0117s ir rankenos pabr\u0117\u017eia modern\u0173 komodos charakter\u012f ir u\u017etikrina jos stabilum\u0105.<\/p>","protected":false},"excerpt":{"rendered":"<p>Plotis (cm): 150<br \/>\n\u016agis (cm): 50,8<br \/>\nGylis (cm): 40<\/p>","protected":false},"featured_media":164708,"comment_status":"open","ping_status":"open","template":"","meta":[],"product_brand":[],"product_cat":[9500,4107,1175],"product_tag":[],"class_list":{"0":"post-164707","1":"product","2":"type-product","3":"status-publish","4":"has-post-thumbnail","6":"product_cat-furniture-system-twenty-wojcik-meble","7":"product_cat-meble-wojcik","8":"product_cat-tv-stands","10":"first","11":"instock","12":"purchasable","13":"product-type-simple"},"_links":{"self":[{"href":"https:\/\/baldumarket.lt\/lt\/wp-json\/wp\/v2\/product\/164707","targetHints":{"allow":["GET"]}}],"collection":[{"href":"https:\/\/baldumarket.lt\/lt\/wp-json\/wp\/v2\/product"}],"about":[{"href":"https:\/\/baldumarket.lt\/lt\/wp-json\/wp\/v2\/types\/product"}],"replies":[{"embeddable":true,"href":"https:\/\/baldumarket.lt\/lt\/wp-json\/wp\/v2\/comments?post=164707"}],"wp:featuredmedia":[{"embeddable":true,"href":"https:\/\/baldumarket.lt\/lt\/wp-json\/wp\/v2\/media\/164708"}],"wp:attachment":[{"href":"https:\/\/baldumarket.lt\/lt\/wp-json\/wp\/v2\/media?parent=164707"}],"wp:term":[{"taxonomy":"product_brand","embeddable":true,"href":"https:\/\/baldumarket.lt\/lt\/wp-json\/wp\/v2\/product_brand?post=164707"},{"taxonomy":"product_cat","embeddable":true,"href":"https:\/\/baldumarket.lt\/lt\/wp-json\/wp\/v2\/product_cat?post=164707"},{"taxonomy":"product_tag","embeddable":true,"href":"https:\/\/baldumarket.lt\/lt\/wp-json\/wp\/v2\/product_tag?post=164707"}],"curies":[{"name":"wp","href":"https:\/\/api.w.org\/{rel}","templated":true}]}}