{"id":164702,"date":"2025-12-19T13:33:59","date_gmt":"2025-12-19T10:33:59","guid":{"rendered":"https:\/\/baldumarket.lt\/product\/toledo-tolf02-komoda-rtv-2d1s-biala-stirling-oak\/"},"modified":"2026-04-06T16:40:55","modified_gmt":"2026-04-06T13:40:55","slug":"toledo-tolf02-komoda-rtv-2d1s-biala-stirling-oak","status":"publish","type":"product","link":"https:\/\/baldumarket.lt\/lt\/product\/toledo-tolf02-komoda-rtv-2d1s-biala-stirling-oak\/","title":{"rendered":"Toledo TOLF02 \u2013 TV spintel\u0117 2D1S balta\/Stirling \u0105\u017euolas"},"content":{"rendered":"<p>Pristatome Jums i\u0161skirtinai funkcional\u0173 ir stiling\u0105 \u201eToledo\u201c serijos televizoriaus staliuk\u0105 \u2013 model\u012f TOLF02, kuris i\u0161siskiria savo nesenstan\u010diu dizainu ir prakti\u0161kumu. \u0160is baldas sukurtas galvojant apie modernaus stiliaus ir auk\u0161tos kokyb\u0117s meistri\u0161kumo m\u0117g\u0117jus. 160 cm plo\u010dio, 48 cm auk\u0161\u010dio ir 40,1 cm gylio \u201eToledo TOLF02\u201c televizoriaus staliukas \u2013 puikus pasirinkimas moderniai svetainei. Spalva harmoningai derina nat\u016bral\u0173 Stirlingo \u0105\u017euolo atspalv\u012f su eleganti\u0161ka balta spalva, suteikdama interjerui \u0161ilt\u0105 ir gaiv\u0173 charakter\u012f. Balti MDF fasadai puikiai dera su auk\u0161tos kokyb\u0117s laminuotos med\u017eio dro\u017eli\u0173 plok\u0161t\u0117s korpusais, u\u017etikrindami patvarum\u0105 ir atsparum\u0105 kasdieniam naudojimui. \u0160is baldas buvo sukurtas atsi\u017evelgiant \u012f i\u0161ranki\u0173 vartotoj\u0173 poreikius. Atvira lentyna leid\u017eia patogiai i\u0161d\u0117styti televizoriaus \u012frang\u0105, o sumaniai i\u0161d\u0117stytos ventiliacijos angos u\u017etikrina tinkam\u0105 oro cirkuliacij\u0105, apsaugodamos elektronik\u0105 nuo perkaitimo. U\u017e balt\u0173, moderniai dekoruot\u0173 fasad\u0173 yra dvi erdvios ni\u0161os, kuriose diskreti\u0161kai galima laikyti filmus, \u017eaidimus ir kitus multimedijos priedus. Be to, vienas didelis, talpus stal\u010dius leid\u017eia sutvarkyti erdv\u0119 ir laikyti \u012fvairius daiktus.<\/p>","protected":false},"excerpt":{"rendered":"<p>Plotis (cm): 160<br \/>\n\u016agis (cm): 48<br \/>\nGylis (cm): 40,1<\/p>","protected":false},"featured_media":164703,"comment_status":"open","ping_status":"open","template":"","meta":[],"product_brand":[],"product_cat":[9499,4107,1175],"product_tag":[],"class_list":{"0":"post-164702","1":"product","2":"type-product","3":"status-publish","4":"has-post-thumbnail","6":"product_cat-furniture-system-toledo-wojcik-meble","7":"product_cat-meble-wojcik","8":"product_cat-tv-stands","10":"first","11":"instock","12":"purchasable","13":"product-type-simple"},"_links":{"self":[{"href":"https:\/\/baldumarket.lt\/lt\/wp-json\/wp\/v2\/product\/164702","targetHints":{"allow":["GET"]}}],"collection":[{"href":"https:\/\/baldumarket.lt\/lt\/wp-json\/wp\/v2\/product"}],"about":[{"href":"https:\/\/baldumarket.lt\/lt\/wp-json\/wp\/v2\/types\/product"}],"replies":[{"embeddable":true,"href":"https:\/\/baldumarket.lt\/lt\/wp-json\/wp\/v2\/comments?post=164702"}],"wp:featuredmedia":[{"embeddable":true,"href":"https:\/\/baldumarket.lt\/lt\/wp-json\/wp\/v2\/media\/164703"}],"wp:attachment":[{"href":"https:\/\/baldumarket.lt\/lt\/wp-json\/wp\/v2\/media?parent=164702"}],"wp:term":[{"taxonomy":"product_brand","embeddable":true,"href":"https:\/\/baldumarket.lt\/lt\/wp-json\/wp\/v2\/product_brand?post=164702"},{"taxonomy":"product_cat","embeddable":true,"href":"https:\/\/baldumarket.lt\/lt\/wp-json\/wp\/v2\/product_cat?post=164702"},{"taxonomy":"product_tag","embeddable":true,"href":"https:\/\/baldumarket.lt\/lt\/wp-json\/wp\/v2\/product_tag?post=164702"}],"curies":[{"name":"wp","href":"https:\/\/api.w.org\/{rel}","templated":true}]}}