{"id":164697,"date":"2025-12-19T13:33:49","date_gmt":"2025-12-19T10:33:49","guid":{"rendered":"https:\/\/baldumarket.lt\/product\/toledo-tolf01-komoda-rtv-2d1s-biala-stirling-oak\/"},"modified":"2026-04-06T16:40:55","modified_gmt":"2026-04-06T13:40:55","slug":"toledo-tolf01-komoda-rtv-2d1s-biala-stirling-oak","status":"publish","type":"product","link":"https:\/\/baldumarket.lt\/lt\/product\/toledo-tolf01-komoda-rtv-2d1s-biala-stirling-oak\/","title":{"rendered":"Toledo TOLF01 \u2013 2D1S TV spintel\u0117, balta\/Stirling \u0105\u017euolo spalvos"},"content":{"rendered":"<p>Sukurtas galvojant apie eleganti\u0161k\u0105 ir funkcional\u0173 interjer\u0105, \u201eToledo TOLF01\u201c televizoriaus staliukas derina minimalizm\u0105 su modernaus dizaino prakti\u0161kumu. \u0160is 140 cm plo\u010dio, 48 cm auk\u0161\u010dio ir 40,1 cm gylio baldas puikiai tiks j\u016bs\u0173 svetain\u0117je. Ry\u0161kus baltos ir Stirlingo \u0105\u017euolo spalv\u0173 derinys traukia ak\u012f ir suteikia bet kuriai erdvei \u0161ilumos. Pagamintas i\u0161 auk\u0161\u010diausios kokyb\u0117s med\u017eiag\u0173 \u2013 laminuotos plok\u0161t\u0117s, atsparios kasdieniam d\u0117v\u0117jimui, ir MDF fasad\u0173 \u2013 \u201eToledo\u201c televizoriaus staliukas yra baldas, kuris atlaikys laiko i\u0161bandym\u0105. Nat\u016brali Stirlingo \u0105\u017euolo spalva kartu su gryna balta sukuria harmoning\u0105 visum\u0105, kuri\u0105 galima laikyti unikaliu bet kurio kambario papildymu. \u0160iandieniniame pasaulyje, kai televizoriai, \u017eaidim\u0173 konsol\u0117s ir \u012fvairios garso sistemos yra neatsiejama m\u016bs\u0173 gyvenimo dalis, \u201eToledo TOLF01\u201c suteikia puikiai suplanuot\u0105 viet\u0105 televizijos \u012frangai ir priedams laikyti. D\u0117l atviros baldo lentynos galite lengvai pasid\u0117ti dekoderius ar konsol\u0119, tuo pa\u010diu pasinaudodami optimizuota ventiliacija, kuri\u0105 u\u017etikrina vir\u0161uje esan\u010dios ventiliacijos angos.<\/p>","protected":false},"excerpt":{"rendered":"<p>Plotis (cm): 140<br \/>\n\u016agis (cm): 48<br \/>\nGylis (cm): 40,1<\/p>","protected":false},"featured_media":164698,"comment_status":"open","ping_status":"open","template":"","meta":[],"product_brand":[],"product_cat":[9499,4107,1175],"product_tag":[],"class_list":{"0":"post-164697","1":"product","2":"type-product","3":"status-publish","4":"has-post-thumbnail","6":"product_cat-furniture-system-toledo-wojcik-meble","7":"product_cat-meble-wojcik","8":"product_cat-tv-stands","10":"first","11":"instock","12":"purchasable","13":"product-type-simple"},"_links":{"self":[{"href":"https:\/\/baldumarket.lt\/lt\/wp-json\/wp\/v2\/product\/164697","targetHints":{"allow":["GET"]}}],"collection":[{"href":"https:\/\/baldumarket.lt\/lt\/wp-json\/wp\/v2\/product"}],"about":[{"href":"https:\/\/baldumarket.lt\/lt\/wp-json\/wp\/v2\/types\/product"}],"replies":[{"embeddable":true,"href":"https:\/\/baldumarket.lt\/lt\/wp-json\/wp\/v2\/comments?post=164697"}],"wp:featuredmedia":[{"embeddable":true,"href":"https:\/\/baldumarket.lt\/lt\/wp-json\/wp\/v2\/media\/164698"}],"wp:attachment":[{"href":"https:\/\/baldumarket.lt\/lt\/wp-json\/wp\/v2\/media?parent=164697"}],"wp:term":[{"taxonomy":"product_brand","embeddable":true,"href":"https:\/\/baldumarket.lt\/lt\/wp-json\/wp\/v2\/product_brand?post=164697"},{"taxonomy":"product_cat","embeddable":true,"href":"https:\/\/baldumarket.lt\/lt\/wp-json\/wp\/v2\/product_cat?post=164697"},{"taxonomy":"product_tag","embeddable":true,"href":"https:\/\/baldumarket.lt\/lt\/wp-json\/wp\/v2\/product_tag?post=164697"}],"curies":[{"name":"wp","href":"https:\/\/api.w.org\/{rel}","templated":true}]}}