{"id":164691,"date":"2025-12-19T13:33:36","date_gmt":"2025-12-19T10:33:36","guid":{"rendered":"https:\/\/baldumarket.lt\/product\/shetland-typ-51-komoda-rtv-1d-3s-dab-shetland-szara\/"},"modified":"2026-04-06T17:40:32","modified_gmt":"2026-04-06T14:40:32","slug":"shetland-typ-51-komoda-rtv-1d-3s-dab-shetland-szara","status":"publish","type":"product","link":"https:\/\/baldumarket.lt\/lt\/product\/shetland-typ-51-komoda-rtv-1d-3s-dab-shetland-szara\/","title":{"rendered":"Shetland TYPE 51 \u2013 TV spintel\u0117 1D-3S Shetland \u0105\u017euolo\/pilkos spalvos"},"content":{"rendered":"<p>Patirkite nauj\u0105 elegancijos ir prakti\u0161kumo dimensij\u0105 savo svetain\u0117je su \u201eShetland TYP 51\u201c televizoriaus spintele, kurioje dera klasikinis \u0160etlando \u0105\u017euolo charakteris ir subtilus pilkos spalvos \u017eavesys. \u0160i unikali 136 cm plo\u010dio, 59,3 cm auk\u0161\u010dio ir 40 cm gylio televizoriaus spintel\u0117 puikiai dera tiek prie modernaus, tiek prie klasikinio interjero, suteikdama jiems unikal\u0173 stili\u0173. Pagaminta i\u0161 tvirtos laminuotos plok\u0161t\u0117s, ji u\u017etikrina patvarum\u0105 ir atsparum\u0105 kasdieniam naudojimui. \u201eShetland TYP 51\u201c dizaineriai sutelk\u0117 d\u0117mes\u012f \u012f subtil\u0173 horizontal\u0173 fasad\u0173 ra\u0161t\u0105, kuris puikiai papildo kontrastingus \u0105\u017euolo ir pilkos spalvos atspalvius. \u0160is dizainas ne tik patraukia ak\u012f, bet ir lengvai integruojasi \u012f \u012fvairius svetain\u0117s i\u0161d\u0117stymus. \u0160is baldas vien savo buvimu transformuoja aplinkin\u0119 erdv\u0119, suteikdamas jam charakterio ir sukurdamas jauki\u0105 atmosfer\u0105 tiek \u0161eimos nariams, tiek sve\u010diams. \u012e komod\u0105 \u012ftrauktos praktin\u0117s savyb\u0117s, \u012fskaitant tris erdvius stal\u010dius su patikimais ritininiais b\u0117geliais, kurie leid\u017eia skland\u017eiai ir tyliai atidaryti ir u\u017edaryti. Juose yra daug vietos multimedijos priedams, \u017eaidimams, DVD diskams ir kitiems smulkiems daiktams. Dvi lentynos u\u017e tvirto fasado suteikia papildomos vietos elektroniniams prietaisams ir padeda palaikyti tvark\u0105. Be ranken\u0117li\u0173 fasado sistema \u2013 tai tik vy\u0161nait\u0117 ant torto \u2013 ji ne tik u\u017etikrina paprast\u0105 naudojim\u0105, bet ir garantuoja modern\u0173 vaizd\u0105 be nereikaling\u0173 element\u0173.<\/p>","protected":false},"excerpt":{"rendered":"<p>Plotis (cm): 136<br \/>\n\u016agis (cm): 59,3<br \/>\nGylis (cm): 40<\/p>","protected":false},"featured_media":164692,"comment_status":"open","ping_status":"open","template":"","meta":[],"product_brand":[],"product_cat":[9465,4107,1175],"product_tag":[],"class_list":{"0":"post-164691","1":"product","2":"type-product","3":"status-publish","4":"has-post-thumbnail","6":"product_cat-furniture-system-shetland-wojcik-meble","7":"product_cat-meble-wojcik","8":"product_cat-tv-stands","10":"first","11":"instock","12":"purchasable","13":"product-type-simple"},"_links":{"self":[{"href":"https:\/\/baldumarket.lt\/lt\/wp-json\/wp\/v2\/product\/164691","targetHints":{"allow":["GET"]}}],"collection":[{"href":"https:\/\/baldumarket.lt\/lt\/wp-json\/wp\/v2\/product"}],"about":[{"href":"https:\/\/baldumarket.lt\/lt\/wp-json\/wp\/v2\/types\/product"}],"replies":[{"embeddable":true,"href":"https:\/\/baldumarket.lt\/lt\/wp-json\/wp\/v2\/comments?post=164691"}],"wp:featuredmedia":[{"embeddable":true,"href":"https:\/\/baldumarket.lt\/lt\/wp-json\/wp\/v2\/media\/164692"}],"wp:attachment":[{"href":"https:\/\/baldumarket.lt\/lt\/wp-json\/wp\/v2\/media?parent=164691"}],"wp:term":[{"taxonomy":"product_brand","embeddable":true,"href":"https:\/\/baldumarket.lt\/lt\/wp-json\/wp\/v2\/product_brand?post=164691"},{"taxonomy":"product_cat","embeddable":true,"href":"https:\/\/baldumarket.lt\/lt\/wp-json\/wp\/v2\/product_cat?post=164691"},{"taxonomy":"product_tag","embeddable":true,"href":"https:\/\/baldumarket.lt\/lt\/wp-json\/wp\/v2\/product_tag?post=164691"}],"curies":[{"name":"wp","href":"https:\/\/api.w.org\/{rel}","templated":true}]}}