{"id":164673,"date":"2025-12-19T13:32:58","date_gmt":"2025-12-19T10:32:58","guid":{"rendered":"https:\/\/baldumarket.lt\/product\/rivero-rivf01-komoda-rtv-1d2s-szara-dab-flagstaff-ciemna\/"},"modified":"2026-04-06T16:40:43","modified_gmt":"2026-04-06T13:40:43","slug":"rivero-rivf01-komoda-rtv-1d2s-szara-dab-flagstaff-ciemna","status":"publish","type":"product","link":"https:\/\/baldumarket.lt\/lt\/product\/rivero-rivf01-komoda-rtv-1d2s-szara-dab-flagstaff-ciemna\/","title":{"rendered":"Rivero RIVF01 \u2013 TV spintel\u0117 1D2S pilka\/tamsaus \u0105\u017euolo spalvos"},"content":{"rendered":"<p>Atraskite gro\u017e\u012f ir funkcionalum\u0105 viename i\u0161 \u201eRivero\u201c bald\u0173 \u2013 madingas RIVF01 1D2S televizoriaus staliukas pilkos ir tamsaus Flagstaff \u0105\u017euolo atspalvi\u0173 yra puikus pasirinkimas tiems, kurie vertina modern\u0173 dizain\u0105 ir naudojimo paprastum\u0105. 188,6 cm plo\u010dio staliukas atrodo \u012fsp\u016bdingai, neu\u017eimdamas erdv\u0117s, o 64,5 cm auk\u0161tis ir 40 cm gylis u\u017etikrina idealias proporcijas ir talp\u0105, tinkan\u010di\u0105 net ir pa\u017eangiausioms televizijos sistemoms. Po eleganti\u0161ka \u201eRivero\u201c televizoriaus staliuko i\u0161vaizda slypi tvirta laminuotos plok\u0161t\u0117s konstrukcija, garantuojanti patvarum\u0105 ir lengv\u0105 prie\u017ei\u016br\u0105. \u0160iltas tamsaus Flagstaff \u0105\u017euolo i\u0161orinis pavir\u0161ius kontrastuoja su prislopintomis pilkomis fasad\u0173 spalvomis, sukurdamas vizualiai patraukl\u0173 derin\u012f, kuris papildo \u012fvairius interjero dizainus. Esteti\u0161kas metalinis r\u0117mas suteikia baldui lengvumo ir dera tiek su industriniu, tiek su moderniu stiliumi. Du stal\u010diai, kiekvienas su \u0161velnaus u\u017edarymo sistema, leid\u017eia diskreti\u0161kai susid\u0117ti priedus, o atviros lentynos idealiai tinka pried\u0117liams, konsol\u0117ms ar grotuvams. Spintel\u0117je yra prakti\u0161ki kabeli\u0173 lizdai, tod\u0117l lengva palaikyti tvark\u0105 ir tvarking\u0105 viso televizoriaus i\u0161vaizd\u0105.<\/p>","protected":false},"excerpt":{"rendered":"<p>Plotis (cm): 188,6<br \/>\n\u016agis (cm): 64,5<br \/>\nGylis (cm): 40<\/p>","protected":false},"featured_media":164674,"comment_status":"open","ping_status":"open","template":"","meta":[],"product_brand":[],"product_cat":[9496,4107,1175],"product_tag":[],"class_list":{"0":"post-164673","1":"product","2":"type-product","3":"status-publish","4":"has-post-thumbnail","6":"product_cat-furniture-system-rivero-wojcik-meble","7":"product_cat-meble-wojcik","8":"product_cat-tv-stands","10":"first","11":"instock","12":"purchasable","13":"product-type-simple"},"_links":{"self":[{"href":"https:\/\/baldumarket.lt\/lt\/wp-json\/wp\/v2\/product\/164673","targetHints":{"allow":["GET"]}}],"collection":[{"href":"https:\/\/baldumarket.lt\/lt\/wp-json\/wp\/v2\/product"}],"about":[{"href":"https:\/\/baldumarket.lt\/lt\/wp-json\/wp\/v2\/types\/product"}],"replies":[{"embeddable":true,"href":"https:\/\/baldumarket.lt\/lt\/wp-json\/wp\/v2\/comments?post=164673"}],"wp:featuredmedia":[{"embeddable":true,"href":"https:\/\/baldumarket.lt\/lt\/wp-json\/wp\/v2\/media\/164674"}],"wp:attachment":[{"href":"https:\/\/baldumarket.lt\/lt\/wp-json\/wp\/v2\/media?parent=164673"}],"wp:term":[{"taxonomy":"product_brand","embeddable":true,"href":"https:\/\/baldumarket.lt\/lt\/wp-json\/wp\/v2\/product_brand?post=164673"},{"taxonomy":"product_cat","embeddable":true,"href":"https:\/\/baldumarket.lt\/lt\/wp-json\/wp\/v2\/product_cat?post=164673"},{"taxonomy":"product_tag","embeddable":true,"href":"https:\/\/baldumarket.lt\/lt\/wp-json\/wp\/v2\/product_tag?post=164673"}],"curies":[{"name":"wp","href":"https:\/\/api.w.org\/{rel}","templated":true}]}}