{"id":164668,"date":"2025-12-19T13:32:47","date_gmt":"2025-12-19T10:32:47","guid":{"rendered":"https:\/\/baldumarket.lt\/product\/perazzo-pezf02-komoda-rtv-2s-antracyt-dab-amaretto-hudson\/"},"modified":"2026-04-06T16:40:43","modified_gmt":"2026-04-06T13:40:43","slug":"perazzo-pezf02-komoda-rtv-2s-antracyt-dab-amaretto-hudson","status":"publish","type":"product","link":"https:\/\/baldumarket.lt\/lt\/product\/perazzo-pezf02-komoda-rtv-2s-antracyt-dab-amaretto-hudson\/","title":{"rendered":"Perazzo PEZF02 \u2013 2S TV spintel\u0117, antracito\/\u0105\u017euolo spalvos, Amaretto, Hudson"},"content":{"rendered":"<p>Atraskite tobul\u0105 dizain\u0105 ir funkcionalum\u0105 viename \u2013 pristatome \u201ePerazzo PEZF02\u201c \u2013 televizoriaus staliuk\u0105, kuris puikiai derina modern\u0173 antracito elegancij\u0105 su \u0161iltu \u201eHudson Amaretto Oak\u201c medienos aromatu. \u0160is baldas skirtas tiems, kurie ie\u0161ko originali\u0173 sprendim\u0173, kurie pakeis j\u0173 svetain\u0117s stili\u0173, suteikdami jai kaimi\u0161kos atmosferos. 199,6 cm plo\u010dio, 59,7 cm auk\u0161\u010dio ir 40 cm gylio \u201ePerazzo PEZF02\u201c si\u016blo daug vietos naujausiai elektronikai ir patogiai saugoti film\u0173, \u017eaidim\u0173 ir aksesuar\u0173 kolekcij\u0105. Be estetinio patrauklumo, m\u016bs\u0173 televizoriaus staliukas su\u017eav\u0117s j\u016bs\u0173 estetikos poj\u016bt\u012f nat\u016bralia, ta\u010diau modernia i\u0161vaizda. Visas baldas pagamintas i\u0161 auk\u0161tos kokyb\u0117s laminuotos plok\u0161t\u0117s, kurios vizualinis efektas labai primena nat\u016brali\u0105 medienos tekst\u016br\u0105, sustiprindamas tradicinio interjero gro\u017e\u012f. Tai suderina estetik\u0105 ir kain\u0105 neaukojant kokyb\u0117s. Du erdv\u016bs stal\u010diai juda patvariais rutuliniais guoliais, tod\u0117l juos galima visi\u0161kai i\u0161traukti, o minimalistinio dizaino metalini\u0173 ranken\u0117li\u0173 d\u0117ka kiekvienas judesys yra intuityvus ir malonus.<\/p>","protected":false},"excerpt":{"rendered":"<p>Plotis (cm): 199,6<br \/>\n\u016agis (cm): 59,7<br \/>\nGylis (cm): 40<\/p>","protected":false},"featured_media":164669,"comment_status":"open","ping_status":"open","template":"","meta":[],"product_brand":[],"product_cat":[9464,4107,1175],"product_tag":[],"class_list":{"0":"post-164668","1":"product","2":"type-product","3":"status-publish","4":"has-post-thumbnail","6":"product_cat-furniture-system-perazzo-wojcik-meble","7":"product_cat-meble-wojcik","8":"product_cat-tv-stands","10":"first","11":"instock","12":"purchasable","13":"product-type-simple"},"_links":{"self":[{"href":"https:\/\/baldumarket.lt\/lt\/wp-json\/wp\/v2\/product\/164668","targetHints":{"allow":["GET"]}}],"collection":[{"href":"https:\/\/baldumarket.lt\/lt\/wp-json\/wp\/v2\/product"}],"about":[{"href":"https:\/\/baldumarket.lt\/lt\/wp-json\/wp\/v2\/types\/product"}],"replies":[{"embeddable":true,"href":"https:\/\/baldumarket.lt\/lt\/wp-json\/wp\/v2\/comments?post=164668"}],"wp:featuredmedia":[{"embeddable":true,"href":"https:\/\/baldumarket.lt\/lt\/wp-json\/wp\/v2\/media\/164669"}],"wp:attachment":[{"href":"https:\/\/baldumarket.lt\/lt\/wp-json\/wp\/v2\/media?parent=164668"}],"wp:term":[{"taxonomy":"product_brand","embeddable":true,"href":"https:\/\/baldumarket.lt\/lt\/wp-json\/wp\/v2\/product_brand?post=164668"},{"taxonomy":"product_cat","embeddable":true,"href":"https:\/\/baldumarket.lt\/lt\/wp-json\/wp\/v2\/product_cat?post=164668"},{"taxonomy":"product_tag","embeddable":true,"href":"https:\/\/baldumarket.lt\/lt\/wp-json\/wp\/v2\/product_tag?post=164668"}],"curies":[{"name":"wp","href":"https:\/\/api.w.org\/{rel}","templated":true}]}}